{"id":8977,"date":"2024-04-30T14:05:35","date_gmt":"2024-04-30T12:05:35","guid":{"rendered":"https:\/\/emababy.com\/babhordozasrol-copy\/"},"modified":"2026-04-29T15:54:29","modified_gmt":"2026-04-29T13:54:29","slug":"babahordozasi-tanacsadas","status":"publish","type":"page","link":"https:\/\/emababy.com\/en\/babahordozasi-tanacsadas\/","title":{"rendered":"babahordoz\u00e1si tan\u00e1csad\u00e1s"},"content":{"rendered":"<div class=\"wpb-content-wrapper\"><div  class=\"sec_row container-fluid\"><div class=\"vc_row wpb_row vc_row-fluid no-padding align-center vc_custom_1715272768090 vc_row-has-fill vc_row-o-full-height vc_row-o-columns-middle vc_row-o-content-middle vc_row-flex\"><div class=\"wpb_column vc_column_container vc_col-sm-12 et-light-column\"><div class=\"vc_column-inner\"><div class=\"wpb_wrapper\"><div class=\"vc_row wpb_row vc_inner vc_row-fluid max_width vc_row-o-content-middle vc_row-flex\"><div class=\"wpb_column vc_column_container vc_col-sm-12 vc_col-lg-6 et-dark-column\"><div class=\"vc_column-inner\"><div class=\"wpb_wrapper\">\n\t<div class=\"wpb_text_column wpb_content_element   vc_custom_1715272789209\" >\n\t\t<div class=\"wpb_wrapper\">\n\t\t\t<h1>Babahordoz\u00e1si tan\u00e1csad\u00e1s<\/h1>\n\n\t\t<\/div>\n\t<\/div>\n<\/div><\/div><\/div><\/div><\/div><\/div><\/div><\/div><\/div><div  class=\"sec_row container\"><div class=\"vc_row wpb_row vc_row-fluid\"><div class=\"wpb_column vc_column_container vc_col-sm-2 et-dark-column\"><div class=\"vc_column-inner\"><div class=\"wpb_wrapper\">\n\t<div class=\"wpb_text_column wpb_content_element  \" >\n\t\t<div class=\"wpb_wrapper\">\n\t\t\t\n\t\t<\/div>\n\t<\/div>\n<\/div><\/div><\/div><div class=\"wpb_column vc_column_container vc_col-sm-8 et-dark-column\"><div class=\"vc_column-inner\"><div class=\"wpb_wrapper\"><div class=\"vc_empty_space\"   style=\"height: 50px\"><span class=\"vc_empty_space_inner\"><\/span><\/div>\n\t<div class=\"wpb_text_column wpb_content_element  \" >\n\t\t<div class=\"wpb_wrapper\">\n\t\t\t<p class=\"has-text-align-justify\">Szeretn\u00e9d kipr\u00f3b\u00e1lni az ema design babahordoz\u00f3kat? Esetleg seg\u00edts\u00e9gre van sz\u00fcks\u00e9ged a helyes megk\u00f6t\u00e9ssel kapcsolatban? Momdresseinket pr\u00f3b\u00e1ln\u00e1d fel?<\/p>\n<p class=\"has-text-align-justify\">V\u00e1rlak Titeket a <a href=\"https:\/\/babiesonboard.eu\/\" target=\"_blank\" rel=\"noopener\">Babies on Board<\/a> Showroomj\u00e1ban!<\/p>\n<p class=\"has-text-align-justify\">Csal\u00e1donk\u00e9nt 20 percet tudok biztos\u00edtani. Az\u00e9rt, hogy ebben az id\u0151ben csak R\u00e1tok tudjak figyelni, k\u00e9rlek foglalj id\u0151pontot a napt\u00e1rban.<\/p>\n<p class=\"has-text-align-justify\"><!-- \/wp:post-content --><\/p>\n<p><!-- wp:paragraph -->Amiben seg\u00edts\u00e9gedre lehetek:<\/p>\n<p><!-- wp:list --><\/p>\n<ul>\n<li style=\"list-style-type: none;\">\n<ul>\n<li style=\"list-style-type: none;\">\n<ul><!-- wp:list-item --><\/p>\n<li><a href=\"https:\/\/emababy-com.preview-domain.com\/product-category\/hordozok\/\" target=\"_blank\" rel=\"noreferrer noopener\">mei tai <\/a> kipr\u00f3b\u00e1l\u00e1sa el\u00f6l vagy h\u00e1ton<\/li>\n<li>karik\u00e1s kend\u0151 kipr\u00f3b\u00e1l\u00e1sa el\u00f6l vagy cs\u00edp\u0151n<\/li>\n<li>el\u00f6l hordoz\u00e1s megtanul\u00e1sa mei taiban<\/li>\n<li>k\u00f6t\u00e9sek k\u00e9nyelmesebb\u00e9 t\u00e9tele, igaz\u00edt\u00e1sa<\/li>\n<li>felmer\u00fcl\u0151 k\u00e9rd\u00e9sek megv\u00e1laszol\u00e1sa<\/li>\n<li>momdressek felpr\u00f3b\u00e1l\u00e1sa<\/li>\n<\/ul>\n<\/li>\n<\/ul>\n<p><!-- \/wp:list-item --><\/p>\n<p><!-- wp:list-item --><\/p>\n<\/li>\n<\/ul>\n<p class=\"has-text-align-left\" style=\"font-style: normal; font-weight: 300;\">Helysz\u00edn: Babies on Board showroom (<a href=\"https:\/\/goo.gl\/maps\/p2SdwBhPQ9kHmi718\" target=\"_blank\" rel=\"noreferrer noopener\">1033 Budapest, Szentendrei \u00fat 89.<\/a>)<!-- \/wp:list-item --><!-- \/wp:list --><link rel='stylesheet' media=\"all\" href=\"https:\/\/emababy.com\/wp-content\/plugins\/appointment-hour-booking\/templates\/09\/style.css\" type=\"text\/css\" \/><form class=\"cpp_form no-prefetch\" name=\"cp_appbooking_pform_1\" id=\"cp_appbooking_pform_1\" action=\"\" method=\"post\" enctype=\"multipart\/form-data\" onsubmit=\"return cp_appbooking_pform_doValidate_1(this);\"><input type=\"hidden\" name=\"cp_pform_psequence\" value=\"_1\" \/><input type=\"hidden\" name=\"cp_appbooking_pform_process\" value=\"1\" \/><input type=\"hidden\" name=\"cp_appbooking_id\" value=\"2\" \/><input type=\"hidden\" name=\"cp_ref_page\" value=\"\" \/><input type=\"hidden\" name=\"form_structure_1\" id=\"form_structure_1\" size=\"180\" value=\"[[{&quot;form_identifier&quot;:&quot;&quot;,&quot;name&quot;:&quot;fieldname1&quot;,&quot;shortlabel&quot;:&quot;&quot;,&quot;index&quot;:0,&quot;ftype&quot;:&quot;fapp&quot;,&quot;userhelp&quot;:&quot;&quot;,&quot;userhelpTooltip&quot;:&quot;&quot;,&quot;csslayout&quot;:&quot;&quot;,&quot;title&quot;:&quot;&quot;,&quot;services&quot;:[{&quot;name&quot;:&quot;Ingyenes hordoz\\u00e1si tan\\u00e1csad\\u00e1s&quot;,&quot;price&quot;:0,&quot;capacity&quot;:&quot;0&quot;,&quot;duration&quot;:&quot;20&quot;,&quot;pb&quot;:0,&quot;pa&quot;:10,&quot;ohindex&quot;:0,&quot;idx&quot;:1}],&quot;openhours&quot;:[],&quot;allOH&quot;:[{&quot;name&quot;:&quot;Default&quot;,&quot;openhours&quot;:[{&quot;type&quot;:&quot;d4&quot;,&quot;d&quot;:&quot;2024-03-28&quot;,&quot;h1&quot;:&quot;9&quot;,&quot;m1&quot;:&quot;0&quot;,&quot;h2&quot;:&quot;15&quot;,&quot;m2&quot;:&quot;30&quot;}]}],&quot;dateFormat&quot;:&quot;yy-mm-dd&quot;,&quot;showDropdown&quot;:false,&quot;showTotalCost&quot;:false,&quot;showTotalCostFormat&quot;:&quot;$ {0}&quot;,&quot;showEndTime&quot;:false,&quot;showQuantity&quot;:false,&quot;usedSlotsCheckbox&quot;:true,&quot;avoidOverlaping&quot;:true,&quot;emptySelectCheckbox&quot;:false,&quot;emptySelect&quot;:&quot;-- Please select service --&quot;,&quot;dropdownRange&quot;:&quot;-10:+10&quot;,&quot;working_dates&quot;:[false,false,true,false,true,false,false],&quot;numberOfMonths&quot;:1,&quot;maxNumberOfApp&quot;:&quot;1&quot;,&quot;firstDay&quot;:&quot;1&quot;,&quot;minDate&quot;:&quot;+1d&quot;,&quot;maxDate&quot;:&quot;&quot;,&quot;defaultDate&quot;:&quot;&quot;,&quot;invalidDates&quot;:&quot;&quot;,&quot;tmpinvalidDates&quot;:&quot;&quot;,&quot;required&quot;:true,&quot;bSlotsCheckbox&quot;:true,&quot;bSlots&quot;:30,&quot;militaryTime&quot;:1,&quot;autonum&quot;:1,&quot;autonumStaff&quot;:0,&quot;fBuild&quot;:{},&quot;special_days&quot;:[],&quot;minDateTmp&quot;:&quot;+1d&quot;,&quot;getMinDate&quot;:{},&quot;tmpinvalidDatestime&quot;:[]},{&quot;form_identifier&quot;:&quot;&quot;,&quot;name&quot;:&quot;fieldname4&quot;,&quot;shortlabel&quot;:&quot;&quot;,&quot;index&quot;:1,&quot;ftype&quot;:&quot;ftext&quot;,&quot;userhelp&quot;:&quot;&quot;,&quot;userhelpTooltip&quot;:&quot;&quot;,&quot;csslayout&quot;:&quot;&quot;,&quot;title&quot;:&quot;N\\u00e9v&quot;,&quot;predefined&quot;:&quot;&quot;,&quot;predefinedClick&quot;:false,&quot;required&quot;:false,&quot;size&quot;:&quot;medium&quot;,&quot;minlength&quot;:&quot;&quot;,&quot;maxlength&quot;:&quot;&quot;,&quot;equalTo&quot;:&quot;&quot;,&quot;fBuild&quot;:{}},{&quot;form_identifier&quot;:&quot;&quot;,&quot;name&quot;:&quot;email&quot;,&quot;shortlabel&quot;:&quot;&quot;,&quot;index&quot;:2,&quot;ftype&quot;:&quot;femail&quot;,&quot;userhelp&quot;:&quot;&quot;,&quot;userhelpTooltip&quot;:&quot;&quot;,&quot;csslayout&quot;:&quot;&quot;,&quot;title&quot;:&quot;Email&quot;,&quot;predefined&quot;:&quot;&quot;,&quot;predefinedClick&quot;:false,&quot;required&quot;:true,&quot;size&quot;:&quot;medium&quot;,&quot;equalTo&quot;:&quot;&quot;,&quot;fBuild&quot;:{}},{&quot;form_identifier&quot;:&quot;&quot;,&quot;name&quot;:&quot;fieldname2&quot;,&quot;shortlabel&quot;:&quot;&quot;,&quot;index&quot;:3,&quot;ftype&quot;:&quot;ftext&quot;,&quot;userhelp&quot;:&quot;&quot;,&quot;userhelpTooltip&quot;:&quot;&quot;,&quot;csslayout&quot;:&quot;&quot;,&quot;title&quot;:&quot;Telefonsz\\u00e1m&quot;,&quot;predefined&quot;:&quot;+3630-1234567&quot;,&quot;predefinedClick&quot;:true,&quot;required&quot;:true,&quot;size&quot;:&quot;medium&quot;,&quot;minlength&quot;:&quot;&quot;,&quot;maxlength&quot;:&quot;&quot;,&quot;equalTo&quot;:&quot;&quot;,&quot;fBuild&quot;:{}},{&quot;form_identifier&quot;:&quot;&quot;,&quot;name&quot;:&quot;fieldname5&quot;,&quot;shortlabel&quot;:&quot;&quot;,&quot;index&quot;:4,&quot;ftype&quot;:&quot;ftext&quot;,&quot;userhelp&quot;:&quot;&quot;,&quot;userhelpTooltip&quot;:&quot;&quot;,&quot;csslayout&quot;:&quot;&quot;,&quot;title&quot;:&quot;Mit szeretn\\u00e9l pr\\u00f3b\\u00e1lni?  &lt;br \\\/&gt;- rugalmas kend\\u0151 &lt;br \\\/&gt;- mei tai&lt;br \\\/&gt;- karik\\u00e1s kend\\u0151&lt;br \\\/&gt;- esetleg momdress?&quot;,&quot;predefined&quot;:&quot;&quot;,&quot;predefinedClick&quot;:false,&quot;required&quot;:false,&quot;size&quot;:&quot;medium&quot;,&quot;minlength&quot;:&quot;&quot;,&quot;maxlength&quot;:&quot;&quot;,&quot;equalTo&quot;:&quot;&quot;,&quot;fBuild&quot;:{}},{&quot;form_identifier&quot;:&quot;&quot;,&quot;name&quot;:&quot;fieldname3&quot;,&quot;shortlabel&quot;:&quot;&quot;,&quot;index&quot;:5,&quot;ftype&quot;:&quot;ftext&quot;,&quot;userhelp&quot;:&quot;&quot;,&quot;userhelpTooltip&quot;:&quot;&quot;,&quot;csslayout&quot;:&quot;&quot;,&quot;title&quot;:&quot;Miben szeretn\\u00e9l seg\\u00edts\\u00e9get kapni?&quot;,&quot;predefined&quot;:&quot;&quot;,&quot;predefinedClick&quot;:false,&quot;required&quot;:false,&quot;size&quot;:&quot;medium&quot;,&quot;minlength&quot;:&quot;&quot;,&quot;maxlength&quot;:&quot;&quot;,&quot;equalTo&quot;:&quot;&quot;,&quot;fBuild&quot;:{}}],[{&quot;title&quot;:&quot;&quot;,&quot;description&quot;:&quot;&quot;,&quot;formlayout&quot;:&quot;center_aligned&quot;,&quot;formtemplate&quot;:&quot;ahb_m3&quot;,&quot;evalequations&quot;:1,&quot;autocomplete&quot;:1,&quot;autofocus&quot;:false}]]\" \/><input type=\"hidden\" name=\"refpage_1\" id=\"refpage_1\" value=\"\"><input type=\"hidden\" name=\"cp_appbooking_pform_status\" value=\"0\" \/><input name=\"anonce\" type=\"hidden\" value=\"943aadd237\"\/>\r\n<div id=\"fbuilder\">\r\n    <div id=\"fbuilder_1\">\r\n        <div id=\"formheader_1\"><\/div>\r\n        <div id=\"fieldlist_1\"><\/div>\r\n    <\/div>\r\n<\/div>\r\n<div style=\"display:none\">\r\n<div id=\"cpcaptchalayer_1\" class=\"cpcaptchalayer\">\r\n <div class=\"fields\" id=\"field-c0\" style=\"display:none\">\r\n    <label><\/label>\r\n    <div class=\"dfield\"><!--addons-payment-options--><\/div>\r\n    <div class=\"clearer\"><\/div>\r\n <\/div>\r\n<!-- rcadon -->\r\n<\/div>\r\n<\/div>\r\n<div id=\"cp_subbtn_1\" class=\"cp_subbtn\">FOGLAL\u00c1S<\/div>\r\n<div style=\"clear:both;\"><\/div>\r\n<\/form>\r\n<\/p>\n\n\t\t<\/div>\n\t<\/div>\n<\/div><\/div><\/div><div class=\"wpb_column vc_column_container vc_col-sm-2 et-dark-column\"><div class=\"vc_column-inner\"><div class=\"wpb_wrapper\"><\/div><\/div><\/div><\/div><\/div><div  class=\"sec_row container-fluid\"><div class=\"vc_row wpb_row vc_row-fluid no-padding align-center vc_custom_1740739619751 vc_row-has-fill vc_row-o-content-middle vc_row-flex\"><div class=\"wpb_column vc_column_container vc_col-sm-12 et-light-column\"><div class=\"vc_column-inner\"><div class=\"wpb_wrapper\"><div class=\"vc_row wpb_row vc_inner vc_row-fluid max_width vc_row-o-content-middle vc_row-flex\"><div class=\"wpb_column vc_column_container vc_col-sm-6 vc_col-lg-6 et-dark-column\"><div class=\"vc_column-inner\"><div class=\"wpb_wrapper\"><\/div><\/div><\/div><div class=\"wpb_column vc_column_container vc_col-sm-6 et-dark-column\"><div class=\"vc_column-inner\"><div class=\"wpb_wrapper\">\n\t<div class=\"wpb_text_column wpb_content_element   vc_custom_1740739759172\" >\n\t\t<div class=\"wpb_wrapper\">\n\t\t\t<h1><span style=\"color: #ffffff;\">ema design a <\/span><\/h1>\n<h1><span style=\"color: #ffffff;\">Magyar Nemzeti M\u00fazeumban!<\/span><\/h1>\n\n\t\t<\/div>\n\t<\/div>\n<\/div><\/div><\/div><\/div><\/div><\/div><\/div><\/div><\/div><div  class=\"sec_row container\"><div class=\"vc_row wpb_row vc_row-fluid\"><div class=\"wpb_column vc_column_container vc_col-sm-12 et-dark-column\"><div class=\"vc_column-inner\"><div class=\"wpb_wrapper\"><div class=\"vc_empty_space\"   style=\"height: 60px\"><span class=\"vc_empty_space_inner\"><\/span><\/div><\/div><\/div><\/div><\/div><\/div><div  class=\"sec_row container\"><div class=\"vc_row wpb_row vc_row-fluid\"><div class=\"wpb_column vc_column_container vc_col-sm-2 et-dark-column\"><div class=\"vc_column-inner\"><div class=\"wpb_wrapper\"><\/div><\/div><\/div><div class=\"wpb_column vc_column_container vc_col-sm-8 et-dark-column\"><div class=\"vc_column-inner\"><div class=\"wpb_wrapper\">\n\t<div class=\"wpb_text_column wpb_content_element  \" >\n\t\t<div class=\"wpb_wrapper\">\n\t\t\t<p class=\"has-text-align-justify\">Folytat\u00f3dnak a Bab\u00e1val a m\u00fazeumban! t\u00e1rlatvezet\u00e9sek. A programok teljes ideje alatt ingyenesen kipr\u00f3b\u00e1lhat\u00f3 \u00e9s haszn\u00e1lhat\u00f3 babahordoz\u00f3kat biztos\u00edt a kedves l\u00e1togat\u00f3knak az ema design!<\/p>\n<p>Gyere el k\u00e9t \u00e9vesn\u00e9l nem id\u0151sebb bab\u00e1ddal \u00e9s pr\u00f3b\u00e1ld ki milyen \u00e9rz\u00e9s ema design mei taiban vagy karik\u00e1s kend\u0151ben v\u00e9gighallgatni az izgalmas t\u00e1rlatvezet\u00e9seket! A Bab\u00e1val a m\u00fazeumban! vezet\u00e9sek regisztr\u00e1ci\u00f3k\u00f6telesek, amelyre a jegyv\u00e1s\u00e1rl\u00e1ssal tudtok regisztr\u00e1lni.<\/p>\n<p class=\"has-text-align-justify\"><!-- \/wp:paragraph --><\/p>\n<p><!-- wp:paragraph {\"align\":\"justify\"} --><\/p>\n<p class=\"has-text-align-justify\">Tov\u00e1bbi inform\u00e1ci\u00f3kat a <a class=\"ek-link\" href=\"https:\/\/mnm.hu\/babaval-muzeumban\" target=\"_blank\" rel=\"noopener\">Magyar Nemzeti M\u00fazeum honlapj\u00e1n<\/a> tal\u00e1ltok.<\/p>\n\n\t\t<\/div>\n\t<\/div>\n<\/div><\/div><\/div><div class=\"wpb_column vc_column_container vc_col-sm-2 et-dark-column\"><div class=\"vc_column-inner\"><div class=\"wpb_wrapper\"><\/div><\/div><\/div><\/div><\/div><div  class=\"sec_row container\"><div class=\"vc_row wpb_row vc_row-fluid vc_custom_1715281139268\"><div class=\"wpb_column vc_column_container vc_col-sm-12 et-dark-column\"><div class=\"vc_column-inner\"><div class=\"wpb_wrapper\"><div class=\"vc_separator wpb_content_element vc_separator_align_center vc_sep_width_100 vc_sep_pos_align_center vc_separator_no_text vc_sep_color_grey wpb_content_element  wpb_content_element\" ><span class=\"vc_sep_holder vc_sep_holder_l\"><span class=\"vc_sep_line\"><\/span><\/span><span class=\"vc_sep_holder vc_sep_holder_r\"><span class=\"vc_sep_line\"><\/span><\/span>\n<\/div><\/div><\/div><\/div><\/div><\/div><\/div>","protected":false},"excerpt":{"rendered":"Babahordoz\u00e1si tan\u00e1csad\u00e1s Szeretn\u00e9d kipr\u00f3b\u00e1lni az ema design babahordoz\u00f3kat? Esetleg seg\u00edts\u00e9gre van sz\u00fcks\u00e9ged a helyes megk\u00f6t\u00e9ssel kapcsolatban? Momdresseinket pr\u00f3b\u00e1ln\u00e1d fel? V\u00e1rlak Titeket a Babies on Board Showroomj\u00e1ban! Csal\u00e1donk\u00e9nt 20 percet tudok biztos\u00edtani. Az\u00e9rt, hogy ebben az id\u0151ben csak R\u00e1tok tudjak figyelni, k\u00e9rlek foglalj id\u0151pontot a napt\u00e1rban. Amiben seg\u00edts\u00e9gedre lehetek: mei tai [...]","protected":false},"author":1,"featured_media":0,"parent":0,"menu_order":0,"comment_status":"closed","ping_status":"closed","template":"","meta":{"footnotes":""},"class_list":["post-8977","page","type-page","status-publish","hentry"],"yoast_head":"<!-- This site is optimized with the Yoast SEO plugin v27.5 - https:\/\/yoast.com\/product\/yoast-seo-wordpress\/ -->\n<title>babahordoz\u00e1si tan\u00e1csad\u00e1s - ema design<\/title>\n<meta name=\"description\" content=\"Ingyenes babahordoz\u00e1si tan\u00e1csad\u00e1s \u00e9s pr\u00f3ba lehet\u0151s\u00e9g ema design mei tai-jal, karik\u00e1s kend\u0151vel. Jelentkezz Te is!\" \/>\n<meta name=\"robots\" content=\"index, follow, max-snippet:-1, max-image-preview:large, max-video-preview:-1\" \/>\n<link rel=\"canonical\" href=\"https:\/\/emababy.com\/en\/babahordozasi-tanacsadas\/\" \/>\n<meta property=\"og:locale\" content=\"en_US\" \/>\n<meta property=\"og:type\" content=\"article\" \/>\n<meta property=\"og:title\" content=\"babahordoz\u00e1si tan\u00e1csad\u00e1s - ema design\" \/>\n<meta property=\"og:description\" content=\"Ingyenes babahordoz\u00e1si tan\u00e1csad\u00e1s \u00e9s pr\u00f3ba lehet\u0151s\u00e9g ema design mei tai-jal, karik\u00e1s kend\u0151vel. Jelentkezz Te is!\" \/>\n<meta property=\"og:url\" content=\"https:\/\/emababy.com\/en\/babahordozasi-tanacsadas\/\" \/>\n<meta property=\"og:site_name\" content=\"ema design\" \/>\n<meta property=\"article:publisher\" content=\"https:\/\/www.facebook.com\/emadesignbabycarriers\/\" \/>\n<meta property=\"article:modified_time\" content=\"2026-04-29T13:54:29+00:00\" \/>\n<meta property=\"og:image\" content=\"https:\/\/emababy.com\/wp-content\/uploads\/2023\/05\/emadesign_main_pic.png\" \/>\n\t<meta property=\"og:image:width\" content=\"1200\" \/>\n\t<meta property=\"og:image:height\" content=\"675\" \/>\n\t<meta property=\"og:image:type\" content=\"image\/png\" \/>\n<meta name=\"twitter:card\" content=\"summary_large_image\" \/>\n<meta name=\"twitter:label1\" content=\"Est. reading time\" \/>\n\t<meta name=\"twitter:data1\" content=\"2 minutes\" \/>\n<script type=\"application\/ld+json\" class=\"yoast-schema-graph\">{\"@context\":\"https:\\\/\\\/schema.org\",\"@graph\":[{\"@type\":\"WebPage\",\"@id\":\"https:\\\/\\\/emababy.com\\\/babahordozasi-tanacsadas\\\/\",\"url\":\"https:\\\/\\\/emababy.com\\\/babahordozasi-tanacsadas\\\/\",\"name\":\"babahordoz\u00e1si tan\u00e1csad\u00e1s - ema design\",\"isPartOf\":{\"@id\":\"https:\\\/\\\/emababy.com\\\/#website\"},\"datePublished\":\"2024-04-30T12:05:35+00:00\",\"dateModified\":\"2026-04-29T13:54:29+00:00\",\"description\":\"Ingyenes babahordoz\u00e1si tan\u00e1csad\u00e1s \u00e9s pr\u00f3ba lehet\u0151s\u00e9g ema design mei tai-jal, karik\u00e1s kend\u0151vel. Jelentkezz Te is!\",\"breadcrumb\":{\"@id\":\"https:\\\/\\\/emababy.com\\\/babahordozasi-tanacsadas\\\/#breadcrumb\"},\"inLanguage\":\"en-US\",\"potentialAction\":[{\"@type\":\"ReadAction\",\"target\":[\"https:\\\/\\\/emababy.com\\\/babahordozasi-tanacsadas\\\/\"]}]},{\"@type\":\"BreadcrumbList\",\"@id\":\"https:\\\/\\\/emababy.com\\\/babahordozasi-tanacsadas\\\/#breadcrumb\",\"itemListElement\":[{\"@type\":\"ListItem\",\"position\":1,\"name\":\"Home\",\"item\":\"https:\\\/\\\/emababy.com\\\/\"},{\"@type\":\"ListItem\",\"position\":2,\"name\":\"babahordoz\u00e1si tan\u00e1csad\u00e1s\"}]},{\"@type\":\"WebSite\",\"@id\":\"https:\\\/\\\/emababy.com\\\/#website\",\"url\":\"https:\\\/\\\/emababy.com\\\/\",\"name\":\"ema design\",\"description\":\"Babahordoz\u00e1s st\u00edlusosan!\",\"publisher\":{\"@id\":\"https:\\\/\\\/emababy.com\\\/#organization\"},\"alternateName\":\"emababy\",\"potentialAction\":[{\"@type\":\"SearchAction\",\"target\":{\"@type\":\"EntryPoint\",\"urlTemplate\":\"https:\\\/\\\/emababy.com\\\/?s={search_term_string}\"},\"query-input\":{\"@type\":\"PropertyValueSpecification\",\"valueRequired\":true,\"valueName\":\"search_term_string\"}}],\"inLanguage\":\"en-US\"},{\"@type\":\"Organization\",\"@id\":\"https:\\\/\\\/emababy.com\\\/#organization\",\"name\":\"EmaDesign Bt.\",\"url\":\"https:\\\/\\\/emababy.com\\\/\",\"logo\":{\"@type\":\"ImageObject\",\"inLanguage\":\"en-US\",\"@id\":\"https:\\\/\\\/emababy.com\\\/#\\\/schema\\\/logo\\\/image\\\/\",\"url\":\"https:\\\/\\\/emababy.com\\\/wp-content\\\/uploads\\\/2023\\\/03\\\/cropped-logo_light_small.png\",\"contentUrl\":\"https:\\\/\\\/emababy.com\\\/wp-content\\\/uploads\\\/2023\\\/03\\\/cropped-logo_light_small.png\",\"width\":607,\"height\":80,\"caption\":\"EmaDesign Bt.\"},\"image\":{\"@id\":\"https:\\\/\\\/emababy.com\\\/#\\\/schema\\\/logo\\\/image\\\/\"},\"sameAs\":[\"https:\\\/\\\/www.facebook.com\\\/emadesignbabycarriers\\\/\",\"https:\\\/\\\/www.instagram.com\\\/emadesignbabycarriers\\\/\",\"https:\\\/\\\/www.youtube.com\\\/@ema_design\"]}]}<\/script>\n<!-- \/ Yoast SEO plugin. -->","yoast_head_json":{"title":"babahordoz\u00e1si tan\u00e1csad\u00e1s - ema design","description":"Ingyenes babahordoz\u00e1si tan\u00e1csad\u00e1s \u00e9s pr\u00f3ba lehet\u0151s\u00e9g ema design mei tai-jal, karik\u00e1s kend\u0151vel. Jelentkezz Te is!","robots":{"index":"index","follow":"follow","max-snippet":"max-snippet:-1","max-image-preview":"max-image-preview:large","max-video-preview":"max-video-preview:-1"},"canonical":"https:\/\/emababy.com\/en\/babahordozasi-tanacsadas\/","og_locale":"en_US","og_type":"article","og_title":"babahordoz\u00e1si tan\u00e1csad\u00e1s - ema design","og_description":"Ingyenes babahordoz\u00e1si tan\u00e1csad\u00e1s \u00e9s pr\u00f3ba lehet\u0151s\u00e9g ema design mei tai-jal, karik\u00e1s kend\u0151vel. Jelentkezz Te is!","og_url":"https:\/\/emababy.com\/en\/babahordozasi-tanacsadas\/","og_site_name":"ema design","article_publisher":"https:\/\/www.facebook.com\/emadesignbabycarriers\/","article_modified_time":"2026-04-29T13:54:29+00:00","og_image":[{"width":1200,"height":675,"url":"https:\/\/emababy.com\/wp-content\/uploads\/2023\/05\/emadesign_main_pic.png","type":"image\/png"}],"twitter_card":"summary_large_image","twitter_misc":{"Est. reading time":"2 minutes"},"schema":{"@context":"https:\/\/schema.org","@graph":[{"@type":"WebPage","@id":"https:\/\/emababy.com\/babahordozasi-tanacsadas\/","url":"https:\/\/emababy.com\/babahordozasi-tanacsadas\/","name":"babahordoz\u00e1si tan\u00e1csad\u00e1s - ema design","isPartOf":{"@id":"https:\/\/emababy.com\/#website"},"datePublished":"2024-04-30T12:05:35+00:00","dateModified":"2026-04-29T13:54:29+00:00","description":"Ingyenes babahordoz\u00e1si tan\u00e1csad\u00e1s \u00e9s pr\u00f3ba lehet\u0151s\u00e9g ema design mei tai-jal, karik\u00e1s kend\u0151vel. Jelentkezz Te is!","breadcrumb":{"@id":"https:\/\/emababy.com\/babahordozasi-tanacsadas\/#breadcrumb"},"inLanguage":"en-US","potentialAction":[{"@type":"ReadAction","target":["https:\/\/emababy.com\/babahordozasi-tanacsadas\/"]}]},{"@type":"BreadcrumbList","@id":"https:\/\/emababy.com\/babahordozasi-tanacsadas\/#breadcrumb","itemListElement":[{"@type":"ListItem","position":1,"name":"Home","item":"https:\/\/emababy.com\/"},{"@type":"ListItem","position":2,"name":"babahordoz\u00e1si tan\u00e1csad\u00e1s"}]},{"@type":"WebSite","@id":"https:\/\/emababy.com\/#website","url":"https:\/\/emababy.com\/","name":"ema design","description":"Babahordoz\u00e1s st\u00edlusosan!","publisher":{"@id":"https:\/\/emababy.com\/#organization"},"alternateName":"emababy","potentialAction":[{"@type":"SearchAction","target":{"@type":"EntryPoint","urlTemplate":"https:\/\/emababy.com\/?s={search_term_string}"},"query-input":{"@type":"PropertyValueSpecification","valueRequired":true,"valueName":"search_term_string"}}],"inLanguage":"en-US"},{"@type":"Organization","@id":"https:\/\/emababy.com\/#organization","name":"EmaDesign Bt.","url":"https:\/\/emababy.com\/","logo":{"@type":"ImageObject","inLanguage":"en-US","@id":"https:\/\/emababy.com\/#\/schema\/logo\/image\/","url":"https:\/\/emababy.com\/wp-content\/uploads\/2023\/03\/cropped-logo_light_small.png","contentUrl":"https:\/\/emababy.com\/wp-content\/uploads\/2023\/03\/cropped-logo_light_small.png","width":607,"height":80,"caption":"EmaDesign Bt."},"image":{"@id":"https:\/\/emababy.com\/#\/schema\/logo\/image\/"},"sameAs":["https:\/\/www.facebook.com\/emadesignbabycarriers\/","https:\/\/www.instagram.com\/emadesignbabycarriers\/","https:\/\/www.youtube.com\/@ema_design"]}]}},"_links":{"self":[{"href":"https:\/\/emababy.com\/en\/wp-json\/wp\/v2\/pages\/8977","targetHints":{"allow":["GET"]}}],"collection":[{"href":"https:\/\/emababy.com\/en\/wp-json\/wp\/v2\/pages"}],"about":[{"href":"https:\/\/emababy.com\/en\/wp-json\/wp\/v2\/types\/page"}],"author":[{"embeddable":true,"href":"https:\/\/emababy.com\/en\/wp-json\/wp\/v2\/users\/1"}],"replies":[{"embeddable":true,"href":"https:\/\/emababy.com\/en\/wp-json\/wp\/v2\/comments?post=8977"}],"version-history":[{"count":8,"href":"https:\/\/emababy.com\/en\/wp-json\/wp\/v2\/pages\/8977\/revisions"}],"predecessor-version":[{"id":10590,"href":"https:\/\/emababy.com\/en\/wp-json\/wp\/v2\/pages\/8977\/revisions\/10590"}],"wp:attachment":[{"href":"https:\/\/emababy.com\/en\/wp-json\/wp\/v2\/media?parent=8977"}],"curies":[{"name":"wp","href":"https:\/\/api.w.org\/{rel}","templated":true}]}}