{"id":10109,"date":"2025-07-16T01:33:02","date_gmt":"2025-07-15T23:33:02","guid":{"rendered":"https:\/\/emababy.com\/product\/babatakaro-copy\/"},"modified":"2026-02-21T11:59:21","modified_gmt":"2026-02-21T10:59:21","slug":"babatakaro-kicsi","status":"publish","type":"product","link":"https:\/\/emababy.com\/en\/product\/babatakaro-kicsi\/","title":{"rendered":"Home babatakar\u00f3 &#8211; kicsi"},"content":{"rendered":"<p>A soft embrace \u2013 for the journey.<\/p>\n<p>This blanket preserves the intimate softness of the first weeks. It is made from the same buttery soft, airy Tencel\u2122 Modal material as the Home stretchy wrap \u2013 so it can be familiar and comforting for the baby even when you are continuing the journey in a larger carrier, such as the ema design mei tai.<\/p>\n<p>An embrace the baby can take with them \u2013 for sleeping, resting, or just for everyday life.<\/p>\n<p>And perhaps one day it will be there in the crib or on the kindergarten nap shelf, as a piece of memory from the time of the very first snuggles.<\/p>","protected":false},"excerpt":{"rendered":"<ul>\n<li>Vajpuha, term\u00e9szetes anyag, ami finoman simul a baba b\u0151r\u00e9hez.<\/li>\n<li>Particularly pleasant to wear even in heat \u2013 airy, well-ventilated, premium quality.<\/li>\n<li>95% TENCEL modal, 5% elastane<\/li>\n<li>m\u00e9rete: 75\u00d790 cm (\u00fajsz\u00fcl\u00f6tt kort\u00f3l, kis m\u00e9ret\u0171 takar\u00f3k\u00e9nt)<\/li>\n<li>Els\u0151 takar\u00f3nak, pihen\u00e9shez, altat\u00e1shoz, \u00f6sszeb\u00faj\u00f3s pillanatokhoz<\/li>\n<li>Hungarian product.<\/li>\n<\/ul>\n<p><strong>An eternal memory<br \/>\n<\/strong>If you carried your baby in the Home wrap, this blanket can take you back to the beginnings with its familiar softness. A piece of that time when you were close every day \u2013 and something they can take with them as they grow.<\/p>","protected":false},"featured_media":10129,"template":"","meta":[],"product_brand":[],"product_cat":[106,345],"product_tag":[],"class_list":{"0":"post-10109","1":"product","2":"type-product","3":"status-publish","4":"has-post-thumbnail","6":"product_cat-categ-babatakaro","7":"product_cat-home","9":"first","10":"instock","11":"taxable","12":"shipping-taxable","13":"purchasable","14":"product-type-variable","15":"has-default-attributes"},"yoast_head":"<!-- This site is optimized with the Yoast SEO plugin v27.5 - https:\/\/yoast.com\/product\/yoast-seo-wordpress\/ -->\n<title>Home babatakar\u00f3 - kicsi - ema design<\/title>\n<meta name=\"description\" content=\"Az ema design babatakar\u00f3 vajpuha mod\u00e1lb\u00f3l.\" \/>\n<meta name=\"robots\" content=\"index, follow, max-snippet:-1, max-image-preview:large, max-video-preview:-1\" \/>\n<link rel=\"canonical\" href=\"https:\/\/emababy.com\/en\/product\/babatakaro-kicsi\/\" \/>\n<meta property=\"og:locale\" content=\"en_US\" \/>\n<meta property=\"og:type\" content=\"article\" \/>\n<meta property=\"og:title\" content=\"Home babatakar\u00f3 - kicsi - ema design\" \/>\n<meta property=\"og:description\" content=\"Az ema design babatakar\u00f3 vajpuha mod\u00e1lb\u00f3l.\" \/>\n<meta property=\"og:url\" content=\"https:\/\/emababy.com\/en\/product\/babatakaro-kicsi\/\" \/>\n<meta property=\"og:site_name\" content=\"ema design\" \/>\n<meta property=\"article:publisher\" content=\"https:\/\/www.facebook.com\/emadesignbabycarriers\/\" \/>\n<meta property=\"article:modified_time\" content=\"2026-02-21T10:59:21+00:00\" \/>\n<meta property=\"og:image\" content=\"https:\/\/emababy.com\/wp-content\/uploads\/2025\/07\/photo-output_0.png\" \/>\n\t<meta property=\"og:image:width\" content=\"1\" \/>\n\t<meta property=\"og:image:height\" content=\"1\" \/>\n\t<meta property=\"og:image:type\" content=\"image\/png\" \/>\n<meta name=\"twitter:card\" content=\"summary_large_image\" \/>\n<meta name=\"twitter:label1\" content=\"Est. reading time\" \/>\n\t<meta name=\"twitter:data1\" content=\"1 minute\" \/>\n<script type=\"application\/ld+json\" class=\"yoast-schema-graph\">{\"@context\":\"https:\\\/\\\/schema.org\",\"@graph\":[{\"@type\":\"WebPage\",\"@id\":\"https:\\\/\\\/emababy.com\\\/product\\\/babatakaro-kicsi\\\/\",\"url\":\"https:\\\/\\\/emababy.com\\\/product\\\/babatakaro-kicsi\\\/\",\"name\":\"Home babatakar\u00f3 - kicsi - ema design\",\"isPartOf\":{\"@id\":\"https:\\\/\\\/emababy.com\\\/#website\"},\"primaryImageOfPage\":{\"@id\":\"https:\\\/\\\/emababy.com\\\/product\\\/babatakaro-kicsi\\\/#primaryimage\"},\"image\":{\"@id\":\"https:\\\/\\\/emababy.com\\\/product\\\/babatakaro-kicsi\\\/#primaryimage\"},\"thumbnailUrl\":\"https:\\\/\\\/emababy.com\\\/wp-content\\\/uploads\\\/2025\\\/07\\\/photo-output_0.png\",\"datePublished\":\"2025-07-15T23:33:02+00:00\",\"dateModified\":\"2026-02-21T10:59:21+00:00\",\"description\":\"Az ema design babatakar\u00f3 vajpuha mod\u00e1lb\u00f3l.\",\"breadcrumb\":{\"@id\":\"https:\\\/\\\/emababy.com\\\/product\\\/babatakaro-kicsi\\\/#breadcrumb\"},\"inLanguage\":\"en-US\",\"potentialAction\":[{\"@type\":\"ReadAction\",\"target\":[\"https:\\\/\\\/emababy.com\\\/product\\\/babatakaro-kicsi\\\/\"]}]},{\"@type\":\"ImageObject\",\"inLanguage\":\"en-US\",\"@id\":\"https:\\\/\\\/emababy.com\\\/product\\\/babatakaro-kicsi\\\/#primaryimage\",\"url\":\"https:\\\/\\\/emababy.com\\\/wp-content\\\/uploads\\\/2025\\\/07\\\/photo-output_0.png\",\"contentUrl\":\"https:\\\/\\\/emababy.com\\\/wp-content\\\/uploads\\\/2025\\\/07\\\/photo-output_0.png\",\"caption\":\"quiet kiss takar\u00f3\"},{\"@type\":\"BreadcrumbList\",\"@id\":\"https:\\\/\\\/emababy.com\\\/product\\\/babatakaro-kicsi\\\/#breadcrumb\",\"itemListElement\":[{\"@type\":\"ListItem\",\"position\":1,\"name\":\"Home\",\"item\":\"https:\\\/\\\/emababy.com\\\/\"},{\"@type\":\"ListItem\",\"position\":2,\"name\":\"Bolt\",\"item\":\"https:\\\/\\\/emababy.com\\\/ema-design-babahordozo\\\/\"},{\"@type\":\"ListItem\",\"position\":3,\"name\":\"Home babatakar\u00f3 &#8211; kicsi\"}]},{\"@type\":\"WebSite\",\"@id\":\"https:\\\/\\\/emababy.com\\\/#website\",\"url\":\"https:\\\/\\\/emababy.com\\\/\",\"name\":\"ema design\",\"description\":\"Babahordoz\u00e1s st\u00edlusosan!\",\"publisher\":{\"@id\":\"https:\\\/\\\/emababy.com\\\/#organization\"},\"alternateName\":\"emababy\",\"potentialAction\":[{\"@type\":\"SearchAction\",\"target\":{\"@type\":\"EntryPoint\",\"urlTemplate\":\"https:\\\/\\\/emababy.com\\\/?s={search_term_string}\"},\"query-input\":{\"@type\":\"PropertyValueSpecification\",\"valueRequired\":true,\"valueName\":\"search_term_string\"}}],\"inLanguage\":\"en-US\"},{\"@type\":\"Organization\",\"@id\":\"https:\\\/\\\/emababy.com\\\/#organization\",\"name\":\"EmaDesign Bt.\",\"url\":\"https:\\\/\\\/emababy.com\\\/\",\"logo\":{\"@type\":\"ImageObject\",\"inLanguage\":\"en-US\",\"@id\":\"https:\\\/\\\/emababy.com\\\/#\\\/schema\\\/logo\\\/image\\\/\",\"url\":\"https:\\\/\\\/emababy.com\\\/wp-content\\\/uploads\\\/2023\\\/03\\\/cropped-logo_light_small.png\",\"contentUrl\":\"https:\\\/\\\/emababy.com\\\/wp-content\\\/uploads\\\/2023\\\/03\\\/cropped-logo_light_small.png\",\"width\":607,\"height\":80,\"caption\":\"EmaDesign Bt.\"},\"image\":{\"@id\":\"https:\\\/\\\/emababy.com\\\/#\\\/schema\\\/logo\\\/image\\\/\"},\"sameAs\":[\"https:\\\/\\\/www.facebook.com\\\/emadesignbabycarriers\\\/\",\"https:\\\/\\\/www.instagram.com\\\/emadesignbabycarriers\\\/\",\"https:\\\/\\\/www.youtube.com\\\/@ema_design\"]}]}<\/script>\n<!-- \/ Yoast SEO plugin. -->","yoast_head_json":{"title":"Home babatakar\u00f3 - kicsi - ema design","description":"Az ema design babatakar\u00f3 vajpuha mod\u00e1lb\u00f3l.","robots":{"index":"index","follow":"follow","max-snippet":"max-snippet:-1","max-image-preview":"max-image-preview:large","max-video-preview":"max-video-preview:-1"},"canonical":"https:\/\/emababy.com\/en\/product\/babatakaro-kicsi\/","og_locale":"en_US","og_type":"article","og_title":"Home babatakar\u00f3 - kicsi - ema design","og_description":"Az ema design babatakar\u00f3 vajpuha mod\u00e1lb\u00f3l.","og_url":"https:\/\/emababy.com\/en\/product\/babatakaro-kicsi\/","og_site_name":"ema design","article_publisher":"https:\/\/www.facebook.com\/emadesignbabycarriers\/","article_modified_time":"2026-02-21T10:59:21+00:00","og_image":[{"url":"https:\/\/emababy.com\/wp-content\/uploads\/2025\/07\/photo-output_0.png","width":1,"height":1,"type":"image\/png"}],"twitter_card":"summary_large_image","twitter_misc":{"Est. reading time":"1 minute"},"schema":{"@context":"https:\/\/schema.org","@graph":[{"@type":"WebPage","@id":"https:\/\/emababy.com\/product\/babatakaro-kicsi\/","url":"https:\/\/emababy.com\/product\/babatakaro-kicsi\/","name":"Home babatakar\u00f3 - kicsi - ema design","isPartOf":{"@id":"https:\/\/emababy.com\/#website"},"primaryImageOfPage":{"@id":"https:\/\/emababy.com\/product\/babatakaro-kicsi\/#primaryimage"},"image":{"@id":"https:\/\/emababy.com\/product\/babatakaro-kicsi\/#primaryimage"},"thumbnailUrl":"https:\/\/emababy.com\/wp-content\/uploads\/2025\/07\/photo-output_0.png","datePublished":"2025-07-15T23:33:02+00:00","dateModified":"2026-02-21T10:59:21+00:00","description":"Az ema design babatakar\u00f3 vajpuha mod\u00e1lb\u00f3l.","breadcrumb":{"@id":"https:\/\/emababy.com\/product\/babatakaro-kicsi\/#breadcrumb"},"inLanguage":"en-US","potentialAction":[{"@type":"ReadAction","target":["https:\/\/emababy.com\/product\/babatakaro-kicsi\/"]}]},{"@type":"ImageObject","inLanguage":"en-US","@id":"https:\/\/emababy.com\/product\/babatakaro-kicsi\/#primaryimage","url":"https:\/\/emababy.com\/wp-content\/uploads\/2025\/07\/photo-output_0.png","contentUrl":"https:\/\/emababy.com\/wp-content\/uploads\/2025\/07\/photo-output_0.png","caption":"quiet kiss takar\u00f3"},{"@type":"BreadcrumbList","@id":"https:\/\/emababy.com\/product\/babatakaro-kicsi\/#breadcrumb","itemListElement":[{"@type":"ListItem","position":1,"name":"Home","item":"https:\/\/emababy.com\/"},{"@type":"ListItem","position":2,"name":"Bolt","item":"https:\/\/emababy.com\/ema-design-babahordozo\/"},{"@type":"ListItem","position":3,"name":"Home babatakar\u00f3 &#8211; kicsi"}]},{"@type":"WebSite","@id":"https:\/\/emababy.com\/#website","url":"https:\/\/emababy.com\/","name":"ema design","description":"Babahordoz\u00e1s st\u00edlusosan!","publisher":{"@id":"https:\/\/emababy.com\/#organization"},"alternateName":"emababy","potentialAction":[{"@type":"SearchAction","target":{"@type":"EntryPoint","urlTemplate":"https:\/\/emababy.com\/?s={search_term_string}"},"query-input":{"@type":"PropertyValueSpecification","valueRequired":true,"valueName":"search_term_string"}}],"inLanguage":"en-US"},{"@type":"Organization","@id":"https:\/\/emababy.com\/#organization","name":"EmaDesign Bt.","url":"https:\/\/emababy.com\/","logo":{"@type":"ImageObject","inLanguage":"en-US","@id":"https:\/\/emababy.com\/#\/schema\/logo\/image\/","url":"https:\/\/emababy.com\/wp-content\/uploads\/2023\/03\/cropped-logo_light_small.png","contentUrl":"https:\/\/emababy.com\/wp-content\/uploads\/2023\/03\/cropped-logo_light_small.png","width":607,"height":80,"caption":"EmaDesign Bt."},"image":{"@id":"https:\/\/emababy.com\/#\/schema\/logo\/image\/"},"sameAs":["https:\/\/www.facebook.com\/emadesignbabycarriers\/","https:\/\/www.instagram.com\/emadesignbabycarriers\/","https:\/\/www.youtube.com\/@ema_design"]}]}},"_links":{"self":[{"href":"https:\/\/emababy.com\/en\/wp-json\/wp\/v2\/product\/10109","targetHints":{"allow":["GET"]}}],"collection":[{"href":"https:\/\/emababy.com\/en\/wp-json\/wp\/v2\/product"}],"about":[{"href":"https:\/\/emababy.com\/en\/wp-json\/wp\/v2\/types\/product"}],"wp:featuredmedia":[{"embeddable":true,"href":"https:\/\/emababy.com\/en\/wp-json\/wp\/v2\/media\/10129"}],"wp:attachment":[{"href":"https:\/\/emababy.com\/en\/wp-json\/wp\/v2\/media?parent=10109"}],"wp:term":[{"taxonomy":"product_brand","embeddable":true,"href":"https:\/\/emababy.com\/en\/wp-json\/wp\/v2\/product_brand?post=10109"},{"taxonomy":"product_cat","embeddable":true,"href":"https:\/\/emababy.com\/en\/wp-json\/wp\/v2\/product_cat?post=10109"},{"taxonomy":"product_tag","embeddable":true,"href":"https:\/\/emababy.com\/en\/wp-json\/wp\/v2\/product_tag?post=10109"}],"curies":[{"name":"wp","href":"https:\/\/api.w.org\/{rel}","templated":true}]}}