{"id":10423,"date":"2026-02-24T13:00:22","date_gmt":"2026-02-24T12:00:22","guid":{"rendered":"https:\/\/emababy.com\/?post_type=product&#038;p=10423"},"modified":"2026-04-22T11:38:19","modified_gmt":"2026-04-22T09:38:19","slug":"matcha-mei-tai-babahordozo","status":"publish","type":"product","link":"https:\/\/emababy.com\/en\/product\/matcha-mei-tai-babahordozo\/","title":{"rendered":"MATCHA mei tai baby carrier"},"content":{"rendered":"<p><span style=\"font-weight: 400;\">A <\/span><i><span style=\"font-weight: 400;\">Matcha<\/span><\/i><span style=\"font-weight: 400;\"> collection is the antechamber of spring.<\/span><span style=\"font-weight: 400;\"><br \/>\n<\/span><span style=\"font-weight: 400;\">A transition between the warmth of winter and nature soon awakening to colors.<\/span><\/p>\n<p><span style=\"font-weight: 400;\">The collection was inspired by a wonderful mom-and-girls morning, which ended with a Matcha session. The place completely enchanted me. The collection was inspired by <a href=\"https:\/\/www.instagram.com\/cechamatcha\/\">C\u00e9cha Matcha's<\/a> delicate, refined world: the softness of lavender matcha, the fruity depth of strawberry matcha, the quiet calm of classic matcha latte. A space where light, texture and colors are all present at once \u2013 yet everything remains light and airy.<\/span><\/p>\n<p><span style=\"font-weight: 400;\">This is the feeling I wanted to bring to you.\u00a0<\/span><\/p>\n<p><span style=\"font-weight: 400;\">Matcha is the collection of slow mornings: when the baby rests on your chest and, for a moment, everything slows down. It's about those mornings when the air is still crisp, but you can already feel spring. When warm textures still feel good, yet you're already longing for colors. When colors, light, and touch are all present at once.<\/span><\/p>\n<p><span style=\"font-weight: 400;\">A <\/span><b>Matcha Latte, Strawberry Matcha Latte, and Lavender Matcha Latte<\/b><span style=\"font-weight: 400;\"> mei tais bring the first breath of spring with their soft colors. The fine ribbing of the corduroy provides both support and softness, like holding a warm cup in your hands on a cool morning.<\/span><\/p>\n<p><span style=\"font-weight: 400;\">The stretchy wraps are gentle companions to matcha mornings: the <\/span><b>Matcha Mousse<\/b><span style=\"font-weight: 400;\"> and the <\/span><b>Vanilla Lavender Cake<\/b><span style=\"font-weight: 400;\"> bring the familiar soft feeling. As if you were wrapping yourself in a freshly baked, still-warm pastry. A light, silky embrace that moves with you and offers quiet reassurance in the first weeks.<\/span><\/p>\n<p><span style=\"font-weight: 400;\">Matcha isn't loud spring.<\/span><span style=\"font-weight: 400;\"><br \/>\n<\/span><span style=\"font-weight: 400;\">A gentle transition.<\/span><\/p>\n<p><span style=\"font-weight: 400;\">Warm textures.<\/span><span style=\"font-weight: 400;\"><br \/>\n<\/span><span style=\"font-weight: 400;\">Awakening colors.<\/span><span style=\"font-weight: 400;\"><br \/>\n<\/span><span style=\"font-weight: 400;\">Quiet closeness.<\/span><\/p>","protected":false},"excerpt":{"rendered":"<ul>\n<li><span style=\"font-weight: 400;\">The mei tai baby carriers of the MATCHA collection are made of 100% cotton OEKO-TEX corduroy.<\/span><\/li>\n<li><span style=\"font-weight: 400;\">Can be used from a body size of 6 kg up to 18 kg.<br \/>\n(approx. from 2-3 months of age up to 2.5-3 years of age)<br \/>\n<\/span><\/li>\n<li>Can be easily adjusted to babies of different sizes.<\/li>\n<li>The ema design baby carriers come with a tying guide, but further tutorials on our Youtube and Instagram pages help you master the ties.<\/li>\n<li><span style=\"font-weight: 400;\">Comfortably padded waist and shoulder straps.<\/span><\/li>\n<li><span style=\"font-weight: 400;\">Hidden sleeping hood.<\/span><\/li>\n<li><span style=\"font-weight: 400;\">Its main profile is front and back carrying, but we also recommend it for hip carrying.<\/span><\/li>\n<li>Hungarian product.<\/li>\n<\/ul>","protected":false},"featured_media":10488,"template":"","meta":[],"product_brand":[],"product_cat":[102,339,344,335,103],"product_tag":[],"class_list":{"0":"post-10423","1":"product","2":"type-product","3":"status-publish","4":"has-post-thumbnail","6":"product_cat-categ-hordozok","7":"product_cat-kollekciok","8":"product_cat-matcha","9":"product_cat-matcha-kollekcio","10":"product_cat-categ-mei-tai","12":"first","13":"instock","14":"taxable","15":"shipping-taxable","16":"purchasable","17":"product-type-variable","18":"has-default-attributes"},"yoast_head":"<!-- This site is optimized with the Yoast SEO plugin v27.5 - https:\/\/yoast.com\/product\/yoast-seo-wordpress\/ -->\n<title>MATCHA mei tai babahordoz\u00f3 - ema design<\/title>\n<meta name=\"description\" content=\"Az ema design babahordoz\u00f3: a mei tai 5-6 kil\u00f3s testm\u00e9rett\u0151l ak\u00e1r h\u00e1rom\u00e9ves korig is haszn\u00e1lhat\u00f3. Minimalista, st\u00edlusos babahordoz\u00f3k.\" \/>\n<meta name=\"robots\" content=\"index, follow, max-snippet:-1, max-image-preview:large, max-video-preview:-1\" \/>\n<link rel=\"canonical\" href=\"https:\/\/emababy.com\/en\/product\/matcha-mei-tai-babahordozo\/\" \/>\n<meta property=\"og:locale\" content=\"en_US\" \/>\n<meta property=\"og:type\" content=\"article\" \/>\n<meta property=\"og:title\" content=\"MATCHA mei tai babahordoz\u00f3 - ema design\" \/>\n<meta property=\"og:description\" content=\"Az ema design babahordoz\u00f3: a mei tai 5-6 kil\u00f3s testm\u00e9rett\u0151l ak\u00e1r h\u00e1rom\u00e9ves korig is haszn\u00e1lhat\u00f3. Minimalista, st\u00edlusos babahordoz\u00f3k.\" \/>\n<meta property=\"og:url\" content=\"https:\/\/emababy.com\/en\/product\/matcha-mei-tai-babahordozo\/\" \/>\n<meta property=\"og:site_name\" content=\"ema design\" \/>\n<meta property=\"article:publisher\" content=\"https:\/\/www.facebook.com\/emadesignbabycarriers\/\" \/>\n<meta property=\"article:modified_time\" content=\"2026-04-22T09:38:19+00:00\" \/>\n<meta property=\"og:image\" content=\"https:\/\/emababy.com\/wp-content\/uploads\/2026\/02\/photo-output_2.jpeg\" \/>\n\t<meta property=\"og:image:width\" content=\"2046\" \/>\n\t<meta property=\"og:image:height\" content=\"1148\" \/>\n\t<meta property=\"og:image:type\" content=\"image\/jpeg\" \/>\n<meta name=\"twitter:card\" content=\"summary_large_image\" \/>\n<meta name=\"twitter:label1\" content=\"Est. reading time\" \/>\n\t<meta name=\"twitter:data1\" content=\"2 minutes\" \/>\n<script type=\"application\/ld+json\" class=\"yoast-schema-graph\">{\"@context\":\"https:\\\/\\\/schema.org\",\"@graph\":[{\"@type\":\"WebPage\",\"@id\":\"https:\\\/\\\/emababy.com\\\/product\\\/matcha-mei-tai-babahordozo\\\/\",\"url\":\"https:\\\/\\\/emababy.com\\\/product\\\/matcha-mei-tai-babahordozo\\\/\",\"name\":\"MATCHA mei tai babahordoz\u00f3 - ema design\",\"isPartOf\":{\"@id\":\"https:\\\/\\\/emababy.com\\\/#website\"},\"primaryImageOfPage\":{\"@id\":\"https:\\\/\\\/emababy.com\\\/product\\\/matcha-mei-tai-babahordozo\\\/#primaryimage\"},\"image\":{\"@id\":\"https:\\\/\\\/emababy.com\\\/product\\\/matcha-mei-tai-babahordozo\\\/#primaryimage\"},\"thumbnailUrl\":\"https:\\\/\\\/emababy.com\\\/wp-content\\\/uploads\\\/2026\\\/02\\\/photo-output_2.jpeg\",\"datePublished\":\"2026-02-24T12:00:22+00:00\",\"dateModified\":\"2026-04-22T09:38:19+00:00\",\"description\":\"Az ema design babahordoz\u00f3: a mei tai 5-6 kil\u00f3s testm\u00e9rett\u0151l ak\u00e1r h\u00e1rom\u00e9ves korig is haszn\u00e1lhat\u00f3. Minimalista, st\u00edlusos babahordoz\u00f3k.\",\"breadcrumb\":{\"@id\":\"https:\\\/\\\/emababy.com\\\/product\\\/matcha-mei-tai-babahordozo\\\/#breadcrumb\"},\"inLanguage\":\"en-US\",\"potentialAction\":[{\"@type\":\"ReadAction\",\"target\":[\"https:\\\/\\\/emababy.com\\\/product\\\/matcha-mei-tai-babahordozo\\\/\"]}]},{\"@type\":\"ImageObject\",\"inLanguage\":\"en-US\",\"@id\":\"https:\\\/\\\/emababy.com\\\/product\\\/matcha-mei-tai-babahordozo\\\/#primaryimage\",\"url\":\"https:\\\/\\\/emababy.com\\\/wp-content\\\/uploads\\\/2026\\\/02\\\/photo-output_2.jpeg\",\"contentUrl\":\"https:\\\/\\\/emababy.com\\\/wp-content\\\/uploads\\\/2026\\\/02\\\/photo-output_2.jpeg\",\"width\":2046,\"height\":1148},{\"@type\":\"BreadcrumbList\",\"@id\":\"https:\\\/\\\/emababy.com\\\/product\\\/matcha-mei-tai-babahordozo\\\/#breadcrumb\",\"itemListElement\":[{\"@type\":\"ListItem\",\"position\":1,\"name\":\"Home\",\"item\":\"https:\\\/\\\/emababy.com\\\/\"},{\"@type\":\"ListItem\",\"position\":2,\"name\":\"Bolt\",\"item\":\"https:\\\/\\\/emababy.com\\\/ema-design-babahordozo\\\/\"},{\"@type\":\"ListItem\",\"position\":3,\"name\":\"MATCHA mei tai babahordoz\u00f3\"}]},{\"@type\":\"WebSite\",\"@id\":\"https:\\\/\\\/emababy.com\\\/#website\",\"url\":\"https:\\\/\\\/emababy.com\\\/\",\"name\":\"ema design\",\"description\":\"Babahordoz\u00e1s st\u00edlusosan!\",\"publisher\":{\"@id\":\"https:\\\/\\\/emababy.com\\\/#organization\"},\"alternateName\":\"emababy\",\"potentialAction\":[{\"@type\":\"SearchAction\",\"target\":{\"@type\":\"EntryPoint\",\"urlTemplate\":\"https:\\\/\\\/emababy.com\\\/?s={search_term_string}\"},\"query-input\":{\"@type\":\"PropertyValueSpecification\",\"valueRequired\":true,\"valueName\":\"search_term_string\"}}],\"inLanguage\":\"en-US\"},{\"@type\":\"Organization\",\"@id\":\"https:\\\/\\\/emababy.com\\\/#organization\",\"name\":\"EmaDesign Bt.\",\"url\":\"https:\\\/\\\/emababy.com\\\/\",\"logo\":{\"@type\":\"ImageObject\",\"inLanguage\":\"en-US\",\"@id\":\"https:\\\/\\\/emababy.com\\\/#\\\/schema\\\/logo\\\/image\\\/\",\"url\":\"https:\\\/\\\/emababy.com\\\/wp-content\\\/uploads\\\/2023\\\/03\\\/cropped-logo_light_small.png\",\"contentUrl\":\"https:\\\/\\\/emababy.com\\\/wp-content\\\/uploads\\\/2023\\\/03\\\/cropped-logo_light_small.png\",\"width\":607,\"height\":80,\"caption\":\"EmaDesign Bt.\"},\"image\":{\"@id\":\"https:\\\/\\\/emababy.com\\\/#\\\/schema\\\/logo\\\/image\\\/\"},\"sameAs\":[\"https:\\\/\\\/www.facebook.com\\\/emadesignbabycarriers\\\/\",\"https:\\\/\\\/www.instagram.com\\\/emadesignbabycarriers\\\/\",\"https:\\\/\\\/www.youtube.com\\\/@ema_design\"]}]}<\/script>\n<!-- \/ Yoast SEO plugin. -->","yoast_head_json":{"title":"MATCHA mei tai babahordoz\u00f3 - ema design","description":"Az ema design babahordoz\u00f3: a mei tai 5-6 kil\u00f3s testm\u00e9rett\u0151l ak\u00e1r h\u00e1rom\u00e9ves korig is haszn\u00e1lhat\u00f3. Minimalista, st\u00edlusos babahordoz\u00f3k.","robots":{"index":"index","follow":"follow","max-snippet":"max-snippet:-1","max-image-preview":"max-image-preview:large","max-video-preview":"max-video-preview:-1"},"canonical":"https:\/\/emababy.com\/en\/product\/matcha-mei-tai-babahordozo\/","og_locale":"en_US","og_type":"article","og_title":"MATCHA mei tai babahordoz\u00f3 - ema design","og_description":"Az ema design babahordoz\u00f3: a mei tai 5-6 kil\u00f3s testm\u00e9rett\u0151l ak\u00e1r h\u00e1rom\u00e9ves korig is haszn\u00e1lhat\u00f3. Minimalista, st\u00edlusos babahordoz\u00f3k.","og_url":"https:\/\/emababy.com\/en\/product\/matcha-mei-tai-babahordozo\/","og_site_name":"ema design","article_publisher":"https:\/\/www.facebook.com\/emadesignbabycarriers\/","article_modified_time":"2026-04-22T09:38:19+00:00","og_image":[{"width":2046,"height":1148,"url":"https:\/\/emababy.com\/wp-content\/uploads\/2026\/02\/photo-output_2.jpeg","type":"image\/jpeg"}],"twitter_card":"summary_large_image","twitter_misc":{"Est. reading time":"2 minutes"},"schema":{"@context":"https:\/\/schema.org","@graph":[{"@type":"WebPage","@id":"https:\/\/emababy.com\/product\/matcha-mei-tai-babahordozo\/","url":"https:\/\/emababy.com\/product\/matcha-mei-tai-babahordozo\/","name":"MATCHA mei tai babahordoz\u00f3 - ema design","isPartOf":{"@id":"https:\/\/emababy.com\/#website"},"primaryImageOfPage":{"@id":"https:\/\/emababy.com\/product\/matcha-mei-tai-babahordozo\/#primaryimage"},"image":{"@id":"https:\/\/emababy.com\/product\/matcha-mei-tai-babahordozo\/#primaryimage"},"thumbnailUrl":"https:\/\/emababy.com\/wp-content\/uploads\/2026\/02\/photo-output_2.jpeg","datePublished":"2026-02-24T12:00:22+00:00","dateModified":"2026-04-22T09:38:19+00:00","description":"Az ema design babahordoz\u00f3: a mei tai 5-6 kil\u00f3s testm\u00e9rett\u0151l ak\u00e1r h\u00e1rom\u00e9ves korig is haszn\u00e1lhat\u00f3. Minimalista, st\u00edlusos babahordoz\u00f3k.","breadcrumb":{"@id":"https:\/\/emababy.com\/product\/matcha-mei-tai-babahordozo\/#breadcrumb"},"inLanguage":"en-US","potentialAction":[{"@type":"ReadAction","target":["https:\/\/emababy.com\/product\/matcha-mei-tai-babahordozo\/"]}]},{"@type":"ImageObject","inLanguage":"en-US","@id":"https:\/\/emababy.com\/product\/matcha-mei-tai-babahordozo\/#primaryimage","url":"https:\/\/emababy.com\/wp-content\/uploads\/2026\/02\/photo-output_2.jpeg","contentUrl":"https:\/\/emababy.com\/wp-content\/uploads\/2026\/02\/photo-output_2.jpeg","width":2046,"height":1148},{"@type":"BreadcrumbList","@id":"https:\/\/emababy.com\/product\/matcha-mei-tai-babahordozo\/#breadcrumb","itemListElement":[{"@type":"ListItem","position":1,"name":"Home","item":"https:\/\/emababy.com\/"},{"@type":"ListItem","position":2,"name":"Bolt","item":"https:\/\/emababy.com\/ema-design-babahordozo\/"},{"@type":"ListItem","position":3,"name":"MATCHA mei tai babahordoz\u00f3"}]},{"@type":"WebSite","@id":"https:\/\/emababy.com\/#website","url":"https:\/\/emababy.com\/","name":"ema design","description":"Babahordoz\u00e1s st\u00edlusosan!","publisher":{"@id":"https:\/\/emababy.com\/#organization"},"alternateName":"emababy","potentialAction":[{"@type":"SearchAction","target":{"@type":"EntryPoint","urlTemplate":"https:\/\/emababy.com\/?s={search_term_string}"},"query-input":{"@type":"PropertyValueSpecification","valueRequired":true,"valueName":"search_term_string"}}],"inLanguage":"en-US"},{"@type":"Organization","@id":"https:\/\/emababy.com\/#organization","name":"EmaDesign Bt.","url":"https:\/\/emababy.com\/","logo":{"@type":"ImageObject","inLanguage":"en-US","@id":"https:\/\/emababy.com\/#\/schema\/logo\/image\/","url":"https:\/\/emababy.com\/wp-content\/uploads\/2023\/03\/cropped-logo_light_small.png","contentUrl":"https:\/\/emababy.com\/wp-content\/uploads\/2023\/03\/cropped-logo_light_small.png","width":607,"height":80,"caption":"EmaDesign Bt."},"image":{"@id":"https:\/\/emababy.com\/#\/schema\/logo\/image\/"},"sameAs":["https:\/\/www.facebook.com\/emadesignbabycarriers\/","https:\/\/www.instagram.com\/emadesignbabycarriers\/","https:\/\/www.youtube.com\/@ema_design"]}]}},"_links":{"self":[{"href":"https:\/\/emababy.com\/en\/wp-json\/wp\/v2\/product\/10423","targetHints":{"allow":["GET"]}}],"collection":[{"href":"https:\/\/emababy.com\/en\/wp-json\/wp\/v2\/product"}],"about":[{"href":"https:\/\/emababy.com\/en\/wp-json\/wp\/v2\/types\/product"}],"wp:featuredmedia":[{"embeddable":true,"href":"https:\/\/emababy.com\/en\/wp-json\/wp\/v2\/media\/10488"}],"wp:attachment":[{"href":"https:\/\/emababy.com\/en\/wp-json\/wp\/v2\/media?parent=10423"}],"wp:term":[{"taxonomy":"product_brand","embeddable":true,"href":"https:\/\/emababy.com\/en\/wp-json\/wp\/v2\/product_brand?post=10423"},{"taxonomy":"product_cat","embeddable":true,"href":"https:\/\/emababy.com\/en\/wp-json\/wp\/v2\/product_cat?post=10423"},{"taxonomy":"product_tag","embeddable":true,"href":"https:\/\/emababy.com\/en\/wp-json\/wp\/v2\/product_tag?post=10423"}],"curies":[{"name":"wp","href":"https:\/\/api.w.org\/{rel}","templated":true}]}}