{"id":3393,"date":"2022-09-20T14:34:28","date_gmt":"2022-09-20T13:34:28","guid":{"rendered":"https:\/\/emababy.com\/?post_type=product&#038;p=3393"},"modified":"2026-04-20T08:38:45","modified_gmt":"2026-04-20T06:38:45","slug":"nagy-taska","status":"publish","type":"product","link":"https:\/\/emababy.com\/en\/product\/nagy-taska\/","title":{"rendered":"Mombag large bag"},"content":{"rendered":"<p>Large bag. The huge, all-encompassing \u201emombag\u201d bags are made from the same material as the mei tai, 100% oeko-tex certified cotton canvas. The fabric and straps are in most cases individually hand-painted. We have placed a separate pocket inside the bag where you can put your keys and phone.<\/p>\n<p>An essential item, as you can bring everything with you on a walk: whether it's a change of clothes, food and drinks, diapering supplies, or once the toddler years arrive, even your baby carriers fit in easily!<\/p>","protected":false},"excerpt":{"rendered":"<ul>\n<li>A huge, spacious bag.<\/li>\n<li>Made from 100% oeko-tex certified cotton canvas, with the powder and caramel colors hand-painted.<\/li>\n<li>Available in all ema design colors.<\/li>\n<li>Hungarian product.<\/li>\n<\/ul>","protected":false},"featured_media":8262,"template":"","meta":[],"product_brand":[],"product_cat":[341,317],"product_tag":[],"class_list":{"0":"post-3393","1":"product","2":"type-product","3":"status-publish","4":"has-post-thumbnail","6":"product_cat-basic-kollekcio","7":"product_cat-nagy-taska","9":"first","10":"instock","11":"taxable","12":"shipping-taxable","13":"purchasable","14":"product-type-variable"},"yoast_head":"<!-- This site is optimized with the Yoast SEO plugin v27.5 - https:\/\/yoast.com\/product\/yoast-seo-wordpress\/ -->\n<title>Mombag nagy t\u00e1ska - ema design<\/title>\n<meta name=\"description\" content=\"Nagy t\u00e1ska, mely mindent elnyel. Igazi &quot;mombag&quot;, hiszen mindent magaddal tudsz vinni, amire egy kisbab\u00e1val val\u00f3 s\u00e9ta alkalm\u00e1val sz\u00fcks\u00e9ged lehet.\" \/>\n<meta name=\"robots\" content=\"index, follow, max-snippet:-1, max-image-preview:large, max-video-preview:-1\" \/>\n<link rel=\"canonical\" href=\"https:\/\/emababy.com\/en\/product\/nagy-taska\/\" \/>\n<meta property=\"og:locale\" content=\"en_US\" \/>\n<meta property=\"og:type\" content=\"article\" \/>\n<meta property=\"og:title\" content=\"Mombag nagy t\u00e1ska - ema design\" \/>\n<meta property=\"og:description\" content=\"Nagy t\u00e1ska, mely mindent elnyel. Igazi &quot;mombag&quot;, hiszen mindent magaddal tudsz vinni, amire egy kisbab\u00e1val val\u00f3 s\u00e9ta alkalm\u00e1val sz\u00fcks\u00e9ged lehet.\" \/>\n<meta property=\"og:url\" content=\"https:\/\/emababy.com\/en\/product\/nagy-taska\/\" \/>\n<meta property=\"og:site_name\" content=\"ema design\" \/>\n<meta property=\"article:publisher\" content=\"https:\/\/www.facebook.com\/emadesignbabycarriers\/\" \/>\n<meta property=\"article:modified_time\" content=\"2026-04-20T06:38:45+00:00\" \/>\n<meta property=\"og:image\" content=\"https:\/\/emababy.com\/wp-content\/uploads\/2023\/09\/photo-output-5-scaled-e1714042794371.jpeg\" \/>\n\t<meta property=\"og:image:width\" content=\"1437\" \/>\n\t<meta property=\"og:image:height\" content=\"1437\" \/>\n\t<meta property=\"og:image:type\" content=\"image\/jpeg\" \/>\n<meta name=\"twitter:card\" content=\"summary_large_image\" \/>\n<meta name=\"twitter:label1\" content=\"Est. reading time\" \/>\n\t<meta name=\"twitter:data1\" content=\"1 minute\" \/>\n<script type=\"application\/ld+json\" class=\"yoast-schema-graph\">{\"@context\":\"https:\\\/\\\/schema.org\",\"@graph\":[{\"@type\":\"WebPage\",\"@id\":\"https:\\\/\\\/emababy.com\\\/product\\\/nagy-taska\\\/\",\"url\":\"https:\\\/\\\/emababy.com\\\/product\\\/nagy-taska\\\/\",\"name\":\"Mombag nagy t\u00e1ska - ema design\",\"isPartOf\":{\"@id\":\"https:\\\/\\\/emababy.com\\\/#website\"},\"primaryImageOfPage\":{\"@id\":\"https:\\\/\\\/emababy.com\\\/product\\\/nagy-taska\\\/#primaryimage\"},\"image\":{\"@id\":\"https:\\\/\\\/emababy.com\\\/product\\\/nagy-taska\\\/#primaryimage\"},\"thumbnailUrl\":\"https:\\\/\\\/emababy.com\\\/wp-content\\\/uploads\\\/2023\\\/09\\\/photo-output-5-scaled-e1714042794371.jpeg\",\"datePublished\":\"2022-09-20T13:34:28+00:00\",\"dateModified\":\"2026-04-20T06:38:45+00:00\",\"description\":\"Nagy t\u00e1ska, mely mindent elnyel. Igazi \\\"mombag\\\", hiszen mindent magaddal tudsz vinni, amire egy kisbab\u00e1val val\u00f3 s\u00e9ta alkalm\u00e1val sz\u00fcks\u00e9ged lehet.\",\"breadcrumb\":{\"@id\":\"https:\\\/\\\/emababy.com\\\/product\\\/nagy-taska\\\/#breadcrumb\"},\"inLanguage\":\"en-US\",\"potentialAction\":[{\"@type\":\"ReadAction\",\"target\":[\"https:\\\/\\\/emababy.com\\\/product\\\/nagy-taska\\\/\"]}]},{\"@type\":\"ImageObject\",\"inLanguage\":\"en-US\",\"@id\":\"https:\\\/\\\/emababy.com\\\/product\\\/nagy-taska\\\/#primaryimage\",\"url\":\"https:\\\/\\\/emababy.com\\\/wp-content\\\/uploads\\\/2023\\\/09\\\/photo-output-5-scaled-e1714042794371.jpeg\",\"contentUrl\":\"https:\\\/\\\/emababy.com\\\/wp-content\\\/uploads\\\/2023\\\/09\\\/photo-output-5-scaled-e1714042794371.jpeg\",\"width\":1437,\"height\":1437,\"caption\":\"smaragd nagy t\u00e1ska mombag\"},{\"@type\":\"BreadcrumbList\",\"@id\":\"https:\\\/\\\/emababy.com\\\/product\\\/nagy-taska\\\/#breadcrumb\",\"itemListElement\":[{\"@type\":\"ListItem\",\"position\":1,\"name\":\"Home\",\"item\":\"https:\\\/\\\/emababy.com\\\/\"},{\"@type\":\"ListItem\",\"position\":2,\"name\":\"Bolt\",\"item\":\"https:\\\/\\\/emababy.com\\\/ema-design-babahordozo\\\/\"},{\"@type\":\"ListItem\",\"position\":3,\"name\":\"Mombag nagy t\u00e1ska\"}]},{\"@type\":\"WebSite\",\"@id\":\"https:\\\/\\\/emababy.com\\\/#website\",\"url\":\"https:\\\/\\\/emababy.com\\\/\",\"name\":\"ema design\",\"description\":\"Babahordoz\u00e1s st\u00edlusosan!\",\"publisher\":{\"@id\":\"https:\\\/\\\/emababy.com\\\/#organization\"},\"alternateName\":\"emababy\",\"potentialAction\":[{\"@type\":\"SearchAction\",\"target\":{\"@type\":\"EntryPoint\",\"urlTemplate\":\"https:\\\/\\\/emababy.com\\\/?s={search_term_string}\"},\"query-input\":{\"@type\":\"PropertyValueSpecification\",\"valueRequired\":true,\"valueName\":\"search_term_string\"}}],\"inLanguage\":\"en-US\"},{\"@type\":\"Organization\",\"@id\":\"https:\\\/\\\/emababy.com\\\/#organization\",\"name\":\"EmaDesign Bt.\",\"url\":\"https:\\\/\\\/emababy.com\\\/\",\"logo\":{\"@type\":\"ImageObject\",\"inLanguage\":\"en-US\",\"@id\":\"https:\\\/\\\/emababy.com\\\/#\\\/schema\\\/logo\\\/image\\\/\",\"url\":\"https:\\\/\\\/emababy.com\\\/wp-content\\\/uploads\\\/2023\\\/03\\\/cropped-logo_light_small.png\",\"contentUrl\":\"https:\\\/\\\/emababy.com\\\/wp-content\\\/uploads\\\/2023\\\/03\\\/cropped-logo_light_small.png\",\"width\":607,\"height\":80,\"caption\":\"EmaDesign Bt.\"},\"image\":{\"@id\":\"https:\\\/\\\/emababy.com\\\/#\\\/schema\\\/logo\\\/image\\\/\"},\"sameAs\":[\"https:\\\/\\\/www.facebook.com\\\/emadesignbabycarriers\\\/\",\"https:\\\/\\\/www.instagram.com\\\/emadesignbabycarriers\\\/\",\"https:\\\/\\\/www.youtube.com\\\/@ema_design\"]}]}<\/script>\n<!-- \/ Yoast SEO plugin. -->","yoast_head_json":{"title":"Mombag nagy t\u00e1ska - ema design","description":"Nagy t\u00e1ska, mely mindent elnyel. Igazi \"mombag\", hiszen mindent magaddal tudsz vinni, amire egy kisbab\u00e1val val\u00f3 s\u00e9ta alkalm\u00e1val sz\u00fcks\u00e9ged lehet.","robots":{"index":"index","follow":"follow","max-snippet":"max-snippet:-1","max-image-preview":"max-image-preview:large","max-video-preview":"max-video-preview:-1"},"canonical":"https:\/\/emababy.com\/en\/product\/nagy-taska\/","og_locale":"en_US","og_type":"article","og_title":"Mombag nagy t\u00e1ska - ema design","og_description":"Nagy t\u00e1ska, mely mindent elnyel. Igazi \"mombag\", hiszen mindent magaddal tudsz vinni, amire egy kisbab\u00e1val val\u00f3 s\u00e9ta alkalm\u00e1val sz\u00fcks\u00e9ged lehet.","og_url":"https:\/\/emababy.com\/en\/product\/nagy-taska\/","og_site_name":"ema design","article_publisher":"https:\/\/www.facebook.com\/emadesignbabycarriers\/","article_modified_time":"2026-04-20T06:38:45+00:00","og_image":[{"width":1437,"height":1437,"url":"https:\/\/emababy.com\/wp-content\/uploads\/2023\/09\/photo-output-5-scaled-e1714042794371.jpeg","type":"image\/jpeg"}],"twitter_card":"summary_large_image","twitter_misc":{"Est. reading time":"1 minute"},"schema":{"@context":"https:\/\/schema.org","@graph":[{"@type":"WebPage","@id":"https:\/\/emababy.com\/product\/nagy-taska\/","url":"https:\/\/emababy.com\/product\/nagy-taska\/","name":"Mombag nagy t\u00e1ska - ema design","isPartOf":{"@id":"https:\/\/emababy.com\/#website"},"primaryImageOfPage":{"@id":"https:\/\/emababy.com\/product\/nagy-taska\/#primaryimage"},"image":{"@id":"https:\/\/emababy.com\/product\/nagy-taska\/#primaryimage"},"thumbnailUrl":"https:\/\/emababy.com\/wp-content\/uploads\/2023\/09\/photo-output-5-scaled-e1714042794371.jpeg","datePublished":"2022-09-20T13:34:28+00:00","dateModified":"2026-04-20T06:38:45+00:00","description":"Nagy t\u00e1ska, mely mindent elnyel. Igazi \"mombag\", hiszen mindent magaddal tudsz vinni, amire egy kisbab\u00e1val val\u00f3 s\u00e9ta alkalm\u00e1val sz\u00fcks\u00e9ged lehet.","breadcrumb":{"@id":"https:\/\/emababy.com\/product\/nagy-taska\/#breadcrumb"},"inLanguage":"en-US","potentialAction":[{"@type":"ReadAction","target":["https:\/\/emababy.com\/product\/nagy-taska\/"]}]},{"@type":"ImageObject","inLanguage":"en-US","@id":"https:\/\/emababy.com\/product\/nagy-taska\/#primaryimage","url":"https:\/\/emababy.com\/wp-content\/uploads\/2023\/09\/photo-output-5-scaled-e1714042794371.jpeg","contentUrl":"https:\/\/emababy.com\/wp-content\/uploads\/2023\/09\/photo-output-5-scaled-e1714042794371.jpeg","width":1437,"height":1437,"caption":"smaragd nagy t\u00e1ska mombag"},{"@type":"BreadcrumbList","@id":"https:\/\/emababy.com\/product\/nagy-taska\/#breadcrumb","itemListElement":[{"@type":"ListItem","position":1,"name":"Home","item":"https:\/\/emababy.com\/"},{"@type":"ListItem","position":2,"name":"Bolt","item":"https:\/\/emababy.com\/ema-design-babahordozo\/"},{"@type":"ListItem","position":3,"name":"Mombag nagy t\u00e1ska"}]},{"@type":"WebSite","@id":"https:\/\/emababy.com\/#website","url":"https:\/\/emababy.com\/","name":"ema design","description":"Babahordoz\u00e1s st\u00edlusosan!","publisher":{"@id":"https:\/\/emababy.com\/#organization"},"alternateName":"emababy","potentialAction":[{"@type":"SearchAction","target":{"@type":"EntryPoint","urlTemplate":"https:\/\/emababy.com\/?s={search_term_string}"},"query-input":{"@type":"PropertyValueSpecification","valueRequired":true,"valueName":"search_term_string"}}],"inLanguage":"en-US"},{"@type":"Organization","@id":"https:\/\/emababy.com\/#organization","name":"EmaDesign Bt.","url":"https:\/\/emababy.com\/","logo":{"@type":"ImageObject","inLanguage":"en-US","@id":"https:\/\/emababy.com\/#\/schema\/logo\/image\/","url":"https:\/\/emababy.com\/wp-content\/uploads\/2023\/03\/cropped-logo_light_small.png","contentUrl":"https:\/\/emababy.com\/wp-content\/uploads\/2023\/03\/cropped-logo_light_small.png","width":607,"height":80,"caption":"EmaDesign Bt."},"image":{"@id":"https:\/\/emababy.com\/#\/schema\/logo\/image\/"},"sameAs":["https:\/\/www.facebook.com\/emadesignbabycarriers\/","https:\/\/www.instagram.com\/emadesignbabycarriers\/","https:\/\/www.youtube.com\/@ema_design"]}]}},"_links":{"self":[{"href":"https:\/\/emababy.com\/en\/wp-json\/wp\/v2\/product\/3393","targetHints":{"allow":["GET"]}}],"collection":[{"href":"https:\/\/emababy.com\/en\/wp-json\/wp\/v2\/product"}],"about":[{"href":"https:\/\/emababy.com\/en\/wp-json\/wp\/v2\/types\/product"}],"wp:featuredmedia":[{"embeddable":true,"href":"https:\/\/emababy.com\/en\/wp-json\/wp\/v2\/media\/8262"}],"wp:attachment":[{"href":"https:\/\/emababy.com\/en\/wp-json\/wp\/v2\/media?parent=3393"}],"wp:term":[{"taxonomy":"product_brand","embeddable":true,"href":"https:\/\/emababy.com\/en\/wp-json\/wp\/v2\/product_brand?post=3393"},{"taxonomy":"product_cat","embeddable":true,"href":"https:\/\/emababy.com\/en\/wp-json\/wp\/v2\/product_cat?post=3393"},{"taxonomy":"product_tag","embeddable":true,"href":"https:\/\/emababy.com\/en\/wp-json\/wp\/v2\/product_tag?post=3393"}],"curies":[{"name":"wp","href":"https:\/\/api.w.org\/{rel}","templated":true}]}}