{"id":3439,"date":"2022-09-20T20:05:30","date_gmt":"2022-09-20T18:05:30","guid":{"rendered":"https:\/\/emababy.com\/?post_type=product&#038;p=3439"},"modified":"2026-03-09T17:26:34","modified_gmt":"2026-03-09T16:26:34","slug":"babatakaro","status":"publish","type":"product","link":"https:\/\/emababy.com\/en\/product\/babatakaro\/","title":{"rendered":"Duplag\u00e9z babatakar\u00f3"},"content":{"rendered":"<p>Az ema design babatakar\u00f3 strapab\u00edr\u00f3 duplag\u00e9zb\u0151l k\u00e9sz\u00fclnek, m\u00e9gis p<span style=\"font-weight: 400;\">ihe-puh\u00e1k. N<\/span><span style=\"font-weight: 400;\">agyr\u00e9szt egyedileg, bababar\u00e1t fest\u00e9kkel festettek. Sokoldal\u00fa haszn\u00e1lhat\u00f3s\u00e1ga r\u00e9v\u00e9n a bab\u00e1s korszak praktikus kell\u00e9ke: <\/span><\/p>\n<ul>\n<li><span style=\"font-weight: 400;\">bebugyol\u00e1lhatod vele kisbab\u00e1d (csakis laza, a cs\u00edp\u0151fejl\u0151d\u00e9st is figyelembe vev\u0151 m\u00f3don! &#8211; a l\u00e1bakat sose &#8222;k\u00f6sd le&#8221;, azok ortop\u00e9diailag is eg\u00e9szs\u00e9ges M poz\u00edci\u00f3ban maradjanak)\u00a0\u00a0<\/span><\/li>\n<li>ny\u00e1ron k\u00f6nnyed takar\u00f3k\u00e9nt szolg\u00e1l<\/li>\n<li>seg\u00edts\u00e9gedre lehet szoptat\u00e1skor is, hiszen b\u0151ven el tudod vele<\/li>\n<li>hatalmas m\u00e9ret\u00e9nek k\u00f6sz\u00f6nhet\u0151en sok\u00e1ig haszn\u00e1lhatj\u00e1tok v\u00e9kony gyerektakar\u00f3nak<\/li>\n<\/ul>","protected":false},"excerpt":{"rendered":"<ul>\n<li><span style=\"font-weight: 400;\">Pihe-puha, m\u00e9gis strapab\u00edr\u00f3 duplag\u00e9z takar\u00f3. <\/span><\/li>\n<li><span style=\"font-weight: 400;\">Alapanyaga oeko-tex min\u0151s\u00edt\u00e9s\u0171 100% pamut duplag\u00e9z.\u00a0<\/span><\/li>\n<li>Az ema design \u00f6sszes sz\u00edn\u00e9ben<\/li>\n<li><span style=\"font-weight: 400;\">Hatalmas, kb. 130x130cm-es m\u00e9retben.<\/span><\/li>\n<li>Hungarian product.<\/li>\n<\/ul>","protected":false},"featured_media":3493,"template":"","meta":[],"product_brand":[],"product_cat":[286,106],"product_tag":[],"class_list":{"0":"post-3439","1":"product","2":"type-product","3":"status-publish","4":"has-post-thumbnail","6":"product_cat-categ-akcio","7":"product_cat-categ-babatakaro","9":"first","10":"instock","11":"sale","12":"taxable","13":"shipping-taxable","14":"purchasable","15":"product-type-variable"},"yoast_head":"<!-- This site is optimized with the Yoast SEO plugin v27.5 - https:\/\/yoast.com\/product\/yoast-seo-wordpress\/ -->\n<title>Duplag\u00e9z babatakar\u00f3 - ema design<\/title>\n<meta name=\"description\" content=\"Az ema design babatakar\u00f3 strapab\u00edr\u00f3 duplag\u00e9zb\u0151l k\u00e9sz\u00fclnek, m\u00e9gis pihe-puh\u00e1k. Sokoldal\u00fa haszn\u00e1lhat\u00f3s\u00e1ga r\u00e9v\u00e9n a bab\u00e1s korszak praktikus kell\u00e9ke.\" \/>\n<meta name=\"robots\" content=\"index, follow, max-snippet:-1, max-image-preview:large, max-video-preview:-1\" \/>\n<link rel=\"canonical\" href=\"https:\/\/emababy.com\/en\/product\/babatakaro\/\" \/>\n<meta property=\"og:locale\" content=\"en_US\" \/>\n<meta property=\"og:type\" content=\"article\" \/>\n<meta property=\"og:title\" content=\"Duplag\u00e9z babatakar\u00f3 - ema design\" \/>\n<meta property=\"og:description\" content=\"Az ema design babatakar\u00f3 strapab\u00edr\u00f3 duplag\u00e9zb\u0151l k\u00e9sz\u00fclnek, m\u00e9gis pihe-puh\u00e1k. Sokoldal\u00fa haszn\u00e1lhat\u00f3s\u00e1ga r\u00e9v\u00e9n a bab\u00e1s korszak praktikus kell\u00e9ke.\" \/>\n<meta property=\"og:url\" content=\"https:\/\/emababy.com\/en\/product\/babatakaro\/\" \/>\n<meta property=\"og:site_name\" content=\"ema design\" \/>\n<meta property=\"article:publisher\" content=\"https:\/\/www.facebook.com\/emadesignbabycarriers\/\" \/>\n<meta property=\"article:modified_time\" content=\"2026-03-09T16:26:34+00:00\" \/>\n<meta property=\"og:image\" content=\"https:\/\/emababy.com\/wp-content\/uploads\/2022\/09\/DSC02741-scaled-e1668432559234.jpg\" \/>\n\t<meta property=\"og:image:width\" content=\"2048\" \/>\n\t<meta property=\"og:image:height\" content=\"2048\" \/>\n\t<meta property=\"og:image:type\" content=\"image\/jpeg\" \/>\n<meta name=\"twitter:card\" content=\"summary_large_image\" \/>\n<meta name=\"twitter:label1\" content=\"Est. reading time\" \/>\n\t<meta name=\"twitter:data1\" content=\"1 minute\" \/>\n<script type=\"application\/ld+json\" class=\"yoast-schema-graph\">{\"@context\":\"https:\\\/\\\/schema.org\",\"@graph\":[{\"@type\":\"WebPage\",\"@id\":\"https:\\\/\\\/emababy.com\\\/product\\\/babatakaro\\\/\",\"url\":\"https:\\\/\\\/emababy.com\\\/product\\\/babatakaro\\\/\",\"name\":\"Duplag\u00e9z babatakar\u00f3 - ema design\",\"isPartOf\":{\"@id\":\"https:\\\/\\\/emababy.com\\\/#website\"},\"primaryImageOfPage\":{\"@id\":\"https:\\\/\\\/emababy.com\\\/product\\\/babatakaro\\\/#primaryimage\"},\"image\":{\"@id\":\"https:\\\/\\\/emababy.com\\\/product\\\/babatakaro\\\/#primaryimage\"},\"thumbnailUrl\":\"https:\\\/\\\/emababy.com\\\/wp-content\\\/uploads\\\/2022\\\/09\\\/DSC02741-scaled-e1668432559234.jpg\",\"datePublished\":\"2022-09-20T18:05:30+00:00\",\"dateModified\":\"2026-03-09T16:26:34+00:00\",\"description\":\"Az ema design babatakar\u00f3 strapab\u00edr\u00f3 duplag\u00e9zb\u0151l k\u00e9sz\u00fclnek, m\u00e9gis pihe-puh\u00e1k. Sokoldal\u00fa haszn\u00e1lhat\u00f3s\u00e1ga r\u00e9v\u00e9n a bab\u00e1s korszak praktikus kell\u00e9ke.\",\"breadcrumb\":{\"@id\":\"https:\\\/\\\/emababy.com\\\/product\\\/babatakaro\\\/#breadcrumb\"},\"inLanguage\":\"en-US\",\"potentialAction\":[{\"@type\":\"ReadAction\",\"target\":[\"https:\\\/\\\/emababy.com\\\/product\\\/babatakaro\\\/\"]}]},{\"@type\":\"ImageObject\",\"inLanguage\":\"en-US\",\"@id\":\"https:\\\/\\\/emababy.com\\\/product\\\/babatakaro\\\/#primaryimage\",\"url\":\"https:\\\/\\\/emababy.com\\\/wp-content\\\/uploads\\\/2022\\\/09\\\/DSC02741-scaled-e1668432559234.jpg\",\"contentUrl\":\"https:\\\/\\\/emababy.com\\\/wp-content\\\/uploads\\\/2022\\\/09\\\/DSC02741-scaled-e1668432559234.jpg\",\"width\":2048,\"height\":2048,\"caption\":\"babatakar\u00f3 ema design\"},{\"@type\":\"BreadcrumbList\",\"@id\":\"https:\\\/\\\/emababy.com\\\/product\\\/babatakaro\\\/#breadcrumb\",\"itemListElement\":[{\"@type\":\"ListItem\",\"position\":1,\"name\":\"Home\",\"item\":\"https:\\\/\\\/emababy.com\\\/\"},{\"@type\":\"ListItem\",\"position\":2,\"name\":\"Bolt\",\"item\":\"https:\\\/\\\/emababy.com\\\/ema-design-babahordozo\\\/\"},{\"@type\":\"ListItem\",\"position\":3,\"name\":\"Duplag\u00e9z babatakar\u00f3\"}]},{\"@type\":\"WebSite\",\"@id\":\"https:\\\/\\\/emababy.com\\\/#website\",\"url\":\"https:\\\/\\\/emababy.com\\\/\",\"name\":\"ema design\",\"description\":\"Babahordoz\u00e1s st\u00edlusosan!\",\"publisher\":{\"@id\":\"https:\\\/\\\/emababy.com\\\/#organization\"},\"alternateName\":\"emababy\",\"potentialAction\":[{\"@type\":\"SearchAction\",\"target\":{\"@type\":\"EntryPoint\",\"urlTemplate\":\"https:\\\/\\\/emababy.com\\\/?s={search_term_string}\"},\"query-input\":{\"@type\":\"PropertyValueSpecification\",\"valueRequired\":true,\"valueName\":\"search_term_string\"}}],\"inLanguage\":\"en-US\"},{\"@type\":\"Organization\",\"@id\":\"https:\\\/\\\/emababy.com\\\/#organization\",\"name\":\"EmaDesign Bt.\",\"url\":\"https:\\\/\\\/emababy.com\\\/\",\"logo\":{\"@type\":\"ImageObject\",\"inLanguage\":\"en-US\",\"@id\":\"https:\\\/\\\/emababy.com\\\/#\\\/schema\\\/logo\\\/image\\\/\",\"url\":\"https:\\\/\\\/emababy.com\\\/wp-content\\\/uploads\\\/2023\\\/03\\\/cropped-logo_light_small.png\",\"contentUrl\":\"https:\\\/\\\/emababy.com\\\/wp-content\\\/uploads\\\/2023\\\/03\\\/cropped-logo_light_small.png\",\"width\":607,\"height\":80,\"caption\":\"EmaDesign Bt.\"},\"image\":{\"@id\":\"https:\\\/\\\/emababy.com\\\/#\\\/schema\\\/logo\\\/image\\\/\"},\"sameAs\":[\"https:\\\/\\\/www.facebook.com\\\/emadesignbabycarriers\\\/\",\"https:\\\/\\\/www.instagram.com\\\/emadesignbabycarriers\\\/\",\"https:\\\/\\\/www.youtube.com\\\/@ema_design\"]}]}<\/script>\n<!-- \/ Yoast SEO plugin. -->","yoast_head_json":{"title":"Duplag\u00e9z babatakar\u00f3 - ema design","description":"Az ema design babatakar\u00f3 strapab\u00edr\u00f3 duplag\u00e9zb\u0151l k\u00e9sz\u00fclnek, m\u00e9gis pihe-puh\u00e1k. Sokoldal\u00fa haszn\u00e1lhat\u00f3s\u00e1ga r\u00e9v\u00e9n a bab\u00e1s korszak praktikus kell\u00e9ke.","robots":{"index":"index","follow":"follow","max-snippet":"max-snippet:-1","max-image-preview":"max-image-preview:large","max-video-preview":"max-video-preview:-1"},"canonical":"https:\/\/emababy.com\/en\/product\/babatakaro\/","og_locale":"en_US","og_type":"article","og_title":"Duplag\u00e9z babatakar\u00f3 - ema design","og_description":"Az ema design babatakar\u00f3 strapab\u00edr\u00f3 duplag\u00e9zb\u0151l k\u00e9sz\u00fclnek, m\u00e9gis pihe-puh\u00e1k. Sokoldal\u00fa haszn\u00e1lhat\u00f3s\u00e1ga r\u00e9v\u00e9n a bab\u00e1s korszak praktikus kell\u00e9ke.","og_url":"https:\/\/emababy.com\/en\/product\/babatakaro\/","og_site_name":"ema design","article_publisher":"https:\/\/www.facebook.com\/emadesignbabycarriers\/","article_modified_time":"2026-03-09T16:26:34+00:00","og_image":[{"width":2048,"height":2048,"url":"https:\/\/emababy.com\/wp-content\/uploads\/2022\/09\/DSC02741-scaled-e1668432559234.jpg","type":"image\/jpeg"}],"twitter_card":"summary_large_image","twitter_misc":{"Est. reading time":"1 minute"},"schema":{"@context":"https:\/\/schema.org","@graph":[{"@type":"WebPage","@id":"https:\/\/emababy.com\/product\/babatakaro\/","url":"https:\/\/emababy.com\/product\/babatakaro\/","name":"Duplag\u00e9z babatakar\u00f3 - ema design","isPartOf":{"@id":"https:\/\/emababy.com\/#website"},"primaryImageOfPage":{"@id":"https:\/\/emababy.com\/product\/babatakaro\/#primaryimage"},"image":{"@id":"https:\/\/emababy.com\/product\/babatakaro\/#primaryimage"},"thumbnailUrl":"https:\/\/emababy.com\/wp-content\/uploads\/2022\/09\/DSC02741-scaled-e1668432559234.jpg","datePublished":"2022-09-20T18:05:30+00:00","dateModified":"2026-03-09T16:26:34+00:00","description":"Az ema design babatakar\u00f3 strapab\u00edr\u00f3 duplag\u00e9zb\u0151l k\u00e9sz\u00fclnek, m\u00e9gis pihe-puh\u00e1k. Sokoldal\u00fa haszn\u00e1lhat\u00f3s\u00e1ga r\u00e9v\u00e9n a bab\u00e1s korszak praktikus kell\u00e9ke.","breadcrumb":{"@id":"https:\/\/emababy.com\/product\/babatakaro\/#breadcrumb"},"inLanguage":"en-US","potentialAction":[{"@type":"ReadAction","target":["https:\/\/emababy.com\/product\/babatakaro\/"]}]},{"@type":"ImageObject","inLanguage":"en-US","@id":"https:\/\/emababy.com\/product\/babatakaro\/#primaryimage","url":"https:\/\/emababy.com\/wp-content\/uploads\/2022\/09\/DSC02741-scaled-e1668432559234.jpg","contentUrl":"https:\/\/emababy.com\/wp-content\/uploads\/2022\/09\/DSC02741-scaled-e1668432559234.jpg","width":2048,"height":2048,"caption":"babatakar\u00f3 ema design"},{"@type":"BreadcrumbList","@id":"https:\/\/emababy.com\/product\/babatakaro\/#breadcrumb","itemListElement":[{"@type":"ListItem","position":1,"name":"Home","item":"https:\/\/emababy.com\/"},{"@type":"ListItem","position":2,"name":"Bolt","item":"https:\/\/emababy.com\/ema-design-babahordozo\/"},{"@type":"ListItem","position":3,"name":"Duplag\u00e9z babatakar\u00f3"}]},{"@type":"WebSite","@id":"https:\/\/emababy.com\/#website","url":"https:\/\/emababy.com\/","name":"ema design","description":"Babahordoz\u00e1s st\u00edlusosan!","publisher":{"@id":"https:\/\/emababy.com\/#organization"},"alternateName":"emababy","potentialAction":[{"@type":"SearchAction","target":{"@type":"EntryPoint","urlTemplate":"https:\/\/emababy.com\/?s={search_term_string}"},"query-input":{"@type":"PropertyValueSpecification","valueRequired":true,"valueName":"search_term_string"}}],"inLanguage":"en-US"},{"@type":"Organization","@id":"https:\/\/emababy.com\/#organization","name":"EmaDesign Bt.","url":"https:\/\/emababy.com\/","logo":{"@type":"ImageObject","inLanguage":"en-US","@id":"https:\/\/emababy.com\/#\/schema\/logo\/image\/","url":"https:\/\/emababy.com\/wp-content\/uploads\/2023\/03\/cropped-logo_light_small.png","contentUrl":"https:\/\/emababy.com\/wp-content\/uploads\/2023\/03\/cropped-logo_light_small.png","width":607,"height":80,"caption":"EmaDesign Bt."},"image":{"@id":"https:\/\/emababy.com\/#\/schema\/logo\/image\/"},"sameAs":["https:\/\/www.facebook.com\/emadesignbabycarriers\/","https:\/\/www.instagram.com\/emadesignbabycarriers\/","https:\/\/www.youtube.com\/@ema_design"]}]}},"_links":{"self":[{"href":"https:\/\/emababy.com\/en\/wp-json\/wp\/v2\/product\/3439","targetHints":{"allow":["GET"]}}],"collection":[{"href":"https:\/\/emababy.com\/en\/wp-json\/wp\/v2\/product"}],"about":[{"href":"https:\/\/emababy.com\/en\/wp-json\/wp\/v2\/types\/product"}],"wp:featuredmedia":[{"embeddable":true,"href":"https:\/\/emababy.com\/en\/wp-json\/wp\/v2\/media\/3493"}],"wp:attachment":[{"href":"https:\/\/emababy.com\/en\/wp-json\/wp\/v2\/media?parent=3439"}],"wp:term":[{"taxonomy":"product_brand","embeddable":true,"href":"https:\/\/emababy.com\/en\/wp-json\/wp\/v2\/product_brand?post=3439"},{"taxonomy":"product_cat","embeddable":true,"href":"https:\/\/emababy.com\/en\/wp-json\/wp\/v2\/product_cat?post=3439"},{"taxonomy":"product_tag","embeddable":true,"href":"https:\/\/emababy.com\/en\/wp-json\/wp\/v2\/product_tag?post=3439"}],"curies":[{"name":"wp","href":"https:\/\/api.w.org\/{rel}","templated":true}]}}