{"id":3460,"date":"2022-09-20T20:56:06","date_gmt":"2022-09-20T18:56:06","guid":{"rendered":"https:\/\/emababy.com\/?post_type=product&#038;p=3460"},"modified":"2026-04-24T07:20:40","modified_gmt":"2026-04-24T05:20:40","slug":"karikas-kendo-babahordozo","status":"publish","type":"product","link":"https:\/\/emababy.com\/en\/product\/karikas-kendo-babahordozo\/","title":{"rendered":"Ring sling baby carrier"},"content":{"rendered":"<p><strong>What is a ring sling and what is it good for?<\/strong><\/p>\n<p>The ema design woven ring sling consists of a two-meter-long piece of woven wrap fabric and two metal rings sewn onto one end. If the free end of the wrap is properly threaded through the rings, they secure the fabric so it cannot slip. After that, you just put it on, place the baby inside, pull the fabric tight, and you're ready to go!<\/p>\n<p>The woven ring sling can be used from the moment of birth for as long as needed, for front, hip, or even back carrying. Its main profile is hip carrying, but many people enjoy using it for front carrying with very small babies in the first few months. Once the baby has stable head control, it can also be quickly rotated to the back for short periods if the baby is \u201ein the way.\u201d.<\/p>\n<p>It is an excellent complement to the ema design mei tai.<\/p>\n<p><strong>From what age is the ring sling suitable?<\/strong><\/p>\n<p>The woven ring sling can be used for front and hip carrying from the very first moments.<br \/>\nWhile the baby cannot yet hold their head up, pull the sling all the way up to the nape of their neck. When carrying on the hip, one of our arms also supports them. The hanging tail of the sling can also provide extra support for the baby's head.<br \/>\nLater, it is enough to bring the sling up to shoulder level. And once your baby can also support the upper part of their back, their arms can come outside as well.<\/p>\n<p><strong>Advantages of the woven ring sling<\/strong><\/p>\n<ul>\n<li>quick to use<\/li>\n<li>short learning process<\/li>\n<li>light and airy<\/li>\n<li>suitable for babies of any size<\/li>\n<li>can be used for front, hip, or even back carrying<\/li>\n<li>ideal for breastfeeding and feeding<\/li>\n<li>does not touch the ground during use<\/li>\n<li>no need for tying<\/li>\n<li>the baby can be supported in multiple positions<\/li>\n<li>small, fits in a small space<\/li>\n<\/ul>","protected":false},"excerpt":{"rendered":"<ul>\n<li><span style=\"font-weight: 400;\">It can be used from the moment of birth for as long as needed.<\/span><\/li>\n<li><span style=\"font-weight: 400;\">The carriers come with tying instructions, but additional tutorials are available on our YouTube and Instagram pages to help you master the techniques.<\/span><\/li>\n<li><span style=\"font-weight: 400;\">The carriers are made of 100% Oeko-Tex certified cross-twill wrap fabric, with weld-free aluminum rings.<\/span><\/li>\n<li><span style=\"font-weight: 400;\">Available in almost all ema design colors (except denim), most of them are individually hand-dyed with baby-friendly dye.<\/span><\/li>\n<li>Its main profile is hip carrying, but many people enjoy using it for front carrying with very small babies in the first few months.<\/li>\n<li>Hungarian product.<\/li>\n<\/ul>","protected":false},"featured_media":9066,"template":"","meta":[],"product_brand":[],"product_cat":[104],"product_tag":[],"class_list":{"0":"post-3460","1":"product","2":"type-product","3":"status-publish","4":"has-post-thumbnail","6":"product_cat-categ-karikas","8":"first","9":"instock","10":"sale","11":"taxable","12":"shipping-taxable","13":"purchasable","14":"product-type-variable"},"yoast_head":"<!-- This site is optimized with the Yoast SEO plugin v27.5 - https:\/\/yoast.com\/product\/yoast-seo-wordpress\/ -->\n<title>Karik\u00e1s kend\u0151 babahordoz\u00f3 - ema design<\/title>\n<meta name=\"description\" content=\"Az ema design karik\u00e1s kend\u0151 babahordoz\u00f3 a sz\u00fclet\u00e9s pillanat\u00e1t\u00f3l ak\u00e1rmeddig haszn\u00e1lhat\u00f3. F\u0151 profilja a cs\u00edp\u0151n hordoz\u00e1s, de picikkel sokan haszn\u00e1lj\u00e1k el\u00f6l is.\" \/>\n<meta name=\"robots\" content=\"index, follow, max-snippet:-1, max-image-preview:large, max-video-preview:-1\" \/>\n<link rel=\"canonical\" href=\"https:\/\/emababy.com\/en\/product\/karikas-kendo-babahordozo\/\" \/>\n<meta property=\"og:locale\" content=\"en_US\" \/>\n<meta property=\"og:type\" content=\"article\" \/>\n<meta property=\"og:title\" content=\"Karik\u00e1s kend\u0151 babahordoz\u00f3 - ema design\" \/>\n<meta property=\"og:description\" content=\"Az ema design karik\u00e1s kend\u0151 babahordoz\u00f3 a sz\u00fclet\u00e9s pillanat\u00e1t\u00f3l ak\u00e1rmeddig haszn\u00e1lhat\u00f3. F\u0151 profilja a cs\u00edp\u0151n hordoz\u00e1s, de picikkel sokan haszn\u00e1lj\u00e1k el\u00f6l is.\" \/>\n<meta property=\"og:url\" content=\"https:\/\/emababy.com\/en\/product\/karikas-kendo-babahordozo\/\" \/>\n<meta property=\"og:site_name\" content=\"ema design\" \/>\n<meta property=\"article:publisher\" content=\"https:\/\/www.facebook.com\/emadesignbabycarriers\/\" \/>\n<meta property=\"article:modified_time\" content=\"2026-04-24T05:20:40+00:00\" \/>\n<meta property=\"og:image\" content=\"https:\/\/emababy.com\/wp-content\/uploads\/2024\/05\/photo-output-scaled.jpeg\" \/>\n\t<meta property=\"og:image:width\" content=\"2560\" \/>\n\t<meta property=\"og:image:height\" content=\"2560\" \/>\n\t<meta property=\"og:image:type\" content=\"image\/jpeg\" \/>\n<meta name=\"twitter:card\" content=\"summary_large_image\" \/>\n<meta name=\"twitter:label1\" content=\"Est. reading time\" \/>\n\t<meta name=\"twitter:data1\" content=\"2 minutes\" \/>\n<script type=\"application\/ld+json\" class=\"yoast-schema-graph\">{\"@context\":\"https:\\\/\\\/schema.org\",\"@graph\":[{\"@type\":\"WebPage\",\"@id\":\"https:\\\/\\\/emababy.com\\\/product\\\/karikas-kendo-babahordozo\\\/\",\"url\":\"https:\\\/\\\/emababy.com\\\/product\\\/karikas-kendo-babahordozo\\\/\",\"name\":\"Karik\u00e1s kend\u0151 babahordoz\u00f3 - ema design\",\"isPartOf\":{\"@id\":\"https:\\\/\\\/emababy.com\\\/#website\"},\"primaryImageOfPage\":{\"@id\":\"https:\\\/\\\/emababy.com\\\/product\\\/karikas-kendo-babahordozo\\\/#primaryimage\"},\"image\":{\"@id\":\"https:\\\/\\\/emababy.com\\\/product\\\/karikas-kendo-babahordozo\\\/#primaryimage\"},\"thumbnailUrl\":\"https:\\\/\\\/emababy.com\\\/wp-content\\\/uploads\\\/2024\\\/05\\\/photo-output-scaled.jpeg\",\"datePublished\":\"2022-09-20T18:56:06+00:00\",\"dateModified\":\"2026-04-24T05:20:40+00:00\",\"description\":\"Az ema design karik\u00e1s kend\u0151 babahordoz\u00f3 a sz\u00fclet\u00e9s pillanat\u00e1t\u00f3l ak\u00e1rmeddig haszn\u00e1lhat\u00f3. F\u0151 profilja a cs\u00edp\u0151n hordoz\u00e1s, de picikkel sokan haszn\u00e1lj\u00e1k el\u00f6l is.\",\"breadcrumb\":{\"@id\":\"https:\\\/\\\/emababy.com\\\/product\\\/karikas-kendo-babahordozo\\\/#breadcrumb\"},\"inLanguage\":\"en-US\",\"potentialAction\":[{\"@type\":\"ReadAction\",\"target\":[\"https:\\\/\\\/emababy.com\\\/product\\\/karikas-kendo-babahordozo\\\/\"]}]},{\"@type\":\"ImageObject\",\"inLanguage\":\"en-US\",\"@id\":\"https:\\\/\\\/emababy.com\\\/product\\\/karikas-kendo-babahordozo\\\/#primaryimage\",\"url\":\"https:\\\/\\\/emababy.com\\\/wp-content\\\/uploads\\\/2024\\\/05\\\/photo-output-scaled.jpeg\",\"contentUrl\":\"https:\\\/\\\/emababy.com\\\/wp-content\\\/uploads\\\/2024\\\/05\\\/photo-output-scaled.jpeg\",\"width\":2560,\"height\":2560},{\"@type\":\"BreadcrumbList\",\"@id\":\"https:\\\/\\\/emababy.com\\\/product\\\/karikas-kendo-babahordozo\\\/#breadcrumb\",\"itemListElement\":[{\"@type\":\"ListItem\",\"position\":1,\"name\":\"Home\",\"item\":\"https:\\\/\\\/emababy.com\\\/\"},{\"@type\":\"ListItem\",\"position\":2,\"name\":\"Bolt\",\"item\":\"https:\\\/\\\/emababy.com\\\/ema-design-babahordozo\\\/\"},{\"@type\":\"ListItem\",\"position\":3,\"name\":\"Karik\u00e1s kend\u0151 babahordoz\u00f3\"}]},{\"@type\":\"WebSite\",\"@id\":\"https:\\\/\\\/emababy.com\\\/#website\",\"url\":\"https:\\\/\\\/emababy.com\\\/\",\"name\":\"ema design\",\"description\":\"Babahordoz\u00e1s st\u00edlusosan!\",\"publisher\":{\"@id\":\"https:\\\/\\\/emababy.com\\\/#organization\"},\"alternateName\":\"emababy\",\"potentialAction\":[{\"@type\":\"SearchAction\",\"target\":{\"@type\":\"EntryPoint\",\"urlTemplate\":\"https:\\\/\\\/emababy.com\\\/?s={search_term_string}\"},\"query-input\":{\"@type\":\"PropertyValueSpecification\",\"valueRequired\":true,\"valueName\":\"search_term_string\"}}],\"inLanguage\":\"en-US\"},{\"@type\":\"Organization\",\"@id\":\"https:\\\/\\\/emababy.com\\\/#organization\",\"name\":\"EmaDesign Bt.\",\"url\":\"https:\\\/\\\/emababy.com\\\/\",\"logo\":{\"@type\":\"ImageObject\",\"inLanguage\":\"en-US\",\"@id\":\"https:\\\/\\\/emababy.com\\\/#\\\/schema\\\/logo\\\/image\\\/\",\"url\":\"https:\\\/\\\/emababy.com\\\/wp-content\\\/uploads\\\/2023\\\/03\\\/cropped-logo_light_small.png\",\"contentUrl\":\"https:\\\/\\\/emababy.com\\\/wp-content\\\/uploads\\\/2023\\\/03\\\/cropped-logo_light_small.png\",\"width\":607,\"height\":80,\"caption\":\"EmaDesign Bt.\"},\"image\":{\"@id\":\"https:\\\/\\\/emababy.com\\\/#\\\/schema\\\/logo\\\/image\\\/\"},\"sameAs\":[\"https:\\\/\\\/www.facebook.com\\\/emadesignbabycarriers\\\/\",\"https:\\\/\\\/www.instagram.com\\\/emadesignbabycarriers\\\/\",\"https:\\\/\\\/www.youtube.com\\\/@ema_design\"]}]}<\/script>\n<!-- \/ Yoast SEO plugin. -->","yoast_head_json":{"title":"Karik\u00e1s kend\u0151 babahordoz\u00f3 - ema design","description":"Az ema design karik\u00e1s kend\u0151 babahordoz\u00f3 a sz\u00fclet\u00e9s pillanat\u00e1t\u00f3l ak\u00e1rmeddig haszn\u00e1lhat\u00f3. F\u0151 profilja a cs\u00edp\u0151n hordoz\u00e1s, de picikkel sokan haszn\u00e1lj\u00e1k el\u00f6l is.","robots":{"index":"index","follow":"follow","max-snippet":"max-snippet:-1","max-image-preview":"max-image-preview:large","max-video-preview":"max-video-preview:-1"},"canonical":"https:\/\/emababy.com\/en\/product\/karikas-kendo-babahordozo\/","og_locale":"en_US","og_type":"article","og_title":"Karik\u00e1s kend\u0151 babahordoz\u00f3 - ema design","og_description":"Az ema design karik\u00e1s kend\u0151 babahordoz\u00f3 a sz\u00fclet\u00e9s pillanat\u00e1t\u00f3l ak\u00e1rmeddig haszn\u00e1lhat\u00f3. F\u0151 profilja a cs\u00edp\u0151n hordoz\u00e1s, de picikkel sokan haszn\u00e1lj\u00e1k el\u00f6l is.","og_url":"https:\/\/emababy.com\/en\/product\/karikas-kendo-babahordozo\/","og_site_name":"ema design","article_publisher":"https:\/\/www.facebook.com\/emadesignbabycarriers\/","article_modified_time":"2026-04-24T05:20:40+00:00","og_image":[{"width":2560,"height":2560,"url":"https:\/\/emababy.com\/wp-content\/uploads\/2024\/05\/photo-output-scaled.jpeg","type":"image\/jpeg"}],"twitter_card":"summary_large_image","twitter_misc":{"Est. reading time":"2 minutes"},"schema":{"@context":"https:\/\/schema.org","@graph":[{"@type":"WebPage","@id":"https:\/\/emababy.com\/product\/karikas-kendo-babahordozo\/","url":"https:\/\/emababy.com\/product\/karikas-kendo-babahordozo\/","name":"Karik\u00e1s kend\u0151 babahordoz\u00f3 - ema design","isPartOf":{"@id":"https:\/\/emababy.com\/#website"},"primaryImageOfPage":{"@id":"https:\/\/emababy.com\/product\/karikas-kendo-babahordozo\/#primaryimage"},"image":{"@id":"https:\/\/emababy.com\/product\/karikas-kendo-babahordozo\/#primaryimage"},"thumbnailUrl":"https:\/\/emababy.com\/wp-content\/uploads\/2024\/05\/photo-output-scaled.jpeg","datePublished":"2022-09-20T18:56:06+00:00","dateModified":"2026-04-24T05:20:40+00:00","description":"Az ema design karik\u00e1s kend\u0151 babahordoz\u00f3 a sz\u00fclet\u00e9s pillanat\u00e1t\u00f3l ak\u00e1rmeddig haszn\u00e1lhat\u00f3. F\u0151 profilja a cs\u00edp\u0151n hordoz\u00e1s, de picikkel sokan haszn\u00e1lj\u00e1k el\u00f6l is.","breadcrumb":{"@id":"https:\/\/emababy.com\/product\/karikas-kendo-babahordozo\/#breadcrumb"},"inLanguage":"en-US","potentialAction":[{"@type":"ReadAction","target":["https:\/\/emababy.com\/product\/karikas-kendo-babahordozo\/"]}]},{"@type":"ImageObject","inLanguage":"en-US","@id":"https:\/\/emababy.com\/product\/karikas-kendo-babahordozo\/#primaryimage","url":"https:\/\/emababy.com\/wp-content\/uploads\/2024\/05\/photo-output-scaled.jpeg","contentUrl":"https:\/\/emababy.com\/wp-content\/uploads\/2024\/05\/photo-output-scaled.jpeg","width":2560,"height":2560},{"@type":"BreadcrumbList","@id":"https:\/\/emababy.com\/product\/karikas-kendo-babahordozo\/#breadcrumb","itemListElement":[{"@type":"ListItem","position":1,"name":"Home","item":"https:\/\/emababy.com\/"},{"@type":"ListItem","position":2,"name":"Bolt","item":"https:\/\/emababy.com\/ema-design-babahordozo\/"},{"@type":"ListItem","position":3,"name":"Karik\u00e1s kend\u0151 babahordoz\u00f3"}]},{"@type":"WebSite","@id":"https:\/\/emababy.com\/#website","url":"https:\/\/emababy.com\/","name":"ema design","description":"Babahordoz\u00e1s st\u00edlusosan!","publisher":{"@id":"https:\/\/emababy.com\/#organization"},"alternateName":"emababy","potentialAction":[{"@type":"SearchAction","target":{"@type":"EntryPoint","urlTemplate":"https:\/\/emababy.com\/?s={search_term_string}"},"query-input":{"@type":"PropertyValueSpecification","valueRequired":true,"valueName":"search_term_string"}}],"inLanguage":"en-US"},{"@type":"Organization","@id":"https:\/\/emababy.com\/#organization","name":"EmaDesign Bt.","url":"https:\/\/emababy.com\/","logo":{"@type":"ImageObject","inLanguage":"en-US","@id":"https:\/\/emababy.com\/#\/schema\/logo\/image\/","url":"https:\/\/emababy.com\/wp-content\/uploads\/2023\/03\/cropped-logo_light_small.png","contentUrl":"https:\/\/emababy.com\/wp-content\/uploads\/2023\/03\/cropped-logo_light_small.png","width":607,"height":80,"caption":"EmaDesign Bt."},"image":{"@id":"https:\/\/emababy.com\/#\/schema\/logo\/image\/"},"sameAs":["https:\/\/www.facebook.com\/emadesignbabycarriers\/","https:\/\/www.instagram.com\/emadesignbabycarriers\/","https:\/\/www.youtube.com\/@ema_design"]}]}},"_links":{"self":[{"href":"https:\/\/emababy.com\/en\/wp-json\/wp\/v2\/product\/3460","targetHints":{"allow":["GET"]}}],"collection":[{"href":"https:\/\/emababy.com\/en\/wp-json\/wp\/v2\/product"}],"about":[{"href":"https:\/\/emababy.com\/en\/wp-json\/wp\/v2\/types\/product"}],"wp:featuredmedia":[{"embeddable":true,"href":"https:\/\/emababy.com\/en\/wp-json\/wp\/v2\/media\/9066"}],"wp:attachment":[{"href":"https:\/\/emababy.com\/en\/wp-json\/wp\/v2\/media?parent=3460"}],"wp:term":[{"taxonomy":"product_brand","embeddable":true,"href":"https:\/\/emababy.com\/en\/wp-json\/wp\/v2\/product_brand?post=3460"},{"taxonomy":"product_cat","embeddable":true,"href":"https:\/\/emababy.com\/en\/wp-json\/wp\/v2\/product_cat?post=3460"},{"taxonomy":"product_tag","embeddable":true,"href":"https:\/\/emababy.com\/en\/wp-json\/wp\/v2\/product_tag?post=3460"}],"curies":[{"name":"wp","href":"https:\/\/api.w.org\/{rel}","templated":true}]}}