{"id":3663,"date":"2022-11-15T11:57:54","date_gmt":"2022-11-15T10:57:54","guid":{"rendered":"https:\/\/emababy.com\/?post_type=product&#038;p=3663"},"modified":"2026-02-24T19:10:07","modified_gmt":"2026-02-24T18:10:07","slug":"sapka","status":"publish","type":"product","link":"https:\/\/emababy.com\/en\/product\/sapka\/","title":{"rendered":"Gyapj\u00fasapka"},"content":{"rendered":"<p>A babasapka 100% merin\u00f3 gyapj\u00fa fonalb\u00f3l, k\u00e9zzel k\u00e9sz\u00fcl. Veronika k\u00f6ti, majd Kl\u00e1ri megfesti \u0151ket a m\u00e1r megszokott ema design sz\u00ednekkel, de term\u00e9szetesen festetlen\u00fcl, ak\u00e1r nat\u00far sz\u00ednben is kaphat\u00f3ak.<\/p>\n<p>A babasapka klasszikus form\u00e1ja sz\u00e9pen illeszkedik kisbab\u00e1d fej\u00e9re \u00e9s eltakarja a f\u00fcleket a t\u00e9li hideg el\u00f6l. Megk\u00f6t\u0151s, \u00edgy nem tudja mag\u00e1r\u00f3l levenni. Ez k\u00fcl\u00f6n\u00f6sen akkor hasznos, amikor a h\u00e1tadon hordozod a bab\u00e1d.<\/p>","protected":false},"excerpt":{"rendered":"<ul>\n<li>Az ema design knit els\u0151 darabja: a pihe-puha, k\u00e9zzel k\u00f6t\u00f6tt gyapj\u00fa babasapka.<\/li>\n<li>100% merin\u00f3 gyapj\u00fa fonalb\u00f3l k\u00e9sz\u00fclnek.<\/li>\n<li>Az ema design \u00f6sszes sz\u00edn\u00e9ben kaphat\u00f3, legt\u00f6bbj\u00fck egyedileg k\u00e9zzel, bababar\u00e1t fest\u00e9kkel festett.<\/li>\n<li>Festetlen\u00fcl, ak\u00e1r nat\u00far sz\u00ednben is kaphat\u00f3.<\/li>\n<li>FIGYELEM! A gyapj\u00fasapk\u00e1kat rendel\u00e9s ut\u00e1n, egyedileg k\u00f6tj\u00fck \u00e9s festj\u00fck, ez\u00e9rt csomagod elk\u00e9sz\u00edt\u00e9se ak\u00e1r 1 h\u00e9t is lehet!<\/li>\n<\/ul>","protected":false},"featured_media":3664,"template":"","meta":[],"product_brand":[],"product_cat":[298],"product_tag":[],"class_list":{"0":"post-3663","1":"product","2":"type-product","3":"status-publish","4":"has-post-thumbnail","6":"product_cat-categ-sapka","8":"first","9":"instock","10":"taxable","11":"shipping-taxable","12":"purchasable","13":"product-type-variable","14":"has-default-attributes"},"yoast_head":"<!-- This site is optimized with the Yoast SEO plugin v27.5 - https:\/\/yoast.com\/product\/yoast-seo-wordpress\/ -->\n<title>Gyapj\u00fasapka - ema design<\/title>\n<meta name=\"description\" content=\"K\u00e9zzel k\u00f6t\u00f6tt, k\u00e9zzel festett gyapj\u00fa babasapka, amelynek klasszikus form\u00e1ja sz\u00e9pen illeszkedik a baba fej\u00e9re \u00e9s eltakarja a f\u00fcleket a t\u00e9li hideg el\u00f6l.\" \/>\n<meta name=\"robots\" content=\"index, follow, max-snippet:-1, max-image-preview:large, max-video-preview:-1\" \/>\n<link rel=\"canonical\" href=\"https:\/\/emababy.com\/en\/product\/sapka\/\" \/>\n<meta property=\"og:locale\" content=\"en_US\" \/>\n<meta property=\"og:type\" content=\"article\" \/>\n<meta property=\"og:title\" content=\"Gyapj\u00fasapka - ema design\" \/>\n<meta property=\"og:description\" content=\"K\u00e9zzel k\u00f6t\u00f6tt, k\u00e9zzel festett gyapj\u00fa babasapka, amelynek klasszikus form\u00e1ja sz\u00e9pen illeszkedik a baba fej\u00e9re \u00e9s eltakarja a f\u00fcleket a t\u00e9li hideg el\u00f6l.\" \/>\n<meta property=\"og:url\" content=\"https:\/\/emababy.com\/en\/product\/sapka\/\" \/>\n<meta property=\"og:site_name\" content=\"ema design\" \/>\n<meta property=\"article:publisher\" content=\"https:\/\/www.facebook.com\/emadesignbabycarriers\/\" \/>\n<meta property=\"article:modified_time\" content=\"2026-02-24T18:10:07+00:00\" \/>\n<meta property=\"og:image\" content=\"https:\/\/emababy.com\/wp-content\/uploads\/2022\/11\/DSC07267-scaled-e1668508978432.jpeg\" \/>\n\t<meta property=\"og:image:width\" content=\"1708\" \/>\n\t<meta property=\"og:image:height\" content=\"1708\" \/>\n\t<meta property=\"og:image:type\" content=\"image\/jpeg\" \/>\n<meta name=\"twitter:card\" content=\"summary_large_image\" \/>\n<meta name=\"twitter:label1\" content=\"Est. reading time\" \/>\n\t<meta name=\"twitter:data1\" content=\"1 minute\" \/>\n<script type=\"application\/ld+json\" class=\"yoast-schema-graph\">{\"@context\":\"https:\\\/\\\/schema.org\",\"@graph\":[{\"@type\":\"WebPage\",\"@id\":\"https:\\\/\\\/emababy.com\\\/product\\\/sapka\\\/\",\"url\":\"https:\\\/\\\/emababy.com\\\/product\\\/sapka\\\/\",\"name\":\"Gyapj\u00fasapka - ema design\",\"isPartOf\":{\"@id\":\"https:\\\/\\\/emababy.com\\\/#website\"},\"primaryImageOfPage\":{\"@id\":\"https:\\\/\\\/emababy.com\\\/product\\\/sapka\\\/#primaryimage\"},\"image\":{\"@id\":\"https:\\\/\\\/emababy.com\\\/product\\\/sapka\\\/#primaryimage\"},\"thumbnailUrl\":\"https:\\\/\\\/emababy.com\\\/wp-content\\\/uploads\\\/2022\\\/11\\\/DSC07267-scaled-e1668508978432.jpeg\",\"datePublished\":\"2022-11-15T10:57:54+00:00\",\"dateModified\":\"2026-02-24T18:10:07+00:00\",\"description\":\"K\u00e9zzel k\u00f6t\u00f6tt, k\u00e9zzel festett gyapj\u00fa babasapka, amelynek klasszikus form\u00e1ja sz\u00e9pen illeszkedik a baba fej\u00e9re \u00e9s eltakarja a f\u00fcleket a t\u00e9li hideg el\u00f6l.\",\"breadcrumb\":{\"@id\":\"https:\\\/\\\/emababy.com\\\/product\\\/sapka\\\/#breadcrumb\"},\"inLanguage\":\"en-US\",\"potentialAction\":[{\"@type\":\"ReadAction\",\"target\":[\"https:\\\/\\\/emababy.com\\\/product\\\/sapka\\\/\"]}]},{\"@type\":\"ImageObject\",\"inLanguage\":\"en-US\",\"@id\":\"https:\\\/\\\/emababy.com\\\/product\\\/sapka\\\/#primaryimage\",\"url\":\"https:\\\/\\\/emababy.com\\\/wp-content\\\/uploads\\\/2022\\\/11\\\/DSC07267-scaled-e1668508978432.jpeg\",\"contentUrl\":\"https:\\\/\\\/emababy.com\\\/wp-content\\\/uploads\\\/2022\\\/11\\\/DSC07267-scaled-e1668508978432.jpeg\",\"width\":1708,\"height\":1708,\"caption\":\"merino gyapj\u00fa babasapka bord\u00f3 m\u00e1lyva\"},{\"@type\":\"BreadcrumbList\",\"@id\":\"https:\\\/\\\/emababy.com\\\/product\\\/sapka\\\/#breadcrumb\",\"itemListElement\":[{\"@type\":\"ListItem\",\"position\":1,\"name\":\"Home\",\"item\":\"https:\\\/\\\/emababy.com\\\/\"},{\"@type\":\"ListItem\",\"position\":2,\"name\":\"Bolt\",\"item\":\"https:\\\/\\\/emababy.com\\\/ema-design-babahordozo\\\/\"},{\"@type\":\"ListItem\",\"position\":3,\"name\":\"Gyapj\u00fasapka\"}]},{\"@type\":\"WebSite\",\"@id\":\"https:\\\/\\\/emababy.com\\\/#website\",\"url\":\"https:\\\/\\\/emababy.com\\\/\",\"name\":\"ema design\",\"description\":\"Babahordoz\u00e1s st\u00edlusosan!\",\"publisher\":{\"@id\":\"https:\\\/\\\/emababy.com\\\/#organization\"},\"alternateName\":\"emababy\",\"potentialAction\":[{\"@type\":\"SearchAction\",\"target\":{\"@type\":\"EntryPoint\",\"urlTemplate\":\"https:\\\/\\\/emababy.com\\\/?s={search_term_string}\"},\"query-input\":{\"@type\":\"PropertyValueSpecification\",\"valueRequired\":true,\"valueName\":\"search_term_string\"}}],\"inLanguage\":\"en-US\"},{\"@type\":\"Organization\",\"@id\":\"https:\\\/\\\/emababy.com\\\/#organization\",\"name\":\"EmaDesign Bt.\",\"url\":\"https:\\\/\\\/emababy.com\\\/\",\"logo\":{\"@type\":\"ImageObject\",\"inLanguage\":\"en-US\",\"@id\":\"https:\\\/\\\/emababy.com\\\/#\\\/schema\\\/logo\\\/image\\\/\",\"url\":\"https:\\\/\\\/emababy.com\\\/wp-content\\\/uploads\\\/2023\\\/03\\\/cropped-logo_light_small.png\",\"contentUrl\":\"https:\\\/\\\/emababy.com\\\/wp-content\\\/uploads\\\/2023\\\/03\\\/cropped-logo_light_small.png\",\"width\":607,\"height\":80,\"caption\":\"EmaDesign Bt.\"},\"image\":{\"@id\":\"https:\\\/\\\/emababy.com\\\/#\\\/schema\\\/logo\\\/image\\\/\"},\"sameAs\":[\"https:\\\/\\\/www.facebook.com\\\/emadesignbabycarriers\\\/\",\"https:\\\/\\\/www.instagram.com\\\/emadesignbabycarriers\\\/\",\"https:\\\/\\\/www.youtube.com\\\/@ema_design\"]}]}<\/script>\n<!-- \/ Yoast SEO plugin. -->","yoast_head_json":{"title":"Gyapj\u00fasapka - ema design","description":"K\u00e9zzel k\u00f6t\u00f6tt, k\u00e9zzel festett gyapj\u00fa babasapka, amelynek klasszikus form\u00e1ja sz\u00e9pen illeszkedik a baba fej\u00e9re \u00e9s eltakarja a f\u00fcleket a t\u00e9li hideg el\u00f6l.","robots":{"index":"index","follow":"follow","max-snippet":"max-snippet:-1","max-image-preview":"max-image-preview:large","max-video-preview":"max-video-preview:-1"},"canonical":"https:\/\/emababy.com\/en\/product\/sapka\/","og_locale":"en_US","og_type":"article","og_title":"Gyapj\u00fasapka - ema design","og_description":"K\u00e9zzel k\u00f6t\u00f6tt, k\u00e9zzel festett gyapj\u00fa babasapka, amelynek klasszikus form\u00e1ja sz\u00e9pen illeszkedik a baba fej\u00e9re \u00e9s eltakarja a f\u00fcleket a t\u00e9li hideg el\u00f6l.","og_url":"https:\/\/emababy.com\/en\/product\/sapka\/","og_site_name":"ema design","article_publisher":"https:\/\/www.facebook.com\/emadesignbabycarriers\/","article_modified_time":"2026-02-24T18:10:07+00:00","og_image":[{"width":1708,"height":1708,"url":"https:\/\/emababy.com\/wp-content\/uploads\/2022\/11\/DSC07267-scaled-e1668508978432.jpeg","type":"image\/jpeg"}],"twitter_card":"summary_large_image","twitter_misc":{"Est. reading time":"1 minute"},"schema":{"@context":"https:\/\/schema.org","@graph":[{"@type":"WebPage","@id":"https:\/\/emababy.com\/product\/sapka\/","url":"https:\/\/emababy.com\/product\/sapka\/","name":"Gyapj\u00fasapka - ema design","isPartOf":{"@id":"https:\/\/emababy.com\/#website"},"primaryImageOfPage":{"@id":"https:\/\/emababy.com\/product\/sapka\/#primaryimage"},"image":{"@id":"https:\/\/emababy.com\/product\/sapka\/#primaryimage"},"thumbnailUrl":"https:\/\/emababy.com\/wp-content\/uploads\/2022\/11\/DSC07267-scaled-e1668508978432.jpeg","datePublished":"2022-11-15T10:57:54+00:00","dateModified":"2026-02-24T18:10:07+00:00","description":"K\u00e9zzel k\u00f6t\u00f6tt, k\u00e9zzel festett gyapj\u00fa babasapka, amelynek klasszikus form\u00e1ja sz\u00e9pen illeszkedik a baba fej\u00e9re \u00e9s eltakarja a f\u00fcleket a t\u00e9li hideg el\u00f6l.","breadcrumb":{"@id":"https:\/\/emababy.com\/product\/sapka\/#breadcrumb"},"inLanguage":"en-US","potentialAction":[{"@type":"ReadAction","target":["https:\/\/emababy.com\/product\/sapka\/"]}]},{"@type":"ImageObject","inLanguage":"en-US","@id":"https:\/\/emababy.com\/product\/sapka\/#primaryimage","url":"https:\/\/emababy.com\/wp-content\/uploads\/2022\/11\/DSC07267-scaled-e1668508978432.jpeg","contentUrl":"https:\/\/emababy.com\/wp-content\/uploads\/2022\/11\/DSC07267-scaled-e1668508978432.jpeg","width":1708,"height":1708,"caption":"merino gyapj\u00fa babasapka bord\u00f3 m\u00e1lyva"},{"@type":"BreadcrumbList","@id":"https:\/\/emababy.com\/product\/sapka\/#breadcrumb","itemListElement":[{"@type":"ListItem","position":1,"name":"Home","item":"https:\/\/emababy.com\/"},{"@type":"ListItem","position":2,"name":"Bolt","item":"https:\/\/emababy.com\/ema-design-babahordozo\/"},{"@type":"ListItem","position":3,"name":"Gyapj\u00fasapka"}]},{"@type":"WebSite","@id":"https:\/\/emababy.com\/#website","url":"https:\/\/emababy.com\/","name":"ema design","description":"Babahordoz\u00e1s st\u00edlusosan!","publisher":{"@id":"https:\/\/emababy.com\/#organization"},"alternateName":"emababy","potentialAction":[{"@type":"SearchAction","target":{"@type":"EntryPoint","urlTemplate":"https:\/\/emababy.com\/?s={search_term_string}"},"query-input":{"@type":"PropertyValueSpecification","valueRequired":true,"valueName":"search_term_string"}}],"inLanguage":"en-US"},{"@type":"Organization","@id":"https:\/\/emababy.com\/#organization","name":"EmaDesign Bt.","url":"https:\/\/emababy.com\/","logo":{"@type":"ImageObject","inLanguage":"en-US","@id":"https:\/\/emababy.com\/#\/schema\/logo\/image\/","url":"https:\/\/emababy.com\/wp-content\/uploads\/2023\/03\/cropped-logo_light_small.png","contentUrl":"https:\/\/emababy.com\/wp-content\/uploads\/2023\/03\/cropped-logo_light_small.png","width":607,"height":80,"caption":"EmaDesign Bt."},"image":{"@id":"https:\/\/emababy.com\/#\/schema\/logo\/image\/"},"sameAs":["https:\/\/www.facebook.com\/emadesignbabycarriers\/","https:\/\/www.instagram.com\/emadesignbabycarriers\/","https:\/\/www.youtube.com\/@ema_design"]}]}},"_links":{"self":[{"href":"https:\/\/emababy.com\/en\/wp-json\/wp\/v2\/product\/3663","targetHints":{"allow":["GET"]}}],"collection":[{"href":"https:\/\/emababy.com\/en\/wp-json\/wp\/v2\/product"}],"about":[{"href":"https:\/\/emababy.com\/en\/wp-json\/wp\/v2\/types\/product"}],"wp:featuredmedia":[{"embeddable":true,"href":"https:\/\/emababy.com\/en\/wp-json\/wp\/v2\/media\/3664"}],"wp:attachment":[{"href":"https:\/\/emababy.com\/en\/wp-json\/wp\/v2\/media?parent=3663"}],"wp:term":[{"taxonomy":"product_brand","embeddable":true,"href":"https:\/\/emababy.com\/en\/wp-json\/wp\/v2\/product_brand?post=3663"},{"taxonomy":"product_cat","embeddable":true,"href":"https:\/\/emababy.com\/en\/wp-json\/wp\/v2\/product_cat?post=3663"},{"taxonomy":"product_tag","embeddable":true,"href":"https:\/\/emababy.com\/en\/wp-json\/wp\/v2\/product_tag?post=3663"}],"curies":[{"name":"wp","href":"https:\/\/api.w.org\/{rel}","templated":true}]}}