{"id":3874,"date":"2023-01-15T17:27:04","date_gmt":"2023-01-15T16:27:04","guid":{"rendered":"https:\/\/emababy.com\/?post_type=product&#038;p=3874"},"modified":"2024-05-15T17:48:01","modified_gmt":"2024-05-15T15:48:01","slug":"ajandekkartya","status":"publish","type":"product","link":"https:\/\/emababy.com\/en\/product\/ajandekkartya\/","title":{"rendered":"Aj\u00e1nd\u00e9kk\u00e1rtya"},"content":{"rendered":"","protected":false},"excerpt":{"rendered":"<p>Rendelj ema design babahordoz\u00f3t aj\u00e1nd\u00e9kk\u00e1rtya form\u00e1j\u00e1ban: \u00edgy nem kell azon gondolkoznod, hogy melyik eszk\u00f6zt \u00e9s milyen sz\u00edn\u0171t rendelj annak, akit ema designnal szeretn\u00e9l meglepni.<\/p>\n<p>5.000, 10.000 \u00e9s\u00a0 20.000 forint \u00e9rt\u00e9k\u0171 k\u00e1rty\u00e1kb\u00f3l tudsz v\u00e1lasztani.<\/p>\n<p>A virtu\u00e1lis aj\u00e1nd\u00e9kk\u00e1rtya kuponk\u00f3dj\u00e1t a webshopban lehet felhaszn\u00e1lni. Ha szeretn\u00e9l k\u00e9zzel foghat\u00f3 aj\u00e1nd\u00e9kk\u00e1rty\u00e1t, term\u00e9szetesen erre is van lehet\u0151s\u00e9ged! K\u00e9rlek ezt a rendel\u00e9s lead\u00e1sakor megjegyz\u00e9sben \u00edrd meg.<\/p>","protected":false},"featured_media":3870,"template":"","meta":[],"product_brand":[],"product_cat":[134],"product_tag":[],"class_list":{"0":"post-3874","1":"product","2":"type-product","3":"status-publish","4":"has-post-thumbnail","6":"product_cat-categ-ajandekkartya","8":"first","9":"instock","10":"taxable","11":"shipping-taxable","12":"purchasable","13":"product-type-variable"},"yoast_head":"<!-- This site is optimized with the Yoast SEO plugin v27.5 - https:\/\/yoast.com\/product\/yoast-seo-wordpress\/ -->\n<title>Aj\u00e1nd\u00e9kk\u00e1rtya - ema design<\/title>\n<meta name=\"robots\" content=\"index, follow, max-snippet:-1, max-image-preview:large, max-video-preview:-1\" \/>\n<link rel=\"canonical\" href=\"https:\/\/emababy.com\/en\/product\/ajandekkartya\/\" \/>\n<meta property=\"og:locale\" content=\"en_US\" \/>\n<meta property=\"og:type\" content=\"article\" \/>\n<meta property=\"og:title\" content=\"Aj\u00e1nd\u00e9kk\u00e1rtya - ema design\" \/>\n<meta property=\"og:description\" content=\"Rendelj ema design babahordoz\u00f3t aj\u00e1nd\u00e9kk\u00e1rtya form\u00e1j\u00e1ban: \u00edgy nem kell azon gondolkoznod, hogy melyik eszk\u00f6zt \u00e9s milyen sz\u00edn\u0171t rendelj annak, akit ema designnal szeretn\u00e9l meglepni.  5.000, 10.000 \u00e9s\u00a0 20.000 forint \u00e9rt\u00e9k\u0171 k\u00e1rty\u00e1kb\u00f3l tudsz v\u00e1lasztani.  A virtu\u00e1lis aj\u00e1nd\u00e9kk\u00e1rtya kuponk\u00f3dj\u00e1t a webshopban lehet felhaszn\u00e1lni. Ha szeretn\u00e9l k\u00e9zzel foghat\u00f3 aj\u00e1nd\u00e9kk\u00e1rty\u00e1t, term\u00e9szetesen erre is van lehet\u0151s\u00e9ged! K\u00e9rlek ezt a rendel\u00e9s lead\u00e1sakor megjegyz\u00e9sben \u00edrd meg.\" \/>\n<meta property=\"og:url\" content=\"https:\/\/emababy.com\/en\/product\/ajandekkartya\/\" \/>\n<meta property=\"og:site_name\" content=\"ema design\" \/>\n<meta property=\"article:publisher\" content=\"https:\/\/www.facebook.com\/emadesignbabycarriers\/\" \/>\n<meta property=\"article:modified_time\" content=\"2024-05-15T15:48:01+00:00\" \/>\n<meta property=\"og:image\" content=\"https:\/\/emababy.com\/wp-content\/uploads\/2023\/01\/ajandekkarty-e1673799032644.jpg\" \/>\n\t<meta property=\"og:image:width\" content=\"1702\" \/>\n\t<meta property=\"og:image:height\" content=\"1702\" \/>\n\t<meta property=\"og:image:type\" content=\"image\/jpeg\" \/>\n<meta name=\"twitter:card\" content=\"summary_large_image\" \/>\n<meta name=\"twitter:label1\" content=\"Est. reading time\" \/>\n\t<meta name=\"twitter:data1\" content=\"1 minute\" \/>\n<script type=\"application\/ld+json\" class=\"yoast-schema-graph\">{\"@context\":\"https:\\\/\\\/schema.org\",\"@graph\":[{\"@type\":\"WebPage\",\"@id\":\"https:\\\/\\\/emababy.com\\\/product\\\/ajandekkartya\\\/\",\"url\":\"https:\\\/\\\/emababy.com\\\/product\\\/ajandekkartya\\\/\",\"name\":\"Aj\u00e1nd\u00e9kk\u00e1rtya - ema design\",\"isPartOf\":{\"@id\":\"https:\\\/\\\/emababy.com\\\/#website\"},\"primaryImageOfPage\":{\"@id\":\"https:\\\/\\\/emababy.com\\\/product\\\/ajandekkartya\\\/#primaryimage\"},\"image\":{\"@id\":\"https:\\\/\\\/emababy.com\\\/product\\\/ajandekkartya\\\/#primaryimage\"},\"thumbnailUrl\":\"https:\\\/\\\/emababy.com\\\/wp-content\\\/uploads\\\/2023\\\/01\\\/ajandekkarty-e1673799032644.jpg\",\"datePublished\":\"2023-01-15T16:27:04+00:00\",\"dateModified\":\"2024-05-15T15:48:01+00:00\",\"breadcrumb\":{\"@id\":\"https:\\\/\\\/emababy.com\\\/product\\\/ajandekkartya\\\/#breadcrumb\"},\"inLanguage\":\"en-US\",\"potentialAction\":[{\"@type\":\"ReadAction\",\"target\":[\"https:\\\/\\\/emababy.com\\\/product\\\/ajandekkartya\\\/\"]}]},{\"@type\":\"ImageObject\",\"inLanguage\":\"en-US\",\"@id\":\"https:\\\/\\\/emababy.com\\\/product\\\/ajandekkartya\\\/#primaryimage\",\"url\":\"https:\\\/\\\/emababy.com\\\/wp-content\\\/uploads\\\/2023\\\/01\\\/ajandekkarty-e1673799032644.jpg\",\"contentUrl\":\"https:\\\/\\\/emababy.com\\\/wp-content\\\/uploads\\\/2023\\\/01\\\/ajandekkarty-e1673799032644.jpg\",\"width\":1702,\"height\":1702},{\"@type\":\"BreadcrumbList\",\"@id\":\"https:\\\/\\\/emababy.com\\\/product\\\/ajandekkartya\\\/#breadcrumb\",\"itemListElement\":[{\"@type\":\"ListItem\",\"position\":1,\"name\":\"Home\",\"item\":\"https:\\\/\\\/emababy.com\\\/\"},{\"@type\":\"ListItem\",\"position\":2,\"name\":\"Bolt\",\"item\":\"https:\\\/\\\/emababy.com\\\/ema-design-babahordozo\\\/\"},{\"@type\":\"ListItem\",\"position\":3,\"name\":\"Aj\u00e1nd\u00e9kk\u00e1rtya\"}]},{\"@type\":\"WebSite\",\"@id\":\"https:\\\/\\\/emababy.com\\\/#website\",\"url\":\"https:\\\/\\\/emababy.com\\\/\",\"name\":\"ema design\",\"description\":\"Babahordoz\u00e1s st\u00edlusosan!\",\"publisher\":{\"@id\":\"https:\\\/\\\/emababy.com\\\/#organization\"},\"alternateName\":\"emababy\",\"potentialAction\":[{\"@type\":\"SearchAction\",\"target\":{\"@type\":\"EntryPoint\",\"urlTemplate\":\"https:\\\/\\\/emababy.com\\\/?s={search_term_string}\"},\"query-input\":{\"@type\":\"PropertyValueSpecification\",\"valueRequired\":true,\"valueName\":\"search_term_string\"}}],\"inLanguage\":\"en-US\"},{\"@type\":\"Organization\",\"@id\":\"https:\\\/\\\/emababy.com\\\/#organization\",\"name\":\"EmaDesign Bt.\",\"url\":\"https:\\\/\\\/emababy.com\\\/\",\"logo\":{\"@type\":\"ImageObject\",\"inLanguage\":\"en-US\",\"@id\":\"https:\\\/\\\/emababy.com\\\/#\\\/schema\\\/logo\\\/image\\\/\",\"url\":\"https:\\\/\\\/emababy.com\\\/wp-content\\\/uploads\\\/2023\\\/03\\\/cropped-logo_light_small.png\",\"contentUrl\":\"https:\\\/\\\/emababy.com\\\/wp-content\\\/uploads\\\/2023\\\/03\\\/cropped-logo_light_small.png\",\"width\":607,\"height\":80,\"caption\":\"EmaDesign Bt.\"},\"image\":{\"@id\":\"https:\\\/\\\/emababy.com\\\/#\\\/schema\\\/logo\\\/image\\\/\"},\"sameAs\":[\"https:\\\/\\\/www.facebook.com\\\/emadesignbabycarriers\\\/\",\"https:\\\/\\\/www.instagram.com\\\/emadesignbabycarriers\\\/\",\"https:\\\/\\\/www.youtube.com\\\/@ema_design\"]}]}<\/script>\n<!-- \/ Yoast SEO plugin. -->","yoast_head_json":{"title":"Aj\u00e1nd\u00e9kk\u00e1rtya - ema design","robots":{"index":"index","follow":"follow","max-snippet":"max-snippet:-1","max-image-preview":"max-image-preview:large","max-video-preview":"max-video-preview:-1"},"canonical":"https:\/\/emababy.com\/en\/product\/ajandekkartya\/","og_locale":"en_US","og_type":"article","og_title":"Aj\u00e1nd\u00e9kk\u00e1rtya - ema design","og_description":"Rendelj ema design babahordoz\u00f3t aj\u00e1nd\u00e9kk\u00e1rtya form\u00e1j\u00e1ban: \u00edgy nem kell azon gondolkoznod, hogy melyik eszk\u00f6zt \u00e9s milyen sz\u00edn\u0171t rendelj annak, akit ema designnal szeretn\u00e9l meglepni.  5.000, 10.000 \u00e9s\u00a0 20.000 forint \u00e9rt\u00e9k\u0171 k\u00e1rty\u00e1kb\u00f3l tudsz v\u00e1lasztani.  A virtu\u00e1lis aj\u00e1nd\u00e9kk\u00e1rtya kuponk\u00f3dj\u00e1t a webshopban lehet felhaszn\u00e1lni. Ha szeretn\u00e9l k\u00e9zzel foghat\u00f3 aj\u00e1nd\u00e9kk\u00e1rty\u00e1t, term\u00e9szetesen erre is van lehet\u0151s\u00e9ged! K\u00e9rlek ezt a rendel\u00e9s lead\u00e1sakor megjegyz\u00e9sben \u00edrd meg.","og_url":"https:\/\/emababy.com\/en\/product\/ajandekkartya\/","og_site_name":"ema design","article_publisher":"https:\/\/www.facebook.com\/emadesignbabycarriers\/","article_modified_time":"2024-05-15T15:48:01+00:00","og_image":[{"width":1702,"height":1702,"url":"https:\/\/emababy.com\/wp-content\/uploads\/2023\/01\/ajandekkarty-e1673799032644.jpg","type":"image\/jpeg"}],"twitter_card":"summary_large_image","twitter_misc":{"Est. reading time":"1 minute"},"schema":{"@context":"https:\/\/schema.org","@graph":[{"@type":"WebPage","@id":"https:\/\/emababy.com\/product\/ajandekkartya\/","url":"https:\/\/emababy.com\/product\/ajandekkartya\/","name":"Aj\u00e1nd\u00e9kk\u00e1rtya - ema design","isPartOf":{"@id":"https:\/\/emababy.com\/#website"},"primaryImageOfPage":{"@id":"https:\/\/emababy.com\/product\/ajandekkartya\/#primaryimage"},"image":{"@id":"https:\/\/emababy.com\/product\/ajandekkartya\/#primaryimage"},"thumbnailUrl":"https:\/\/emababy.com\/wp-content\/uploads\/2023\/01\/ajandekkarty-e1673799032644.jpg","datePublished":"2023-01-15T16:27:04+00:00","dateModified":"2024-05-15T15:48:01+00:00","breadcrumb":{"@id":"https:\/\/emababy.com\/product\/ajandekkartya\/#breadcrumb"},"inLanguage":"en-US","potentialAction":[{"@type":"ReadAction","target":["https:\/\/emababy.com\/product\/ajandekkartya\/"]}]},{"@type":"ImageObject","inLanguage":"en-US","@id":"https:\/\/emababy.com\/product\/ajandekkartya\/#primaryimage","url":"https:\/\/emababy.com\/wp-content\/uploads\/2023\/01\/ajandekkarty-e1673799032644.jpg","contentUrl":"https:\/\/emababy.com\/wp-content\/uploads\/2023\/01\/ajandekkarty-e1673799032644.jpg","width":1702,"height":1702},{"@type":"BreadcrumbList","@id":"https:\/\/emababy.com\/product\/ajandekkartya\/#breadcrumb","itemListElement":[{"@type":"ListItem","position":1,"name":"Home","item":"https:\/\/emababy.com\/"},{"@type":"ListItem","position":2,"name":"Bolt","item":"https:\/\/emababy.com\/ema-design-babahordozo\/"},{"@type":"ListItem","position":3,"name":"Aj\u00e1nd\u00e9kk\u00e1rtya"}]},{"@type":"WebSite","@id":"https:\/\/emababy.com\/#website","url":"https:\/\/emababy.com\/","name":"ema design","description":"Babahordoz\u00e1s st\u00edlusosan!","publisher":{"@id":"https:\/\/emababy.com\/#organization"},"alternateName":"emababy","potentialAction":[{"@type":"SearchAction","target":{"@type":"EntryPoint","urlTemplate":"https:\/\/emababy.com\/?s={search_term_string}"},"query-input":{"@type":"PropertyValueSpecification","valueRequired":true,"valueName":"search_term_string"}}],"inLanguage":"en-US"},{"@type":"Organization","@id":"https:\/\/emababy.com\/#organization","name":"EmaDesign Bt.","url":"https:\/\/emababy.com\/","logo":{"@type":"ImageObject","inLanguage":"en-US","@id":"https:\/\/emababy.com\/#\/schema\/logo\/image\/","url":"https:\/\/emababy.com\/wp-content\/uploads\/2023\/03\/cropped-logo_light_small.png","contentUrl":"https:\/\/emababy.com\/wp-content\/uploads\/2023\/03\/cropped-logo_light_small.png","width":607,"height":80,"caption":"EmaDesign Bt."},"image":{"@id":"https:\/\/emababy.com\/#\/schema\/logo\/image\/"},"sameAs":["https:\/\/www.facebook.com\/emadesignbabycarriers\/","https:\/\/www.instagram.com\/emadesignbabycarriers\/","https:\/\/www.youtube.com\/@ema_design"]}]}},"_links":{"self":[{"href":"https:\/\/emababy.com\/en\/wp-json\/wp\/v2\/product\/3874","targetHints":{"allow":["GET"]}}],"collection":[{"href":"https:\/\/emababy.com\/en\/wp-json\/wp\/v2\/product"}],"about":[{"href":"https:\/\/emababy.com\/en\/wp-json\/wp\/v2\/types\/product"}],"wp:featuredmedia":[{"embeddable":true,"href":"https:\/\/emababy.com\/en\/wp-json\/wp\/v2\/media\/3870"}],"wp:attachment":[{"href":"https:\/\/emababy.com\/en\/wp-json\/wp\/v2\/media?parent=3874"}],"wp:term":[{"taxonomy":"product_brand","embeddable":true,"href":"https:\/\/emababy.com\/en\/wp-json\/wp\/v2\/product_brand?post=3874"},{"taxonomy":"product_cat","embeddable":true,"href":"https:\/\/emababy.com\/en\/wp-json\/wp\/v2\/product_cat?post=3874"},{"taxonomy":"product_tag","embeddable":true,"href":"https:\/\/emababy.com\/en\/wp-json\/wp\/v2\/product_tag?post=3874"}],"curies":[{"name":"wp","href":"https:\/\/api.w.org\/{rel}","templated":true}]}}