{"id":7924,"date":"2023-06-26T09:50:14","date_gmt":"2023-06-26T07:50:14","guid":{"rendered":"https:\/\/emababy.com\/?post_type=product&#038;p=7924"},"modified":"2026-04-20T13:24:06","modified_gmt":"2026-04-20T11:24:06","slug":"flawless-fantasy-momdress","status":"publish","type":"product","link":"https:\/\/emababy.com\/en\/product\/flawless-fantasy-momdress\/","title":{"rendered":"Flawless Fantasy momdress"},"content":{"rendered":"<p><strong>ema design momdress \u2013 breastfeeding-friendly maternity dress, the perfect companion for summer<\/strong><\/p>\n<p>A <strong>Flawless Fantasy momdress<\/strong> everything a mother could wish for: elegant and playful at the same time. Long ruffled dress with a hidden opening that allows for discrete and easy breastfeeding. With the adjustable tie shoulder straps, you can wear it in various ways: tied around the neck, with a bow on your shoulder, crossed, or any other creative solution.<\/p>\n<p>The soft cotton material ensures that the dress is airy and light, making it the perfect choice for summer days.<\/p>\n<p>This timeless, light summer staple is comfortable to wear even during pregnancy; you can highlight your growing bump with a belt. It provides a practical solution during the breastfeeding period with your baby, and later it stands its ground as a stylish and timeless piece on its own.<\/p>","protected":false},"excerpt":{"rendered":"<ul>\n<li>Long ruffled women's dress with a hidden opening for easy breastfeeding.<\/li>\n<li><span style=\"font-weight: 400;\">Versatile with tie-up shoulder straps.\u00a0<\/span>Light, soft cotton material for comfortable wear.<\/li>\n<li>100% Oeko-Tex certified cotton canvas.<\/li>\n<li>The powder and caramel colors are individually hand-dyed with non-toxic dye.<\/li>\n<li>Product made in Hungary.<\/li>\n<\/ul>\n<p>ATTENTION! If the selected dress is not in stock, the production time for the dresses can be up to 2-3 weeks. Of course, we do our best to ship it as soon as possible!<\/p>","protected":false},"featured_media":7921,"template":"","meta":[],"product_brand":[],"product_cat":[299],"product_tag":[175,174],"class_list":{"0":"post-7924","1":"product","2":"type-product","3":"status-publish","4":"has-post-thumbnail","6":"product_cat-categ-flawless-fantasy-momdress","7":"product_tag-kismama-ruha","8":"product_tag-szoptatos-ruha","10":"first","11":"instock","12":"taxable","13":"shipping-taxable","14":"purchasable","15":"product-type-variable"},"yoast_head":"<!-- This site is optimized with the Yoast SEO plugin v27.5 - https:\/\/yoast.com\/product\/yoast-seo-wordpress\/ -->\n<title>Flawless Fantasy momdress - ema design<\/title>\n<meta name=\"description\" content=\"Az ema design szoptat\u00f3s ruh\u00e1j\u00e1nak rejtett ny\u00edl\u00e1sa \u00e1ltal k\u00f6nny\u0171 szoptat\u00e1st biztos\u00edt \u00e9s szab\u00e1sa miatt ak\u00e1r v\u00e1rand\u00f3ss\u00e1god alatt is elk\u00eds\u00e9r. Gy\u00f6ny\u00f6r\u0171 sz\u00ednekben!\" \/>\n<meta name=\"robots\" content=\"index, follow, max-snippet:-1, max-image-preview:large, max-video-preview:-1\" \/>\n<link rel=\"canonical\" href=\"https:\/\/emababy.com\/en\/product\/flawless-fantasy-momdress\/\" \/>\n<meta property=\"og:locale\" content=\"en_US\" \/>\n<meta property=\"og:type\" content=\"article\" \/>\n<meta property=\"og:title\" content=\"Flawless Fantasy momdress - ema design\" \/>\n<meta property=\"og:description\" content=\"Az ema design szoptat\u00f3s ruh\u00e1j\u00e1nak rejtett ny\u00edl\u00e1sa \u00e1ltal k\u00f6nny\u0171 szoptat\u00e1st biztos\u00edt \u00e9s szab\u00e1sa miatt ak\u00e1r v\u00e1rand\u00f3ss\u00e1god alatt is elk\u00eds\u00e9r. Gy\u00f6ny\u00f6r\u0171 sz\u00ednekben!\" \/>\n<meta property=\"og:url\" content=\"https:\/\/emababy.com\/en\/product\/flawless-fantasy-momdress\/\" \/>\n<meta property=\"og:site_name\" content=\"ema design\" \/>\n<meta property=\"article:publisher\" content=\"https:\/\/www.facebook.com\/emadesignbabycarriers\/\" \/>\n<meta property=\"article:modified_time\" content=\"2026-04-20T11:24:06+00:00\" \/>\n<meta property=\"og:image\" content=\"https:\/\/emababy.com\/wp-content\/uploads\/2023\/06\/DSC03069-1-scaled.jpeg\" \/>\n\t<meta property=\"og:image:width\" content=\"1710\" \/>\n\t<meta property=\"og:image:height\" content=\"2560\" \/>\n\t<meta property=\"og:image:type\" content=\"image\/jpeg\" \/>\n<meta name=\"twitter:card\" content=\"summary_large_image\" \/>\n<meta name=\"twitter:label1\" content=\"Est. reading time\" \/>\n\t<meta name=\"twitter:data1\" content=\"1 minute\" \/>\n<script type=\"application\/ld+json\" class=\"yoast-schema-graph\">{\"@context\":\"https:\\\/\\\/schema.org\",\"@graph\":[{\"@type\":\"WebPage\",\"@id\":\"https:\\\/\\\/emababy.com\\\/product\\\/flawless-fantasy-momdress\\\/\",\"url\":\"https:\\\/\\\/emababy.com\\\/product\\\/flawless-fantasy-momdress\\\/\",\"name\":\"Flawless Fantasy momdress - ema design\",\"isPartOf\":{\"@id\":\"https:\\\/\\\/emababy.com\\\/#website\"},\"primaryImageOfPage\":{\"@id\":\"https:\\\/\\\/emababy.com\\\/product\\\/flawless-fantasy-momdress\\\/#primaryimage\"},\"image\":{\"@id\":\"https:\\\/\\\/emababy.com\\\/product\\\/flawless-fantasy-momdress\\\/#primaryimage\"},\"thumbnailUrl\":\"https:\\\/\\\/emababy.com\\\/wp-content\\\/uploads\\\/2023\\\/06\\\/DSC03069-1-scaled.jpeg\",\"datePublished\":\"2023-06-26T07:50:14+00:00\",\"dateModified\":\"2026-04-20T11:24:06+00:00\",\"description\":\"Az ema design szoptat\u00f3s ruh\u00e1j\u00e1nak rejtett ny\u00edl\u00e1sa \u00e1ltal k\u00f6nny\u0171 szoptat\u00e1st biztos\u00edt \u00e9s szab\u00e1sa miatt ak\u00e1r v\u00e1rand\u00f3ss\u00e1god alatt is elk\u00eds\u00e9r. Gy\u00f6ny\u00f6r\u0171 sz\u00ednekben!\",\"breadcrumb\":{\"@id\":\"https:\\\/\\\/emababy.com\\\/product\\\/flawless-fantasy-momdress\\\/#breadcrumb\"},\"inLanguage\":\"en-US\",\"potentialAction\":[{\"@type\":\"ReadAction\",\"target\":[\"https:\\\/\\\/emababy.com\\\/product\\\/flawless-fantasy-momdress\\\/\"]}]},{\"@type\":\"ImageObject\",\"inLanguage\":\"en-US\",\"@id\":\"https:\\\/\\\/emababy.com\\\/product\\\/flawless-fantasy-momdress\\\/#primaryimage\",\"url\":\"https:\\\/\\\/emababy.com\\\/wp-content\\\/uploads\\\/2023\\\/06\\\/DSC03069-1-scaled.jpeg\",\"contentUrl\":\"https:\\\/\\\/emababy.com\\\/wp-content\\\/uploads\\\/2023\\\/06\\\/DSC03069-1-scaled.jpeg\",\"width\":1710,\"height\":2560,\"caption\":\"szoptat\u00f3s anyuka, naps\u00e1rga fodros ruh\u00e1ban\"},{\"@type\":\"BreadcrumbList\",\"@id\":\"https:\\\/\\\/emababy.com\\\/product\\\/flawless-fantasy-momdress\\\/#breadcrumb\",\"itemListElement\":[{\"@type\":\"ListItem\",\"position\":1,\"name\":\"Home\",\"item\":\"https:\\\/\\\/emababy.com\\\/\"},{\"@type\":\"ListItem\",\"position\":2,\"name\":\"Bolt\",\"item\":\"https:\\\/\\\/emababy.com\\\/ema-design-babahordozo\\\/\"},{\"@type\":\"ListItem\",\"position\":3,\"name\":\"Flawless Fantasy momdress\"}]},{\"@type\":\"WebSite\",\"@id\":\"https:\\\/\\\/emababy.com\\\/#website\",\"url\":\"https:\\\/\\\/emababy.com\\\/\",\"name\":\"ema design\",\"description\":\"Babahordoz\u00e1s st\u00edlusosan!\",\"publisher\":{\"@id\":\"https:\\\/\\\/emababy.com\\\/#organization\"},\"alternateName\":\"emababy\",\"potentialAction\":[{\"@type\":\"SearchAction\",\"target\":{\"@type\":\"EntryPoint\",\"urlTemplate\":\"https:\\\/\\\/emababy.com\\\/?s={search_term_string}\"},\"query-input\":{\"@type\":\"PropertyValueSpecification\",\"valueRequired\":true,\"valueName\":\"search_term_string\"}}],\"inLanguage\":\"en-US\"},{\"@type\":\"Organization\",\"@id\":\"https:\\\/\\\/emababy.com\\\/#organization\",\"name\":\"EmaDesign Bt.\",\"url\":\"https:\\\/\\\/emababy.com\\\/\",\"logo\":{\"@type\":\"ImageObject\",\"inLanguage\":\"en-US\",\"@id\":\"https:\\\/\\\/emababy.com\\\/#\\\/schema\\\/logo\\\/image\\\/\",\"url\":\"https:\\\/\\\/emababy.com\\\/wp-content\\\/uploads\\\/2023\\\/03\\\/cropped-logo_light_small.png\",\"contentUrl\":\"https:\\\/\\\/emababy.com\\\/wp-content\\\/uploads\\\/2023\\\/03\\\/cropped-logo_light_small.png\",\"width\":607,\"height\":80,\"caption\":\"EmaDesign Bt.\"},\"image\":{\"@id\":\"https:\\\/\\\/emababy.com\\\/#\\\/schema\\\/logo\\\/image\\\/\"},\"sameAs\":[\"https:\\\/\\\/www.facebook.com\\\/emadesignbabycarriers\\\/\",\"https:\\\/\\\/www.instagram.com\\\/emadesignbabycarriers\\\/\",\"https:\\\/\\\/www.youtube.com\\\/@ema_design\"]}]}<\/script>\n<!-- \/ Yoast SEO plugin. -->","yoast_head_json":{"title":"Flawless Fantasy momdress - ema design","description":"Az ema design szoptat\u00f3s ruh\u00e1j\u00e1nak rejtett ny\u00edl\u00e1sa \u00e1ltal k\u00f6nny\u0171 szoptat\u00e1st biztos\u00edt \u00e9s szab\u00e1sa miatt ak\u00e1r v\u00e1rand\u00f3ss\u00e1god alatt is elk\u00eds\u00e9r. Gy\u00f6ny\u00f6r\u0171 sz\u00ednekben!","robots":{"index":"index","follow":"follow","max-snippet":"max-snippet:-1","max-image-preview":"max-image-preview:large","max-video-preview":"max-video-preview:-1"},"canonical":"https:\/\/emababy.com\/en\/product\/flawless-fantasy-momdress\/","og_locale":"en_US","og_type":"article","og_title":"Flawless Fantasy momdress - ema design","og_description":"Az ema design szoptat\u00f3s ruh\u00e1j\u00e1nak rejtett ny\u00edl\u00e1sa \u00e1ltal k\u00f6nny\u0171 szoptat\u00e1st biztos\u00edt \u00e9s szab\u00e1sa miatt ak\u00e1r v\u00e1rand\u00f3ss\u00e1god alatt is elk\u00eds\u00e9r. Gy\u00f6ny\u00f6r\u0171 sz\u00ednekben!","og_url":"https:\/\/emababy.com\/en\/product\/flawless-fantasy-momdress\/","og_site_name":"ema design","article_publisher":"https:\/\/www.facebook.com\/emadesignbabycarriers\/","article_modified_time":"2026-04-20T11:24:06+00:00","og_image":[{"width":1710,"height":2560,"url":"https:\/\/emababy.com\/wp-content\/uploads\/2023\/06\/DSC03069-1-scaled.jpeg","type":"image\/jpeg"}],"twitter_card":"summary_large_image","twitter_misc":{"Est. reading time":"1 minute"},"schema":{"@context":"https:\/\/schema.org","@graph":[{"@type":"WebPage","@id":"https:\/\/emababy.com\/product\/flawless-fantasy-momdress\/","url":"https:\/\/emababy.com\/product\/flawless-fantasy-momdress\/","name":"Flawless Fantasy momdress - ema design","isPartOf":{"@id":"https:\/\/emababy.com\/#website"},"primaryImageOfPage":{"@id":"https:\/\/emababy.com\/product\/flawless-fantasy-momdress\/#primaryimage"},"image":{"@id":"https:\/\/emababy.com\/product\/flawless-fantasy-momdress\/#primaryimage"},"thumbnailUrl":"https:\/\/emababy.com\/wp-content\/uploads\/2023\/06\/DSC03069-1-scaled.jpeg","datePublished":"2023-06-26T07:50:14+00:00","dateModified":"2026-04-20T11:24:06+00:00","description":"Az ema design szoptat\u00f3s ruh\u00e1j\u00e1nak rejtett ny\u00edl\u00e1sa \u00e1ltal k\u00f6nny\u0171 szoptat\u00e1st biztos\u00edt \u00e9s szab\u00e1sa miatt ak\u00e1r v\u00e1rand\u00f3ss\u00e1god alatt is elk\u00eds\u00e9r. Gy\u00f6ny\u00f6r\u0171 sz\u00ednekben!","breadcrumb":{"@id":"https:\/\/emababy.com\/product\/flawless-fantasy-momdress\/#breadcrumb"},"inLanguage":"en-US","potentialAction":[{"@type":"ReadAction","target":["https:\/\/emababy.com\/product\/flawless-fantasy-momdress\/"]}]},{"@type":"ImageObject","inLanguage":"en-US","@id":"https:\/\/emababy.com\/product\/flawless-fantasy-momdress\/#primaryimage","url":"https:\/\/emababy.com\/wp-content\/uploads\/2023\/06\/DSC03069-1-scaled.jpeg","contentUrl":"https:\/\/emababy.com\/wp-content\/uploads\/2023\/06\/DSC03069-1-scaled.jpeg","width":1710,"height":2560,"caption":"szoptat\u00f3s anyuka, naps\u00e1rga fodros ruh\u00e1ban"},{"@type":"BreadcrumbList","@id":"https:\/\/emababy.com\/product\/flawless-fantasy-momdress\/#breadcrumb","itemListElement":[{"@type":"ListItem","position":1,"name":"Home","item":"https:\/\/emababy.com\/"},{"@type":"ListItem","position":2,"name":"Bolt","item":"https:\/\/emababy.com\/ema-design-babahordozo\/"},{"@type":"ListItem","position":3,"name":"Flawless Fantasy momdress"}]},{"@type":"WebSite","@id":"https:\/\/emababy.com\/#website","url":"https:\/\/emababy.com\/","name":"ema design","description":"Babahordoz\u00e1s st\u00edlusosan!","publisher":{"@id":"https:\/\/emababy.com\/#organization"},"alternateName":"emababy","potentialAction":[{"@type":"SearchAction","target":{"@type":"EntryPoint","urlTemplate":"https:\/\/emababy.com\/?s={search_term_string}"},"query-input":{"@type":"PropertyValueSpecification","valueRequired":true,"valueName":"search_term_string"}}],"inLanguage":"en-US"},{"@type":"Organization","@id":"https:\/\/emababy.com\/#organization","name":"EmaDesign Bt.","url":"https:\/\/emababy.com\/","logo":{"@type":"ImageObject","inLanguage":"en-US","@id":"https:\/\/emababy.com\/#\/schema\/logo\/image\/","url":"https:\/\/emababy.com\/wp-content\/uploads\/2023\/03\/cropped-logo_light_small.png","contentUrl":"https:\/\/emababy.com\/wp-content\/uploads\/2023\/03\/cropped-logo_light_small.png","width":607,"height":80,"caption":"EmaDesign Bt."},"image":{"@id":"https:\/\/emababy.com\/#\/schema\/logo\/image\/"},"sameAs":["https:\/\/www.facebook.com\/emadesignbabycarriers\/","https:\/\/www.instagram.com\/emadesignbabycarriers\/","https:\/\/www.youtube.com\/@ema_design"]}]}},"_links":{"self":[{"href":"https:\/\/emababy.com\/en\/wp-json\/wp\/v2\/product\/7924","targetHints":{"allow":["GET"]}}],"collection":[{"href":"https:\/\/emababy.com\/en\/wp-json\/wp\/v2\/product"}],"about":[{"href":"https:\/\/emababy.com\/en\/wp-json\/wp\/v2\/types\/product"}],"wp:featuredmedia":[{"embeddable":true,"href":"https:\/\/emababy.com\/en\/wp-json\/wp\/v2\/media\/7921"}],"wp:attachment":[{"href":"https:\/\/emababy.com\/en\/wp-json\/wp\/v2\/media?parent=7924"}],"wp:term":[{"taxonomy":"product_brand","embeddable":true,"href":"https:\/\/emababy.com\/en\/wp-json\/wp\/v2\/product_brand?post=7924"},{"taxonomy":"product_cat","embeddable":true,"href":"https:\/\/emababy.com\/en\/wp-json\/wp\/v2\/product_cat?post=7924"},{"taxonomy":"product_tag","embeddable":true,"href":"https:\/\/emababy.com\/en\/wp-json\/wp\/v2\/product_tag?post=7924"}],"curies":[{"name":"wp","href":"https:\/\/api.w.org\/{rel}","templated":true}]}}