{"id":7968,"date":"2023-06-26T09:50:51","date_gmt":"2023-06-26T07:50:51","guid":{"rendered":"https:\/\/emababy.com\/?post_type=product&#038;p=7968"},"modified":"2026-04-01T18:47:20","modified_gmt":"2026-04-01T16:47:20","slug":"timeless-treasure-momdress-kismamaruha","status":"publish","type":"product","link":"https:\/\/emababy.com\/en\/product\/timeless-treasure-momdress-kismamaruha\/","title":{"rendered":"Timeless Treasure momdress"},"content":{"rendered":"<div class=\"flex-shrink-0 flex flex-col relative items-end\">\n<div>\n<div class=\"pt-0\">\n<div class=\"gizmo-bot-avatar flex h-8 w-8 items-center justify-center overflow-hidden rounded-full\">\n<div class=\"relative p-1 rounded-sm flex items-center justify-center bg-token-main-surface-primary text-token-text-primary h-8 w-8\"><strong>ema design momdress \u2013 a szoptat\u00e1sbar\u00e1t kismamaruha, ami v\u00e9gigk\u00eds\u00e9r a bab\u00e1s id\u0151szakon<\/strong><\/div>\n<\/div>\n<\/div>\n<\/div>\n<\/div>\n<div class=\"group\/conversation-turn relative flex w-full min-w-0 flex-col agent-turn\">\n<div class=\"flex-col gap-1 md:gap-3\">\n<div class=\"flex max-w-full flex-col flex-grow\">\n<div class=\"min-h-8 text-message flex w-full flex-col items-end gap-2 whitespace-normal break-words [.text-message+&amp;]:mt-5\" dir=\"auto\" data-message-author-role=\"assistant\" data-message-id=\"fbddb18d-dece-46d4-9537-4017f4e3d1a5\" data-message-model-slug=\"gpt-4o\">\n<div class=\"flex w-full flex-col gap-1 empty:hidden first:pt-[3px]\">\n<div class=\"markdown prose w-full break-words dark:prose-invert dark\">\n<p>A <strong>Timeless Treasure momdress<\/strong> a klasszikus elegancia \u00e9s a praktikum t\u00f6k\u00e9letes \u00f6tv\u00f6zete. K\u00f6z\u00e9phossz\u00fa szab\u00e1sa \u00e9s p\u00f6rg\u0151s szoknyar\u00e9sze j\u00e1t\u00e9kos n\u0151iess\u00e9get sugall, m\u00edg az \u00e1tlapol\u00f3s mellr\u00e9sz k\u00f6nnyed \u00e9s diszkr\u00e9t szoptat\u00e1st tesz lehet\u0151v\u00e9.<\/p>\n<p>Ez a ruha veled tart a bab\u00e1s id\u0151szak minden szakasz\u00e1ban: m\u00e1r a v\u00e1rand\u00f3ss\u00e1g els\u0151 h\u00f3napjait\u00f3l k\u00e9nyelmes viselet, a szoptat\u00e1s id\u0151szak\u00c1ban praktikus megold\u00e1st ny\u00fajt, k\u00e9s\u0151bb pedig \u00f6nmag\u00e1ban is st\u00edlusos \u00e9s id\u0151t\u00e1ll\u00f3 darabk\u00e9nt \u00e1llja meg a hely\u00e9t.<\/p>\n<p>A pihe-puha, v\u00e9kony pamut alapanyag gondoskodik arr\u00f3l, hogy a ruha l\u00e9giesen k\u00f6nny\u0171 legyen, \u00edgy t\u00f6k\u00e9letes v\u00e1laszt\u00e1s a ny\u00e1ri napokra. Ugyanakkor a megfelel\u0151 kieg\u00e9sz\u00edt\u0151kkel \u2013 vastag harisny\u00e1val, pul\u00f3verrel vagy kardig\u00e1nnal \u2013 a hideg id\u0151szakban is k\u00e9nyelmes \u00e9s eleg\u00e1ns viselet.<\/p>\n<p><strong>Fontos megjegyz\u00e9s:<\/strong> a v\u00e1rand\u00f3ss\u00e1g utols\u00f3 heteiben el\u0151fordulhat, hogy a der\u00e9kr\u00e9sz kicsit sz\u0171kebbnek \u00e9rz\u0151dik. Egy kis igaz\u00edt\u00e1ssal azonban a ruha majdnem a terhess\u00e9g v\u00e9g\u00e9ig hordhat\u00f3 marad.<\/p>\n<\/div>\n<\/div>\n<\/div>\n<\/div>\n<\/div>\n<\/div>\n","protected":false},"excerpt":{"rendered":"<ul>\n<li>A true classic, mid-length flared dress with a waistband that highlights your figure.<\/li>\n<li>With a wrap-style bust for easy breastfeeding.<\/li>\n<li>Light, soft cotton material for comfortable wear.<\/li>\n<li><span style=\"font-weight: 400;\">100% Oeko-Tex certified cotton canvas.<\/span><\/li>\n<li>The powder and caramel colors are individually hand-dyed with non-toxic dye.<\/li>\n<li>Product made in Hungary.<\/li>\n<\/ul>\n<p><a href=\"https:\/\/emababy.com\/wp-content\/uploads\/2025\/07\/TT_merettablazat.png\">SIZE CHART<\/a><\/p>","protected":false},"featured_media":7991,"template":"","meta":[],"product_brand":[],"product_cat":[300],"product_tag":[175,174],"class_list":{"0":"post-7968","1":"product","2":"type-product","3":"status-publish","4":"has-post-thumbnail","6":"product_cat-categ-timeless-treasure-momdress","7":"product_tag-kismama-ruha","8":"product_tag-szoptatos-ruha","10":"first","11":"instock","12":"taxable","13":"shipping-taxable","14":"purchasable","15":"product-type-variable","16":"has-default-attributes"},"yoast_head":"<!-- This site is optimized with the Yoast SEO plugin v27.5 - https:\/\/yoast.com\/product\/yoast-seo-wordpress\/ -->\n<title>Timeless Treasure momdress - ema design<\/title>\n<meta name=\"description\" content=\"A Timeless Treasure momdress k\u00e9nyelmes, szoptat\u00e1sbar\u00e1t kismamaruha, mely ide\u00e1lis viselet v\u00e1rand\u00f3ss\u00e1g alatt \u00e9s szoptat\u00e1skor: st\u00edlusos \u00e9s praktikus darab!\" \/>\n<meta name=\"robots\" content=\"index, follow, max-snippet:-1, max-image-preview:large, max-video-preview:-1\" \/>\n<link rel=\"canonical\" href=\"https:\/\/emababy.com\/en\/product\/timeless-treasure-momdress-kismamaruha\/\" \/>\n<meta property=\"og:locale\" content=\"en_US\" \/>\n<meta property=\"og:type\" content=\"article\" \/>\n<meta property=\"og:title\" content=\"Timeless Treasure momdress - ema design\" \/>\n<meta property=\"og:description\" content=\"A Timeless Treasure momdress k\u00e9nyelmes, szoptat\u00e1sbar\u00e1t kismamaruha, mely ide\u00e1lis viselet v\u00e1rand\u00f3ss\u00e1g alatt \u00e9s szoptat\u00e1skor: st\u00edlusos \u00e9s praktikus darab!\" \/>\n<meta property=\"og:url\" content=\"https:\/\/emababy.com\/en\/product\/timeless-treasure-momdress-kismamaruha\/\" \/>\n<meta property=\"og:site_name\" content=\"ema design\" \/>\n<meta property=\"article:publisher\" content=\"https:\/\/www.facebook.com\/emadesignbabycarriers\/\" \/>\n<meta property=\"article:modified_time\" content=\"2026-04-01T16:47:20+00:00\" \/>\n<meta property=\"og:image\" content=\"https:\/\/emababy.com\/wp-content\/uploads\/2023\/06\/670EF778-3C87-4F39-A44F-79CF5F500504.jpeg\" \/>\n\t<meta property=\"og:image:width\" content=\"901\" \/>\n\t<meta property=\"og:image:height\" content=\"1351\" \/>\n\t<meta property=\"og:image:type\" content=\"image\/jpeg\" \/>\n<meta name=\"twitter:card\" content=\"summary_large_image\" \/>\n<meta name=\"twitter:label1\" content=\"Est. reading time\" \/>\n\t<meta name=\"twitter:data1\" content=\"1 minute\" \/>\n<script type=\"application\/ld+json\" class=\"yoast-schema-graph\">{\"@context\":\"https:\\\/\\\/schema.org\",\"@graph\":[{\"@type\":\"WebPage\",\"@id\":\"https:\\\/\\\/emababy.com\\\/product\\\/timeless-treasure-momdress-kismamaruha\\\/\",\"url\":\"https:\\\/\\\/emababy.com\\\/product\\\/timeless-treasure-momdress-kismamaruha\\\/\",\"name\":\"Timeless Treasure momdress - ema design\",\"isPartOf\":{\"@id\":\"https:\\\/\\\/emababy.com\\\/#website\"},\"primaryImageOfPage\":{\"@id\":\"https:\\\/\\\/emababy.com\\\/product\\\/timeless-treasure-momdress-kismamaruha\\\/#primaryimage\"},\"image\":{\"@id\":\"https:\\\/\\\/emababy.com\\\/product\\\/timeless-treasure-momdress-kismamaruha\\\/#primaryimage\"},\"thumbnailUrl\":\"https:\\\/\\\/emababy.com\\\/wp-content\\\/uploads\\\/2023\\\/06\\\/670EF778-3C87-4F39-A44F-79CF5F500504.jpeg\",\"datePublished\":\"2023-06-26T07:50:51+00:00\",\"dateModified\":\"2026-04-01T16:47:20+00:00\",\"description\":\"A Timeless Treasure momdress k\u00e9nyelmes, szoptat\u00e1sbar\u00e1t kismamaruha, mely ide\u00e1lis viselet v\u00e1rand\u00f3ss\u00e1g alatt \u00e9s szoptat\u00e1skor: st\u00edlusos \u00e9s praktikus darab!\",\"breadcrumb\":{\"@id\":\"https:\\\/\\\/emababy.com\\\/product\\\/timeless-treasure-momdress-kismamaruha\\\/#breadcrumb\"},\"inLanguage\":\"en-US\",\"potentialAction\":[{\"@type\":\"ReadAction\",\"target\":[\"https:\\\/\\\/emababy.com\\\/product\\\/timeless-treasure-momdress-kismamaruha\\\/\"]}]},{\"@type\":\"ImageObject\",\"inLanguage\":\"en-US\",\"@id\":\"https:\\\/\\\/emababy.com\\\/product\\\/timeless-treasure-momdress-kismamaruha\\\/#primaryimage\",\"url\":\"https:\\\/\\\/emababy.com\\\/wp-content\\\/uploads\\\/2023\\\/06\\\/670EF778-3C87-4F39-A44F-79CF5F500504.jpeg\",\"contentUrl\":\"https:\\\/\\\/emababy.com\\\/wp-content\\\/uploads\\\/2023\\\/06\\\/670EF778-3C87-4F39-A44F-79CF5F500504.jpeg\",\"width\":901,\"height\":1351,\"caption\":\"Anyuka bab\u00e1j\u00e1val orgona sz\u00edn\u0171 klasszikus p\u00f6rg\u0151s ruh\u00e1ban. A bab\u00e1n karamell sz\u00edn\u0171 romper.\"},{\"@type\":\"BreadcrumbList\",\"@id\":\"https:\\\/\\\/emababy.com\\\/product\\\/timeless-treasure-momdress-kismamaruha\\\/#breadcrumb\",\"itemListElement\":[{\"@type\":\"ListItem\",\"position\":1,\"name\":\"Home\",\"item\":\"https:\\\/\\\/emababy.com\\\/\"},{\"@type\":\"ListItem\",\"position\":2,\"name\":\"Bolt\",\"item\":\"https:\\\/\\\/emababy.com\\\/ema-design-babahordozo\\\/\"},{\"@type\":\"ListItem\",\"position\":3,\"name\":\"Timeless Treasure momdress\"}]},{\"@type\":\"WebSite\",\"@id\":\"https:\\\/\\\/emababy.com\\\/#website\",\"url\":\"https:\\\/\\\/emababy.com\\\/\",\"name\":\"ema design\",\"description\":\"Babahordoz\u00e1s st\u00edlusosan!\",\"publisher\":{\"@id\":\"https:\\\/\\\/emababy.com\\\/#organization\"},\"alternateName\":\"emababy\",\"potentialAction\":[{\"@type\":\"SearchAction\",\"target\":{\"@type\":\"EntryPoint\",\"urlTemplate\":\"https:\\\/\\\/emababy.com\\\/?s={search_term_string}\"},\"query-input\":{\"@type\":\"PropertyValueSpecification\",\"valueRequired\":true,\"valueName\":\"search_term_string\"}}],\"inLanguage\":\"en-US\"},{\"@type\":\"Organization\",\"@id\":\"https:\\\/\\\/emababy.com\\\/#organization\",\"name\":\"EmaDesign Bt.\",\"url\":\"https:\\\/\\\/emababy.com\\\/\",\"logo\":{\"@type\":\"ImageObject\",\"inLanguage\":\"en-US\",\"@id\":\"https:\\\/\\\/emababy.com\\\/#\\\/schema\\\/logo\\\/image\\\/\",\"url\":\"https:\\\/\\\/emababy.com\\\/wp-content\\\/uploads\\\/2023\\\/03\\\/cropped-logo_light_small.png\",\"contentUrl\":\"https:\\\/\\\/emababy.com\\\/wp-content\\\/uploads\\\/2023\\\/03\\\/cropped-logo_light_small.png\",\"width\":607,\"height\":80,\"caption\":\"EmaDesign Bt.\"},\"image\":{\"@id\":\"https:\\\/\\\/emababy.com\\\/#\\\/schema\\\/logo\\\/image\\\/\"},\"sameAs\":[\"https:\\\/\\\/www.facebook.com\\\/emadesignbabycarriers\\\/\",\"https:\\\/\\\/www.instagram.com\\\/emadesignbabycarriers\\\/\",\"https:\\\/\\\/www.youtube.com\\\/@ema_design\"]}]}<\/script>\n<!-- \/ Yoast SEO plugin. -->","yoast_head_json":{"title":"Timeless Treasure momdress - ema design","description":"A Timeless Treasure momdress k\u00e9nyelmes, szoptat\u00e1sbar\u00e1t kismamaruha, mely ide\u00e1lis viselet v\u00e1rand\u00f3ss\u00e1g alatt \u00e9s szoptat\u00e1skor: st\u00edlusos \u00e9s praktikus darab!","robots":{"index":"index","follow":"follow","max-snippet":"max-snippet:-1","max-image-preview":"max-image-preview:large","max-video-preview":"max-video-preview:-1"},"canonical":"https:\/\/emababy.com\/en\/product\/timeless-treasure-momdress-kismamaruha\/","og_locale":"en_US","og_type":"article","og_title":"Timeless Treasure momdress - ema design","og_description":"A Timeless Treasure momdress k\u00e9nyelmes, szoptat\u00e1sbar\u00e1t kismamaruha, mely ide\u00e1lis viselet v\u00e1rand\u00f3ss\u00e1g alatt \u00e9s szoptat\u00e1skor: st\u00edlusos \u00e9s praktikus darab!","og_url":"https:\/\/emababy.com\/en\/product\/timeless-treasure-momdress-kismamaruha\/","og_site_name":"ema design","article_publisher":"https:\/\/www.facebook.com\/emadesignbabycarriers\/","article_modified_time":"2026-04-01T16:47:20+00:00","og_image":[{"width":901,"height":1351,"url":"https:\/\/emababy.com\/wp-content\/uploads\/2023\/06\/670EF778-3C87-4F39-A44F-79CF5F500504.jpeg","type":"image\/jpeg"}],"twitter_card":"summary_large_image","twitter_misc":{"Est. reading time":"1 minute"},"schema":{"@context":"https:\/\/schema.org","@graph":[{"@type":"WebPage","@id":"https:\/\/emababy.com\/product\/timeless-treasure-momdress-kismamaruha\/","url":"https:\/\/emababy.com\/product\/timeless-treasure-momdress-kismamaruha\/","name":"Timeless Treasure momdress - ema design","isPartOf":{"@id":"https:\/\/emababy.com\/#website"},"primaryImageOfPage":{"@id":"https:\/\/emababy.com\/product\/timeless-treasure-momdress-kismamaruha\/#primaryimage"},"image":{"@id":"https:\/\/emababy.com\/product\/timeless-treasure-momdress-kismamaruha\/#primaryimage"},"thumbnailUrl":"https:\/\/emababy.com\/wp-content\/uploads\/2023\/06\/670EF778-3C87-4F39-A44F-79CF5F500504.jpeg","datePublished":"2023-06-26T07:50:51+00:00","dateModified":"2026-04-01T16:47:20+00:00","description":"A Timeless Treasure momdress k\u00e9nyelmes, szoptat\u00e1sbar\u00e1t kismamaruha, mely ide\u00e1lis viselet v\u00e1rand\u00f3ss\u00e1g alatt \u00e9s szoptat\u00e1skor: st\u00edlusos \u00e9s praktikus darab!","breadcrumb":{"@id":"https:\/\/emababy.com\/product\/timeless-treasure-momdress-kismamaruha\/#breadcrumb"},"inLanguage":"en-US","potentialAction":[{"@type":"ReadAction","target":["https:\/\/emababy.com\/product\/timeless-treasure-momdress-kismamaruha\/"]}]},{"@type":"ImageObject","inLanguage":"en-US","@id":"https:\/\/emababy.com\/product\/timeless-treasure-momdress-kismamaruha\/#primaryimage","url":"https:\/\/emababy.com\/wp-content\/uploads\/2023\/06\/670EF778-3C87-4F39-A44F-79CF5F500504.jpeg","contentUrl":"https:\/\/emababy.com\/wp-content\/uploads\/2023\/06\/670EF778-3C87-4F39-A44F-79CF5F500504.jpeg","width":901,"height":1351,"caption":"Anyuka bab\u00e1j\u00e1val orgona sz\u00edn\u0171 klasszikus p\u00f6rg\u0151s ruh\u00e1ban. A bab\u00e1n karamell sz\u00edn\u0171 romper."},{"@type":"BreadcrumbList","@id":"https:\/\/emababy.com\/product\/timeless-treasure-momdress-kismamaruha\/#breadcrumb","itemListElement":[{"@type":"ListItem","position":1,"name":"Home","item":"https:\/\/emababy.com\/"},{"@type":"ListItem","position":2,"name":"Bolt","item":"https:\/\/emababy.com\/ema-design-babahordozo\/"},{"@type":"ListItem","position":3,"name":"Timeless Treasure momdress"}]},{"@type":"WebSite","@id":"https:\/\/emababy.com\/#website","url":"https:\/\/emababy.com\/","name":"ema design","description":"Babahordoz\u00e1s st\u00edlusosan!","publisher":{"@id":"https:\/\/emababy.com\/#organization"},"alternateName":"emababy","potentialAction":[{"@type":"SearchAction","target":{"@type":"EntryPoint","urlTemplate":"https:\/\/emababy.com\/?s={search_term_string}"},"query-input":{"@type":"PropertyValueSpecification","valueRequired":true,"valueName":"search_term_string"}}],"inLanguage":"en-US"},{"@type":"Organization","@id":"https:\/\/emababy.com\/#organization","name":"EmaDesign Bt.","url":"https:\/\/emababy.com\/","logo":{"@type":"ImageObject","inLanguage":"en-US","@id":"https:\/\/emababy.com\/#\/schema\/logo\/image\/","url":"https:\/\/emababy.com\/wp-content\/uploads\/2023\/03\/cropped-logo_light_small.png","contentUrl":"https:\/\/emababy.com\/wp-content\/uploads\/2023\/03\/cropped-logo_light_small.png","width":607,"height":80,"caption":"EmaDesign Bt."},"image":{"@id":"https:\/\/emababy.com\/#\/schema\/logo\/image\/"},"sameAs":["https:\/\/www.facebook.com\/emadesignbabycarriers\/","https:\/\/www.instagram.com\/emadesignbabycarriers\/","https:\/\/www.youtube.com\/@ema_design"]}]}},"_links":{"self":[{"href":"https:\/\/emababy.com\/en\/wp-json\/wp\/v2\/product\/7968","targetHints":{"allow":["GET"]}}],"collection":[{"href":"https:\/\/emababy.com\/en\/wp-json\/wp\/v2\/product"}],"about":[{"href":"https:\/\/emababy.com\/en\/wp-json\/wp\/v2\/types\/product"}],"wp:featuredmedia":[{"embeddable":true,"href":"https:\/\/emababy.com\/en\/wp-json\/wp\/v2\/media\/7991"}],"wp:attachment":[{"href":"https:\/\/emababy.com\/en\/wp-json\/wp\/v2\/media?parent=7968"}],"wp:term":[{"taxonomy":"product_brand","embeddable":true,"href":"https:\/\/emababy.com\/en\/wp-json\/wp\/v2\/product_brand?post=7968"},{"taxonomy":"product_cat","embeddable":true,"href":"https:\/\/emababy.com\/en\/wp-json\/wp\/v2\/product_cat?post=7968"},{"taxonomy":"product_tag","embeddable":true,"href":"https:\/\/emababy.com\/en\/wp-json\/wp\/v2\/product_tag?post=7968"}],"curies":[{"name":"wp","href":"https:\/\/api.w.org\/{rel}","templated":true}]}}