{"id":9132,"date":"2024-05-15T11:48:42","date_gmt":"2024-05-15T09:48:42","guid":{"rendered":"https:\/\/emababy.com\/?post_type=product&#038;p=9132"},"modified":"2026-03-13T16:31:33","modified_gmt":"2026-03-13T15:31:33","slug":"flawless-fantasy-momtop","status":"publish","type":"product","link":"https:\/\/emababy.com\/en\/product\/flawless-fantasy-momtop\/","title":{"rendered":"Flawless Fantasy momtop"},"content":{"rendered":"<p><strong>The ema design momtop \u2013 the breastfeeding-friendly maternity top<\/strong><\/p>\n<p style=\"text-align: justify;\">The Flawless Fantasy momtop is both elegant and playful. A ruffled women's top with a hidden opening under the ruffle for easy and discreet breastfeeding. The garment is made of light, soft cotton fabric for easy summer wear. The shoulder straps can be tied in many ways, allowing you to try exciting variations: tie it around the neck, in a bow on the shoulder, crosswise, or however you like.<\/p>","protected":false},"excerpt":{"rendered":"<ul>\n<li>Ruffled women's top with a hidden opening for easy breastfeeding.<\/li>\n<li>Light, soft cotton fabric for easy summer wear.<\/li>\n<li><span style=\"font-weight: 400;\">100% Oeko-Tex certified cotton canvas.<\/span><\/li>\n<li><span style=\"font-weight: 400;\">Versatile with tie-up shoulder straps.\u00a0<\/span><\/li>\n<li>Hungarian product.<\/li>\n<\/ul>","protected":false},"featured_media":9131,"template":"","meta":[],"product_brand":[],"product_cat":[302],"product_tag":[175,174],"class_list":{"0":"post-9132","1":"product","2":"type-product","3":"status-publish","4":"has-post-thumbnail","6":"product_cat-categ-flawless-fantasy-momtop","7":"product_tag-kismama-ruha","8":"product_tag-szoptatos-ruha","10":"first","11":"instock","12":"taxable","13":"shipping-taxable","14":"purchasable","15":"product-type-variable"},"yoast_head":"<!-- This site is optimized with the Yoast SEO plugin v27.5 - https:\/\/yoast.com\/product\/yoast-seo-wordpress\/ -->\n<title>Flawless Fantasy momtop - ema design<\/title>\n<meta name=\"description\" content=\"Az ema design szoptat\u00f3s ruh\u00e1j\u00e1nak rejtett ny\u00edl\u00e1sa \u00e1ltal k\u00f6nny\u0171 szoptat\u00e1st biztos\u00edt \u00e9s szab\u00e1sa miatt ak\u00e1r v\u00e1rand\u00f3ss\u00e1god alatt is elk\u00eds\u00e9r. Gy\u00f6ny\u00f6r\u0171 sz\u00ednekben!\" \/>\n<meta name=\"robots\" content=\"index, follow, max-snippet:-1, max-image-preview:large, max-video-preview:-1\" \/>\n<link rel=\"canonical\" href=\"https:\/\/emababy.com\/en\/product\/flawless-fantasy-momtop\/\" \/>\n<meta property=\"og:locale\" content=\"en_US\" \/>\n<meta property=\"og:type\" content=\"article\" \/>\n<meta property=\"og:title\" content=\"Flawless Fantasy momtop - ema design\" \/>\n<meta property=\"og:description\" content=\"Az ema design szoptat\u00f3s ruh\u00e1j\u00e1nak rejtett ny\u00edl\u00e1sa \u00e1ltal k\u00f6nny\u0171 szoptat\u00e1st biztos\u00edt \u00e9s szab\u00e1sa miatt ak\u00e1r v\u00e1rand\u00f3ss\u00e1god alatt is elk\u00eds\u00e9r. Gy\u00f6ny\u00f6r\u0171 sz\u00ednekben!\" \/>\n<meta property=\"og:url\" content=\"https:\/\/emababy.com\/en\/product\/flawless-fantasy-momtop\/\" \/>\n<meta property=\"og:site_name\" content=\"ema design\" \/>\n<meta property=\"article:publisher\" content=\"https:\/\/www.facebook.com\/emadesignbabycarriers\/\" \/>\n<meta property=\"article:modified_time\" content=\"2026-03-13T15:31:33+00:00\" \/>\n<meta property=\"og:image\" content=\"https:\/\/emababy.com\/wp-content\/uploads\/2024\/05\/DSC09451-scaled.jpeg\" \/>\n\t<meta property=\"og:image:width\" content=\"1707\" \/>\n\t<meta property=\"og:image:height\" content=\"2560\" \/>\n\t<meta property=\"og:image:type\" content=\"image\/jpeg\" \/>\n<meta name=\"twitter:card\" content=\"summary_large_image\" \/>\n<meta name=\"twitter:label1\" content=\"Est. reading time\" \/>\n\t<meta name=\"twitter:data1\" content=\"1 minute\" \/>\n<script type=\"application\/ld+json\" class=\"yoast-schema-graph\">{\"@context\":\"https:\\\/\\\/schema.org\",\"@graph\":[{\"@type\":\"WebPage\",\"@id\":\"https:\\\/\\\/emababy.com\\\/product\\\/flawless-fantasy-momtop\\\/\",\"url\":\"https:\\\/\\\/emababy.com\\\/product\\\/flawless-fantasy-momtop\\\/\",\"name\":\"Flawless Fantasy momtop - ema design\",\"isPartOf\":{\"@id\":\"https:\\\/\\\/emababy.com\\\/#website\"},\"primaryImageOfPage\":{\"@id\":\"https:\\\/\\\/emababy.com\\\/product\\\/flawless-fantasy-momtop\\\/#primaryimage\"},\"image\":{\"@id\":\"https:\\\/\\\/emababy.com\\\/product\\\/flawless-fantasy-momtop\\\/#primaryimage\"},\"thumbnailUrl\":\"https:\\\/\\\/emababy.com\\\/wp-content\\\/uploads\\\/2024\\\/05\\\/DSC09451-scaled.jpeg\",\"datePublished\":\"2024-05-15T09:48:42+00:00\",\"dateModified\":\"2026-03-13T15:31:33+00:00\",\"description\":\"Az ema design szoptat\u00f3s ruh\u00e1j\u00e1nak rejtett ny\u00edl\u00e1sa \u00e1ltal k\u00f6nny\u0171 szoptat\u00e1st biztos\u00edt \u00e9s szab\u00e1sa miatt ak\u00e1r v\u00e1rand\u00f3ss\u00e1god alatt is elk\u00eds\u00e9r. Gy\u00f6ny\u00f6r\u0171 sz\u00ednekben!\",\"breadcrumb\":{\"@id\":\"https:\\\/\\\/emababy.com\\\/product\\\/flawless-fantasy-momtop\\\/#breadcrumb\"},\"inLanguage\":\"en-US\",\"potentialAction\":[{\"@type\":\"ReadAction\",\"target\":[\"https:\\\/\\\/emababy.com\\\/product\\\/flawless-fantasy-momtop\\\/\"]}]},{\"@type\":\"ImageObject\",\"inLanguage\":\"en-US\",\"@id\":\"https:\\\/\\\/emababy.com\\\/product\\\/flawless-fantasy-momtop\\\/#primaryimage\",\"url\":\"https:\\\/\\\/emababy.com\\\/wp-content\\\/uploads\\\/2024\\\/05\\\/DSC09451-scaled.jpeg\",\"contentUrl\":\"https:\\\/\\\/emababy.com\\\/wp-content\\\/uploads\\\/2024\\\/05\\\/DSC09451-scaled.jpeg\",\"width\":1707,\"height\":2560,\"caption\":\"Flawless Fantasy top r\u00f3zsasz\u00edn\"},{\"@type\":\"BreadcrumbList\",\"@id\":\"https:\\\/\\\/emababy.com\\\/product\\\/flawless-fantasy-momtop\\\/#breadcrumb\",\"itemListElement\":[{\"@type\":\"ListItem\",\"position\":1,\"name\":\"Home\",\"item\":\"https:\\\/\\\/emababy.com\\\/\"},{\"@type\":\"ListItem\",\"position\":2,\"name\":\"Bolt\",\"item\":\"https:\\\/\\\/emababy.com\\\/ema-design-babahordozo\\\/\"},{\"@type\":\"ListItem\",\"position\":3,\"name\":\"Flawless Fantasy momtop\"}]},{\"@type\":\"WebSite\",\"@id\":\"https:\\\/\\\/emababy.com\\\/#website\",\"url\":\"https:\\\/\\\/emababy.com\\\/\",\"name\":\"ema design\",\"description\":\"Babahordoz\u00e1s st\u00edlusosan!\",\"publisher\":{\"@id\":\"https:\\\/\\\/emababy.com\\\/#organization\"},\"alternateName\":\"emababy\",\"potentialAction\":[{\"@type\":\"SearchAction\",\"target\":{\"@type\":\"EntryPoint\",\"urlTemplate\":\"https:\\\/\\\/emababy.com\\\/?s={search_term_string}\"},\"query-input\":{\"@type\":\"PropertyValueSpecification\",\"valueRequired\":true,\"valueName\":\"search_term_string\"}}],\"inLanguage\":\"en-US\"},{\"@type\":\"Organization\",\"@id\":\"https:\\\/\\\/emababy.com\\\/#organization\",\"name\":\"EmaDesign Bt.\",\"url\":\"https:\\\/\\\/emababy.com\\\/\",\"logo\":{\"@type\":\"ImageObject\",\"inLanguage\":\"en-US\",\"@id\":\"https:\\\/\\\/emababy.com\\\/#\\\/schema\\\/logo\\\/image\\\/\",\"url\":\"https:\\\/\\\/emababy.com\\\/wp-content\\\/uploads\\\/2023\\\/03\\\/cropped-logo_light_small.png\",\"contentUrl\":\"https:\\\/\\\/emababy.com\\\/wp-content\\\/uploads\\\/2023\\\/03\\\/cropped-logo_light_small.png\",\"width\":607,\"height\":80,\"caption\":\"EmaDesign Bt.\"},\"image\":{\"@id\":\"https:\\\/\\\/emababy.com\\\/#\\\/schema\\\/logo\\\/image\\\/\"},\"sameAs\":[\"https:\\\/\\\/www.facebook.com\\\/emadesignbabycarriers\\\/\",\"https:\\\/\\\/www.instagram.com\\\/emadesignbabycarriers\\\/\",\"https:\\\/\\\/www.youtube.com\\\/@ema_design\"]}]}<\/script>\n<!-- \/ Yoast SEO plugin. -->","yoast_head_json":{"title":"Flawless Fantasy momtop - ema design","description":"Az ema design szoptat\u00f3s ruh\u00e1j\u00e1nak rejtett ny\u00edl\u00e1sa \u00e1ltal k\u00f6nny\u0171 szoptat\u00e1st biztos\u00edt \u00e9s szab\u00e1sa miatt ak\u00e1r v\u00e1rand\u00f3ss\u00e1god alatt is elk\u00eds\u00e9r. Gy\u00f6ny\u00f6r\u0171 sz\u00ednekben!","robots":{"index":"index","follow":"follow","max-snippet":"max-snippet:-1","max-image-preview":"max-image-preview:large","max-video-preview":"max-video-preview:-1"},"canonical":"https:\/\/emababy.com\/en\/product\/flawless-fantasy-momtop\/","og_locale":"en_US","og_type":"article","og_title":"Flawless Fantasy momtop - ema design","og_description":"Az ema design szoptat\u00f3s ruh\u00e1j\u00e1nak rejtett ny\u00edl\u00e1sa \u00e1ltal k\u00f6nny\u0171 szoptat\u00e1st biztos\u00edt \u00e9s szab\u00e1sa miatt ak\u00e1r v\u00e1rand\u00f3ss\u00e1god alatt is elk\u00eds\u00e9r. Gy\u00f6ny\u00f6r\u0171 sz\u00ednekben!","og_url":"https:\/\/emababy.com\/en\/product\/flawless-fantasy-momtop\/","og_site_name":"ema design","article_publisher":"https:\/\/www.facebook.com\/emadesignbabycarriers\/","article_modified_time":"2026-03-13T15:31:33+00:00","og_image":[{"width":1707,"height":2560,"url":"https:\/\/emababy.com\/wp-content\/uploads\/2024\/05\/DSC09451-scaled.jpeg","type":"image\/jpeg"}],"twitter_card":"summary_large_image","twitter_misc":{"Est. reading time":"1 minute"},"schema":{"@context":"https:\/\/schema.org","@graph":[{"@type":"WebPage","@id":"https:\/\/emababy.com\/product\/flawless-fantasy-momtop\/","url":"https:\/\/emababy.com\/product\/flawless-fantasy-momtop\/","name":"Flawless Fantasy momtop - ema design","isPartOf":{"@id":"https:\/\/emababy.com\/#website"},"primaryImageOfPage":{"@id":"https:\/\/emababy.com\/product\/flawless-fantasy-momtop\/#primaryimage"},"image":{"@id":"https:\/\/emababy.com\/product\/flawless-fantasy-momtop\/#primaryimage"},"thumbnailUrl":"https:\/\/emababy.com\/wp-content\/uploads\/2024\/05\/DSC09451-scaled.jpeg","datePublished":"2024-05-15T09:48:42+00:00","dateModified":"2026-03-13T15:31:33+00:00","description":"Az ema design szoptat\u00f3s ruh\u00e1j\u00e1nak rejtett ny\u00edl\u00e1sa \u00e1ltal k\u00f6nny\u0171 szoptat\u00e1st biztos\u00edt \u00e9s szab\u00e1sa miatt ak\u00e1r v\u00e1rand\u00f3ss\u00e1god alatt is elk\u00eds\u00e9r. Gy\u00f6ny\u00f6r\u0171 sz\u00ednekben!","breadcrumb":{"@id":"https:\/\/emababy.com\/product\/flawless-fantasy-momtop\/#breadcrumb"},"inLanguage":"en-US","potentialAction":[{"@type":"ReadAction","target":["https:\/\/emababy.com\/product\/flawless-fantasy-momtop\/"]}]},{"@type":"ImageObject","inLanguage":"en-US","@id":"https:\/\/emababy.com\/product\/flawless-fantasy-momtop\/#primaryimage","url":"https:\/\/emababy.com\/wp-content\/uploads\/2024\/05\/DSC09451-scaled.jpeg","contentUrl":"https:\/\/emababy.com\/wp-content\/uploads\/2024\/05\/DSC09451-scaled.jpeg","width":1707,"height":2560,"caption":"Flawless Fantasy top r\u00f3zsasz\u00edn"},{"@type":"BreadcrumbList","@id":"https:\/\/emababy.com\/product\/flawless-fantasy-momtop\/#breadcrumb","itemListElement":[{"@type":"ListItem","position":1,"name":"Home","item":"https:\/\/emababy.com\/"},{"@type":"ListItem","position":2,"name":"Bolt","item":"https:\/\/emababy.com\/ema-design-babahordozo\/"},{"@type":"ListItem","position":3,"name":"Flawless Fantasy momtop"}]},{"@type":"WebSite","@id":"https:\/\/emababy.com\/#website","url":"https:\/\/emababy.com\/","name":"ema design","description":"Babahordoz\u00e1s st\u00edlusosan!","publisher":{"@id":"https:\/\/emababy.com\/#organization"},"alternateName":"emababy","potentialAction":[{"@type":"SearchAction","target":{"@type":"EntryPoint","urlTemplate":"https:\/\/emababy.com\/?s={search_term_string}"},"query-input":{"@type":"PropertyValueSpecification","valueRequired":true,"valueName":"search_term_string"}}],"inLanguage":"en-US"},{"@type":"Organization","@id":"https:\/\/emababy.com\/#organization","name":"EmaDesign Bt.","url":"https:\/\/emababy.com\/","logo":{"@type":"ImageObject","inLanguage":"en-US","@id":"https:\/\/emababy.com\/#\/schema\/logo\/image\/","url":"https:\/\/emababy.com\/wp-content\/uploads\/2023\/03\/cropped-logo_light_small.png","contentUrl":"https:\/\/emababy.com\/wp-content\/uploads\/2023\/03\/cropped-logo_light_small.png","width":607,"height":80,"caption":"EmaDesign Bt."},"image":{"@id":"https:\/\/emababy.com\/#\/schema\/logo\/image\/"},"sameAs":["https:\/\/www.facebook.com\/emadesignbabycarriers\/","https:\/\/www.instagram.com\/emadesignbabycarriers\/","https:\/\/www.youtube.com\/@ema_design"]}]}},"_links":{"self":[{"href":"https:\/\/emababy.com\/en\/wp-json\/wp\/v2\/product\/9132","targetHints":{"allow":["GET"]}}],"collection":[{"href":"https:\/\/emababy.com\/en\/wp-json\/wp\/v2\/product"}],"about":[{"href":"https:\/\/emababy.com\/en\/wp-json\/wp\/v2\/types\/product"}],"wp:featuredmedia":[{"embeddable":true,"href":"https:\/\/emababy.com\/en\/wp-json\/wp\/v2\/media\/9131"}],"wp:attachment":[{"href":"https:\/\/emababy.com\/en\/wp-json\/wp\/v2\/media?parent=9132"}],"wp:term":[{"taxonomy":"product_brand","embeddable":true,"href":"https:\/\/emababy.com\/en\/wp-json\/wp\/v2\/product_brand?post=9132"},{"taxonomy":"product_cat","embeddable":true,"href":"https:\/\/emababy.com\/en\/wp-json\/wp\/v2\/product_cat?post=9132"},{"taxonomy":"product_tag","embeddable":true,"href":"https:\/\/emababy.com\/en\/wp-json\/wp\/v2\/product_tag?post=9132"}],"curies":[{"name":"wp","href":"https:\/\/api.w.org\/{rel}","templated":true}]}}