{"id":9428,"date":"2024-10-22T15:00:00","date_gmt":"2024-10-22T13:00:00","guid":{"rendered":"https:\/\/emababy.com\/?post_type=product&#038;p=9428"},"modified":"2026-04-18T20:03:16","modified_gmt":"2026-04-18T18:03:16","slug":"forest-mei-tai-babahordozo","status":"publish","type":"product","link":"https:\/\/emababy.com\/en\/product\/forest-mei-tai-babahordozo\/","title":{"rendered":"FOREST mei tai baby carrier"},"content":{"rendered":"<p>A <em>Forest collection<\/em> draws inspiration from the mysterious world of forests \u2013 imagine the depths of pine forests shrouded in mist, where the creatures of nature, even tiny fairies, find a home. Each piece carries the light filtering through the trees, the scent of moss, and the magic of quiet autumn-winter days.<\/p>\n<p>Just as the roots of trees hold the ground securely, every carrier in the <em>Forest<\/em> collection embraces your baby. The strong yet soft materials, subtle colors, and carefully designed details together help you experience the tranquility of nature in your everyday life. The pine green, fawn dots, kingfisher blue, mustard yellow, salmon, and grizzly brown shades bring the strength and beauty of a special animal or plant closer to you.<\/p>\n<p>Feel the silence of the forest, the soft blanket of dawn mist, and the soothing embrace of nature as you hold your baby close. The <em>Forest<\/em> collection is a tiny island where every mother and baby deserves a little fairy tale.<\/p>","protected":false},"excerpt":{"rendered":"<ul>\n<li><span style=\"font-weight: 400;\">The FOREST collection is made from uniquely patterned cotton canvas and corduroy fabric<\/span><\/li>\n<li>The Fawn Dots and Wildest Dreams uniquely patterned baby carriers are made from 100% GOTS certified cotton canvas<\/li>\n<li>The Blushing Deer, Kingfisher Blue, Grizzly Brown, Autumn Glow, and Pine Forest colors are made from 100% cotton OEKO-TEX corduroy<\/li>\n<li><span style=\"font-weight: 400;\">Can be used from a body weight of 5-6 kg up to 18 kg \u2013 even up to 2.5-3 years of age.<\/span><\/li>\n<li>Can be easily adjusted to babies of different sizes.<\/li>\n<li>The ema design baby carriers come with a tying guide, but further tutorials on our Youtube and Instagram pages help you master the ties.<\/li>\n<li><span style=\"font-weight: 400;\">Comfortably padded waist and shoulder straps.<\/span><\/li>\n<li><span style=\"font-weight: 400;\">Hidden sleeping hood.<\/span><\/li>\n<li><span style=\"font-weight: 400;\">Its main profile is front and back carrying, but we also recommend it for hip carrying.<\/span><\/li>\n<li>Hungarian product.<\/li>\n<\/ul>","protected":false},"featured_media":9576,"template":"","meta":[],"product_brand":[],"product_cat":[343,312],"product_tag":[],"class_list":{"0":"post-9428","1":"product","2":"type-product","3":"status-publish","4":"has-post-thumbnail","6":"product_cat-forest","7":"product_cat-categ-mei-tai-forest-kollekcio","9":"first","10":"instock","11":"taxable","12":"shipping-taxable","13":"purchasable","14":"product-type-variable","15":"has-default-attributes"},"yoast_head":"<!-- This site is optimized with the Yoast SEO plugin v27.5 - https:\/\/yoast.com\/product\/yoast-seo-wordpress\/ -->\n<title>FOREST mei tai babahordoz\u00f3 - ema design<\/title>\n<meta name=\"description\" content=\"Az ema design babahordoz\u00f3: a mei tai 5-6 kil\u00f3s testm\u00e9rett\u0151l ak\u00e1r h\u00e1rom\u00e9ves korig is haszn\u00e1lhat\u00f3. Minimalista, st\u00edlusos babahordoz\u00f3k.\" \/>\n<meta name=\"robots\" content=\"index, follow, max-snippet:-1, max-image-preview:large, max-video-preview:-1\" \/>\n<link rel=\"canonical\" href=\"https:\/\/emababy.com\/en\/product\/forest-mei-tai-babahordozo\/\" \/>\n<meta property=\"og:locale\" content=\"en_US\" \/>\n<meta property=\"og:type\" content=\"article\" \/>\n<meta property=\"og:title\" content=\"FOREST mei tai babahordoz\u00f3 - ema design\" \/>\n<meta property=\"og:description\" content=\"Az ema design babahordoz\u00f3: a mei tai 5-6 kil\u00f3s testm\u00e9rett\u0151l ak\u00e1r h\u00e1rom\u00e9ves korig is haszn\u00e1lhat\u00f3. Minimalista, st\u00edlusos babahordoz\u00f3k.\" \/>\n<meta property=\"og:url\" content=\"https:\/\/emababy.com\/en\/product\/forest-mei-tai-babahordozo\/\" \/>\n<meta property=\"og:site_name\" content=\"ema design\" \/>\n<meta property=\"article:publisher\" content=\"https:\/\/www.facebook.com\/emadesignbabycarriers\/\" \/>\n<meta property=\"article:modified_time\" content=\"2026-04-18T18:03:16+00:00\" \/>\n<meta property=\"og:image\" content=\"https:\/\/emababy.com\/wp-content\/uploads\/2024\/10\/photo-output_0-1-e1730199309592-scaled.png\" \/>\n\t<meta property=\"og:image:width\" content=\"818\" \/>\n\t<meta property=\"og:image:height\" content=\"1024\" \/>\n\t<meta property=\"og:image:type\" content=\"image\/png\" \/>\n<meta name=\"twitter:card\" content=\"summary_large_image\" \/>\n<meta name=\"twitter:label1\" content=\"Est. reading time\" \/>\n\t<meta name=\"twitter:data1\" content=\"1 minute\" \/>\n<script type=\"application\/ld+json\" class=\"yoast-schema-graph\">{\"@context\":\"https:\\\/\\\/schema.org\",\"@graph\":[{\"@type\":\"WebPage\",\"@id\":\"https:\\\/\\\/emababy.com\\\/product\\\/forest-mei-tai-babahordozo\\\/\",\"url\":\"https:\\\/\\\/emababy.com\\\/product\\\/forest-mei-tai-babahordozo\\\/\",\"name\":\"FOREST mei tai babahordoz\u00f3 - ema design\",\"isPartOf\":{\"@id\":\"https:\\\/\\\/emababy.com\\\/#website\"},\"primaryImageOfPage\":{\"@id\":\"https:\\\/\\\/emababy.com\\\/product\\\/forest-mei-tai-babahordozo\\\/#primaryimage\"},\"image\":{\"@id\":\"https:\\\/\\\/emababy.com\\\/product\\\/forest-mei-tai-babahordozo\\\/#primaryimage\"},\"thumbnailUrl\":\"https:\\\/\\\/emababy.com\\\/wp-content\\\/uploads\\\/2024\\\/10\\\/photo-output_0-1-e1730199309592-scaled.png\",\"datePublished\":\"2024-10-22T13:00:00+00:00\",\"dateModified\":\"2026-04-18T18:03:16+00:00\",\"description\":\"Az ema design babahordoz\u00f3: a mei tai 5-6 kil\u00f3s testm\u00e9rett\u0151l ak\u00e1r h\u00e1rom\u00e9ves korig is haszn\u00e1lhat\u00f3. Minimalista, st\u00edlusos babahordoz\u00f3k.\",\"breadcrumb\":{\"@id\":\"https:\\\/\\\/emababy.com\\\/product\\\/forest-mei-tai-babahordozo\\\/#breadcrumb\"},\"inLanguage\":\"en-US\",\"potentialAction\":[{\"@type\":\"ReadAction\",\"target\":[\"https:\\\/\\\/emababy.com\\\/product\\\/forest-mei-tai-babahordozo\\\/\"]}]},{\"@type\":\"ImageObject\",\"inLanguage\":\"en-US\",\"@id\":\"https:\\\/\\\/emababy.com\\\/product\\\/forest-mei-tai-babahordozo\\\/#primaryimage\",\"url\":\"https:\\\/\\\/emababy.com\\\/wp-content\\\/uploads\\\/2024\\\/10\\\/photo-output_0-1-e1730199309592-scaled.png\",\"contentUrl\":\"https:\\\/\\\/emababy.com\\\/wp-content\\\/uploads\\\/2024\\\/10\\\/photo-output_0-1-e1730199309592-scaled.png\",\"width\":2046,\"height\":2560,\"caption\":\"forest mei tai\"},{\"@type\":\"BreadcrumbList\",\"@id\":\"https:\\\/\\\/emababy.com\\\/product\\\/forest-mei-tai-babahordozo\\\/#breadcrumb\",\"itemListElement\":[{\"@type\":\"ListItem\",\"position\":1,\"name\":\"Home\",\"item\":\"https:\\\/\\\/emababy.com\\\/\"},{\"@type\":\"ListItem\",\"position\":2,\"name\":\"Bolt\",\"item\":\"https:\\\/\\\/emababy.com\\\/ema-design-babahordozo\\\/\"},{\"@type\":\"ListItem\",\"position\":3,\"name\":\"FOREST mei tai babahordoz\u00f3\"}]},{\"@type\":\"WebSite\",\"@id\":\"https:\\\/\\\/emababy.com\\\/#website\",\"url\":\"https:\\\/\\\/emababy.com\\\/\",\"name\":\"ema design\",\"description\":\"Babahordoz\u00e1s st\u00edlusosan!\",\"publisher\":{\"@id\":\"https:\\\/\\\/emababy.com\\\/#organization\"},\"alternateName\":\"emababy\",\"potentialAction\":[{\"@type\":\"SearchAction\",\"target\":{\"@type\":\"EntryPoint\",\"urlTemplate\":\"https:\\\/\\\/emababy.com\\\/?s={search_term_string}\"},\"query-input\":{\"@type\":\"PropertyValueSpecification\",\"valueRequired\":true,\"valueName\":\"search_term_string\"}}],\"inLanguage\":\"en-US\"},{\"@type\":\"Organization\",\"@id\":\"https:\\\/\\\/emababy.com\\\/#organization\",\"name\":\"EmaDesign Bt.\",\"url\":\"https:\\\/\\\/emababy.com\\\/\",\"logo\":{\"@type\":\"ImageObject\",\"inLanguage\":\"en-US\",\"@id\":\"https:\\\/\\\/emababy.com\\\/#\\\/schema\\\/logo\\\/image\\\/\",\"url\":\"https:\\\/\\\/emababy.com\\\/wp-content\\\/uploads\\\/2023\\\/03\\\/cropped-logo_light_small.png\",\"contentUrl\":\"https:\\\/\\\/emababy.com\\\/wp-content\\\/uploads\\\/2023\\\/03\\\/cropped-logo_light_small.png\",\"width\":607,\"height\":80,\"caption\":\"EmaDesign Bt.\"},\"image\":{\"@id\":\"https:\\\/\\\/emababy.com\\\/#\\\/schema\\\/logo\\\/image\\\/\"},\"sameAs\":[\"https:\\\/\\\/www.facebook.com\\\/emadesignbabycarriers\\\/\",\"https:\\\/\\\/www.instagram.com\\\/emadesignbabycarriers\\\/\",\"https:\\\/\\\/www.youtube.com\\\/@ema_design\"]}]}<\/script>\n<!-- \/ Yoast SEO plugin. -->","yoast_head_json":{"title":"FOREST mei tai babahordoz\u00f3 - ema design","description":"Az ema design babahordoz\u00f3: a mei tai 5-6 kil\u00f3s testm\u00e9rett\u0151l ak\u00e1r h\u00e1rom\u00e9ves korig is haszn\u00e1lhat\u00f3. Minimalista, st\u00edlusos babahordoz\u00f3k.","robots":{"index":"index","follow":"follow","max-snippet":"max-snippet:-1","max-image-preview":"max-image-preview:large","max-video-preview":"max-video-preview:-1"},"canonical":"https:\/\/emababy.com\/en\/product\/forest-mei-tai-babahordozo\/","og_locale":"en_US","og_type":"article","og_title":"FOREST mei tai babahordoz\u00f3 - ema design","og_description":"Az ema design babahordoz\u00f3: a mei tai 5-6 kil\u00f3s testm\u00e9rett\u0151l ak\u00e1r h\u00e1rom\u00e9ves korig is haszn\u00e1lhat\u00f3. Minimalista, st\u00edlusos babahordoz\u00f3k.","og_url":"https:\/\/emababy.com\/en\/product\/forest-mei-tai-babahordozo\/","og_site_name":"ema design","article_publisher":"https:\/\/www.facebook.com\/emadesignbabycarriers\/","article_modified_time":"2026-04-18T18:03:16+00:00","og_image":[{"url":"https:\/\/emababy.com\/wp-content\/uploads\/2024\/10\/photo-output_0-1-e1730199309592-scaled.png","width":818,"height":1024,"type":"image\/png"}],"twitter_card":"summary_large_image","twitter_misc":{"Est. reading time":"1 minute"},"schema":{"@context":"https:\/\/schema.org","@graph":[{"@type":"WebPage","@id":"https:\/\/emababy.com\/product\/forest-mei-tai-babahordozo\/","url":"https:\/\/emababy.com\/product\/forest-mei-tai-babahordozo\/","name":"FOREST mei tai babahordoz\u00f3 - ema design","isPartOf":{"@id":"https:\/\/emababy.com\/#website"},"primaryImageOfPage":{"@id":"https:\/\/emababy.com\/product\/forest-mei-tai-babahordozo\/#primaryimage"},"image":{"@id":"https:\/\/emababy.com\/product\/forest-mei-tai-babahordozo\/#primaryimage"},"thumbnailUrl":"https:\/\/emababy.com\/wp-content\/uploads\/2024\/10\/photo-output_0-1-e1730199309592-scaled.png","datePublished":"2024-10-22T13:00:00+00:00","dateModified":"2026-04-18T18:03:16+00:00","description":"Az ema design babahordoz\u00f3: a mei tai 5-6 kil\u00f3s testm\u00e9rett\u0151l ak\u00e1r h\u00e1rom\u00e9ves korig is haszn\u00e1lhat\u00f3. Minimalista, st\u00edlusos babahordoz\u00f3k.","breadcrumb":{"@id":"https:\/\/emababy.com\/product\/forest-mei-tai-babahordozo\/#breadcrumb"},"inLanguage":"en-US","potentialAction":[{"@type":"ReadAction","target":["https:\/\/emababy.com\/product\/forest-mei-tai-babahordozo\/"]}]},{"@type":"ImageObject","inLanguage":"en-US","@id":"https:\/\/emababy.com\/product\/forest-mei-tai-babahordozo\/#primaryimage","url":"https:\/\/emababy.com\/wp-content\/uploads\/2024\/10\/photo-output_0-1-e1730199309592-scaled.png","contentUrl":"https:\/\/emababy.com\/wp-content\/uploads\/2024\/10\/photo-output_0-1-e1730199309592-scaled.png","width":2046,"height":2560,"caption":"forest mei tai"},{"@type":"BreadcrumbList","@id":"https:\/\/emababy.com\/product\/forest-mei-tai-babahordozo\/#breadcrumb","itemListElement":[{"@type":"ListItem","position":1,"name":"Home","item":"https:\/\/emababy.com\/"},{"@type":"ListItem","position":2,"name":"Bolt","item":"https:\/\/emababy.com\/ema-design-babahordozo\/"},{"@type":"ListItem","position":3,"name":"FOREST mei tai babahordoz\u00f3"}]},{"@type":"WebSite","@id":"https:\/\/emababy.com\/#website","url":"https:\/\/emababy.com\/","name":"ema design","description":"Babahordoz\u00e1s st\u00edlusosan!","publisher":{"@id":"https:\/\/emababy.com\/#organization"},"alternateName":"emababy","potentialAction":[{"@type":"SearchAction","target":{"@type":"EntryPoint","urlTemplate":"https:\/\/emababy.com\/?s={search_term_string}"},"query-input":{"@type":"PropertyValueSpecification","valueRequired":true,"valueName":"search_term_string"}}],"inLanguage":"en-US"},{"@type":"Organization","@id":"https:\/\/emababy.com\/#organization","name":"EmaDesign Bt.","url":"https:\/\/emababy.com\/","logo":{"@type":"ImageObject","inLanguage":"en-US","@id":"https:\/\/emababy.com\/#\/schema\/logo\/image\/","url":"https:\/\/emababy.com\/wp-content\/uploads\/2023\/03\/cropped-logo_light_small.png","contentUrl":"https:\/\/emababy.com\/wp-content\/uploads\/2023\/03\/cropped-logo_light_small.png","width":607,"height":80,"caption":"EmaDesign Bt."},"image":{"@id":"https:\/\/emababy.com\/#\/schema\/logo\/image\/"},"sameAs":["https:\/\/www.facebook.com\/emadesignbabycarriers\/","https:\/\/www.instagram.com\/emadesignbabycarriers\/","https:\/\/www.youtube.com\/@ema_design"]}]}},"_links":{"self":[{"href":"https:\/\/emababy.com\/en\/wp-json\/wp\/v2\/product\/9428","targetHints":{"allow":["GET"]}}],"collection":[{"href":"https:\/\/emababy.com\/en\/wp-json\/wp\/v2\/product"}],"about":[{"href":"https:\/\/emababy.com\/en\/wp-json\/wp\/v2\/types\/product"}],"wp:featuredmedia":[{"embeddable":true,"href":"https:\/\/emababy.com\/en\/wp-json\/wp\/v2\/media\/9576"}],"wp:attachment":[{"href":"https:\/\/emababy.com\/en\/wp-json\/wp\/v2\/media?parent=9428"}],"wp:term":[{"taxonomy":"product_brand","embeddable":true,"href":"https:\/\/emababy.com\/en\/wp-json\/wp\/v2\/product_brand?post=9428"},{"taxonomy":"product_cat","embeddable":true,"href":"https:\/\/emababy.com\/en\/wp-json\/wp\/v2\/product_cat?post=9428"},{"taxonomy":"product_tag","embeddable":true,"href":"https:\/\/emababy.com\/en\/wp-json\/wp\/v2\/product_tag?post=9428"}],"curies":[{"name":"wp","href":"https:\/\/api.w.org\/{rel}","templated":true}]}}