{"id":9488,"date":"2024-10-26T19:55:17","date_gmt":"2024-10-26T17:55:17","guid":{"rendered":"https:\/\/emababy.com\/?post_type=product&#038;p=9488"},"modified":"2026-03-15T17:08:53","modified_gmt":"2026-03-15T16:08:53","slug":"forest-romperek","status":"publish","type":"product","link":"https:\/\/emababy.com\/en\/product\/forest-romperek\/","title":{"rendered":"Forest rompers"},"content":{"rendered":"<p>A <em>Forest collection<\/em> rompers transport you to the fabulous world of forests \u2013 these clothes are as if they came to life in a mysterious fairy forest, where every little explorer can be a tiny fairy or elf. The soft corduroy materials and natural shades \u2013 pine green, kingfisher blue, the warm colors of the brown bear \u2013 evoke a world where mist-shrouded trees and birdsong accompany their every step.<\/p>\n<p>These rompers were dreamed up so that children can move comfortably and freely in them, as if the forest itself were embracing them. The softness of the fairy world and the closeness of nature add a touch of magic to every little adventure, be it a playful crawl, a first step, or a carefree, tiny flight.<\/p>\n<p>A <em>Forest collection<\/em> with its rompers, magic lurks in every thread, so that little ones can find their own fairy-tale world in the deep embrace of the forest.<\/p>\n<p><strong>About ema design rompers \u2013 because it matters what you put on your baby!<\/strong><\/p>\n<p>Babies and toddlers are constantly moving during their waking hours. It is very important that they can do this freely, meaning nothing should hinder them in performing their movements.<\/p>\n<p>We rarely think about the fact that one of the things that can limit their range of motion is<strong> the clothing!<br \/>\n<\/strong><br \/>\nA tiny baby in a romper that is too short, for example, cannot pull their knees up high. If we dress an older infant in tight pants, they might not be able to roll over because they cannot initiate the movement. Mini-sized jeans are cute, but it's impossible to crawl and climb comfortably in them. Just think about how we don't wear jeans to a yoga class either. <strong>Babies and toddlers are constantly training, so they always need comfortable, loose clothing in which every movement can be performed. <\/strong>And this is true not only when they are moving freely, but also in a baby carrier. Proper clothing is essential for a comfortable spread-squat position and high-tucked knees.<\/p>\n<p>ema design rompers provide this freedom of movement.<\/p>","protected":false},"excerpt":{"rendered":"<ul>\n<li>Very fine, soft corduroy with wooden buttons.<\/li>\n<li>Material is 100% oeko-tex certified cotton corduroy.<\/li>\n<li>Loose fit ensuring free movement.<\/li>\n<li>Due to the unisex cut of the rompers, they are a perfect choice for both baby boys and baby girls.<\/li>\n<li>Hungarian product.<\/li>\n<\/ul>","protected":false},"featured_media":9465,"template":"","meta":[],"product_brand":[],"product_cat":[343,314],"product_tag":[],"class_list":{"0":"post-9488","1":"product","2":"type-product","3":"status-publish","4":"has-post-thumbnail","6":"product_cat-forest","7":"product_cat-categ-romper-forest","9":"first","10":"instock","11":"taxable","12":"shipping-taxable","13":"purchasable","14":"product-type-variable","15":"has-default-attributes"},"yoast_head":"<!-- This site is optimized with the Yoast SEO plugin v27.5 - https:\/\/yoast.com\/product\/yoast-seo-wordpress\/ -->\n<title>Forest romperek - ema design<\/title>\n<meta name=\"description\" content=\"Szabad mozg\u00e1st biztos\u00edt\u00f3 gyermekruh\u00e1k, melyek oeko-tex min\u0151s\u00edt\u00e9s\u0171, puha duplag\u00e9zb\u0151l k\u00e9sz\u00fclnek, igazi fa gombokkal a term\u00e9szetess\u00e9g jegy\u00e9ben.\" \/>\n<meta name=\"robots\" content=\"index, follow, max-snippet:-1, max-image-preview:large, max-video-preview:-1\" \/>\n<link rel=\"canonical\" href=\"https:\/\/emababy.com\/en\/product\/forest-romperek\/\" \/>\n<meta property=\"og:locale\" content=\"en_US\" \/>\n<meta property=\"og:type\" content=\"article\" \/>\n<meta property=\"og:title\" content=\"Forest romperek - ema design\" \/>\n<meta property=\"og:description\" content=\"Szabad mozg\u00e1st biztos\u00edt\u00f3 gyermekruh\u00e1k, melyek oeko-tex min\u0151s\u00edt\u00e9s\u0171, puha duplag\u00e9zb\u0151l k\u00e9sz\u00fclnek, igazi fa gombokkal a term\u00e9szetess\u00e9g jegy\u00e9ben.\" \/>\n<meta property=\"og:url\" content=\"https:\/\/emababy.com\/en\/product\/forest-romperek\/\" \/>\n<meta property=\"og:site_name\" content=\"ema design\" \/>\n<meta property=\"article:publisher\" content=\"https:\/\/www.facebook.com\/emadesignbabycarriers\/\" \/>\n<meta property=\"article:modified_time\" content=\"2026-03-15T16:08:53+00:00\" \/>\n<meta property=\"og:image\" content=\"https:\/\/emababy.com\/wp-content\/uploads\/2024\/10\/photo-output_4.jpeg\" \/>\n\t<meta property=\"og:image:width\" content=\"1362\" \/>\n\t<meta property=\"og:image:height\" content=\"2048\" \/>\n\t<meta property=\"og:image:type\" content=\"image\/jpeg\" \/>\n<meta name=\"twitter:card\" content=\"summary_large_image\" \/>\n<meta name=\"twitter:label1\" content=\"Est. reading time\" \/>\n\t<meta name=\"twitter:data1\" content=\"2 minutes\" \/>\n<script type=\"application\/ld+json\" class=\"yoast-schema-graph\">{\"@context\":\"https:\\\/\\\/schema.org\",\"@graph\":[{\"@type\":\"WebPage\",\"@id\":\"https:\\\/\\\/emababy.com\\\/product\\\/forest-romperek\\\/\",\"url\":\"https:\\\/\\\/emababy.com\\\/product\\\/forest-romperek\\\/\",\"name\":\"Forest romperek - ema design\",\"isPartOf\":{\"@id\":\"https:\\\/\\\/emababy.com\\\/#website\"},\"primaryImageOfPage\":{\"@id\":\"https:\\\/\\\/emababy.com\\\/product\\\/forest-romperek\\\/#primaryimage\"},\"image\":{\"@id\":\"https:\\\/\\\/emababy.com\\\/product\\\/forest-romperek\\\/#primaryimage\"},\"thumbnailUrl\":\"https:\\\/\\\/emababy.com\\\/wp-content\\\/uploads\\\/2024\\\/10\\\/photo-output_4.jpeg\",\"datePublished\":\"2024-10-26T17:55:17+00:00\",\"dateModified\":\"2026-03-15T16:08:53+00:00\",\"description\":\"Szabad mozg\u00e1st biztos\u00edt\u00f3 gyermekruh\u00e1k, melyek oeko-tex min\u0151s\u00edt\u00e9s\u0171, puha duplag\u00e9zb\u0151l k\u00e9sz\u00fclnek, igazi fa gombokkal a term\u00e9szetess\u00e9g jegy\u00e9ben.\",\"breadcrumb\":{\"@id\":\"https:\\\/\\\/emababy.com\\\/product\\\/forest-romperek\\\/#breadcrumb\"},\"inLanguage\":\"en-US\",\"potentialAction\":[{\"@type\":\"ReadAction\",\"target\":[\"https:\\\/\\\/emababy.com\\\/product\\\/forest-romperek\\\/\"]}]},{\"@type\":\"ImageObject\",\"inLanguage\":\"en-US\",\"@id\":\"https:\\\/\\\/emababy.com\\\/product\\\/forest-romperek\\\/#primaryimage\",\"url\":\"https:\\\/\\\/emababy.com\\\/wp-content\\\/uploads\\\/2024\\\/10\\\/photo-output_4.jpeg\",\"contentUrl\":\"https:\\\/\\\/emababy.com\\\/wp-content\\\/uploads\\\/2024\\\/10\\\/photo-output_4.jpeg\",\"width\":1362,\"height\":2048,\"caption\":\"autumn glow romper\"},{\"@type\":\"BreadcrumbList\",\"@id\":\"https:\\\/\\\/emababy.com\\\/product\\\/forest-romperek\\\/#breadcrumb\",\"itemListElement\":[{\"@type\":\"ListItem\",\"position\":1,\"name\":\"Home\",\"item\":\"https:\\\/\\\/emababy.com\\\/\"},{\"@type\":\"ListItem\",\"position\":2,\"name\":\"Bolt\",\"item\":\"https:\\\/\\\/emababy.com\\\/ema-design-babahordozo\\\/\"},{\"@type\":\"ListItem\",\"position\":3,\"name\":\"Forest romperek\"}]},{\"@type\":\"WebSite\",\"@id\":\"https:\\\/\\\/emababy.com\\\/#website\",\"url\":\"https:\\\/\\\/emababy.com\\\/\",\"name\":\"ema design\",\"description\":\"Babahordoz\u00e1s st\u00edlusosan!\",\"publisher\":{\"@id\":\"https:\\\/\\\/emababy.com\\\/#organization\"},\"alternateName\":\"emababy\",\"potentialAction\":[{\"@type\":\"SearchAction\",\"target\":{\"@type\":\"EntryPoint\",\"urlTemplate\":\"https:\\\/\\\/emababy.com\\\/?s={search_term_string}\"},\"query-input\":{\"@type\":\"PropertyValueSpecification\",\"valueRequired\":true,\"valueName\":\"search_term_string\"}}],\"inLanguage\":\"en-US\"},{\"@type\":\"Organization\",\"@id\":\"https:\\\/\\\/emababy.com\\\/#organization\",\"name\":\"EmaDesign Bt.\",\"url\":\"https:\\\/\\\/emababy.com\\\/\",\"logo\":{\"@type\":\"ImageObject\",\"inLanguage\":\"en-US\",\"@id\":\"https:\\\/\\\/emababy.com\\\/#\\\/schema\\\/logo\\\/image\\\/\",\"url\":\"https:\\\/\\\/emababy.com\\\/wp-content\\\/uploads\\\/2023\\\/03\\\/cropped-logo_light_small.png\",\"contentUrl\":\"https:\\\/\\\/emababy.com\\\/wp-content\\\/uploads\\\/2023\\\/03\\\/cropped-logo_light_small.png\",\"width\":607,\"height\":80,\"caption\":\"EmaDesign Bt.\"},\"image\":{\"@id\":\"https:\\\/\\\/emababy.com\\\/#\\\/schema\\\/logo\\\/image\\\/\"},\"sameAs\":[\"https:\\\/\\\/www.facebook.com\\\/emadesignbabycarriers\\\/\",\"https:\\\/\\\/www.instagram.com\\\/emadesignbabycarriers\\\/\",\"https:\\\/\\\/www.youtube.com\\\/@ema_design\"]}]}<\/script>\n<!-- \/ Yoast SEO plugin. -->","yoast_head_json":{"title":"Forest romperek - ema design","description":"Szabad mozg\u00e1st biztos\u00edt\u00f3 gyermekruh\u00e1k, melyek oeko-tex min\u0151s\u00edt\u00e9s\u0171, puha duplag\u00e9zb\u0151l k\u00e9sz\u00fclnek, igazi fa gombokkal a term\u00e9szetess\u00e9g jegy\u00e9ben.","robots":{"index":"index","follow":"follow","max-snippet":"max-snippet:-1","max-image-preview":"max-image-preview:large","max-video-preview":"max-video-preview:-1"},"canonical":"https:\/\/emababy.com\/en\/product\/forest-romperek\/","og_locale":"en_US","og_type":"article","og_title":"Forest romperek - ema design","og_description":"Szabad mozg\u00e1st biztos\u00edt\u00f3 gyermekruh\u00e1k, melyek oeko-tex min\u0151s\u00edt\u00e9s\u0171, puha duplag\u00e9zb\u0151l k\u00e9sz\u00fclnek, igazi fa gombokkal a term\u00e9szetess\u00e9g jegy\u00e9ben.","og_url":"https:\/\/emababy.com\/en\/product\/forest-romperek\/","og_site_name":"ema design","article_publisher":"https:\/\/www.facebook.com\/emadesignbabycarriers\/","article_modified_time":"2026-03-15T16:08:53+00:00","og_image":[{"width":1362,"height":2048,"url":"https:\/\/emababy.com\/wp-content\/uploads\/2024\/10\/photo-output_4.jpeg","type":"image\/jpeg"}],"twitter_card":"summary_large_image","twitter_misc":{"Est. reading time":"2 minutes"},"schema":{"@context":"https:\/\/schema.org","@graph":[{"@type":"WebPage","@id":"https:\/\/emababy.com\/product\/forest-romperek\/","url":"https:\/\/emababy.com\/product\/forest-romperek\/","name":"Forest romperek - ema design","isPartOf":{"@id":"https:\/\/emababy.com\/#website"},"primaryImageOfPage":{"@id":"https:\/\/emababy.com\/product\/forest-romperek\/#primaryimage"},"image":{"@id":"https:\/\/emababy.com\/product\/forest-romperek\/#primaryimage"},"thumbnailUrl":"https:\/\/emababy.com\/wp-content\/uploads\/2024\/10\/photo-output_4.jpeg","datePublished":"2024-10-26T17:55:17+00:00","dateModified":"2026-03-15T16:08:53+00:00","description":"Szabad mozg\u00e1st biztos\u00edt\u00f3 gyermekruh\u00e1k, melyek oeko-tex min\u0151s\u00edt\u00e9s\u0171, puha duplag\u00e9zb\u0151l k\u00e9sz\u00fclnek, igazi fa gombokkal a term\u00e9szetess\u00e9g jegy\u00e9ben.","breadcrumb":{"@id":"https:\/\/emababy.com\/product\/forest-romperek\/#breadcrumb"},"inLanguage":"en-US","potentialAction":[{"@type":"ReadAction","target":["https:\/\/emababy.com\/product\/forest-romperek\/"]}]},{"@type":"ImageObject","inLanguage":"en-US","@id":"https:\/\/emababy.com\/product\/forest-romperek\/#primaryimage","url":"https:\/\/emababy.com\/wp-content\/uploads\/2024\/10\/photo-output_4.jpeg","contentUrl":"https:\/\/emababy.com\/wp-content\/uploads\/2024\/10\/photo-output_4.jpeg","width":1362,"height":2048,"caption":"autumn glow romper"},{"@type":"BreadcrumbList","@id":"https:\/\/emababy.com\/product\/forest-romperek\/#breadcrumb","itemListElement":[{"@type":"ListItem","position":1,"name":"Home","item":"https:\/\/emababy.com\/"},{"@type":"ListItem","position":2,"name":"Bolt","item":"https:\/\/emababy.com\/ema-design-babahordozo\/"},{"@type":"ListItem","position":3,"name":"Forest romperek"}]},{"@type":"WebSite","@id":"https:\/\/emababy.com\/#website","url":"https:\/\/emababy.com\/","name":"ema design","description":"Babahordoz\u00e1s st\u00edlusosan!","publisher":{"@id":"https:\/\/emababy.com\/#organization"},"alternateName":"emababy","potentialAction":[{"@type":"SearchAction","target":{"@type":"EntryPoint","urlTemplate":"https:\/\/emababy.com\/?s={search_term_string}"},"query-input":{"@type":"PropertyValueSpecification","valueRequired":true,"valueName":"search_term_string"}}],"inLanguage":"en-US"},{"@type":"Organization","@id":"https:\/\/emababy.com\/#organization","name":"EmaDesign Bt.","url":"https:\/\/emababy.com\/","logo":{"@type":"ImageObject","inLanguage":"en-US","@id":"https:\/\/emababy.com\/#\/schema\/logo\/image\/","url":"https:\/\/emababy.com\/wp-content\/uploads\/2023\/03\/cropped-logo_light_small.png","contentUrl":"https:\/\/emababy.com\/wp-content\/uploads\/2023\/03\/cropped-logo_light_small.png","width":607,"height":80,"caption":"EmaDesign Bt."},"image":{"@id":"https:\/\/emababy.com\/#\/schema\/logo\/image\/"},"sameAs":["https:\/\/www.facebook.com\/emadesignbabycarriers\/","https:\/\/www.instagram.com\/emadesignbabycarriers\/","https:\/\/www.youtube.com\/@ema_design"]}]}},"_links":{"self":[{"href":"https:\/\/emababy.com\/en\/wp-json\/wp\/v2\/product\/9488","targetHints":{"allow":["GET"]}}],"collection":[{"href":"https:\/\/emababy.com\/en\/wp-json\/wp\/v2\/product"}],"about":[{"href":"https:\/\/emababy.com\/en\/wp-json\/wp\/v2\/types\/product"}],"wp:featuredmedia":[{"embeddable":true,"href":"https:\/\/emababy.com\/en\/wp-json\/wp\/v2\/media\/9465"}],"wp:attachment":[{"href":"https:\/\/emababy.com\/en\/wp-json\/wp\/v2\/media?parent=9488"}],"wp:term":[{"taxonomy":"product_brand","embeddable":true,"href":"https:\/\/emababy.com\/en\/wp-json\/wp\/v2\/product_brand?post=9488"},{"taxonomy":"product_cat","embeddable":true,"href":"https:\/\/emababy.com\/en\/wp-json\/wp\/v2\/product_cat?post=9488"},{"taxonomy":"product_tag","embeddable":true,"href":"https:\/\/emababy.com\/en\/wp-json\/wp\/v2\/product_tag?post=9488"}],"curies":[{"name":"wp","href":"https:\/\/api.w.org\/{rel}","templated":true}]}}