{"id":9626,"date":"2024-11-26T22:06:37","date_gmt":"2024-11-26T21:06:37","guid":{"rendered":"https:\/\/emababy.com\/?post_type=product&#038;p=9626"},"modified":"2026-04-20T14:18:52","modified_gmt":"2026-04-20T12:18:52","slug":"forest-mombag","status":"publish","type":"product","link":"https:\/\/emababy.com\/en\/product\/forest-mombag\/","title":{"rendered":"Forest mombag large bag"},"content":{"rendered":"<p>A <strong>practical and stylish large mombag<\/strong> an essential accessory for every mom! The <strong>made from 100% Oeko-Tex certified cotton corduroy<\/strong> bag is lightweight and versatile to make your everyday life easier!<\/p>\n<p>Inside, a small separate pocket helps keep things organized \u2013 your phone, keys, or other small items you need to grab quickly fit easily here.<\/p>\n<p><strong>Why do customers love the mombag?<\/strong><\/p>\n<ul>\n<li><b>Spacious size: <\/b>Your baby's change of clothes, diapering gear, food and drink, and even your favorite baby carrier fit easily inside!<\/li>\n<li><strong>Comfortable and versatile:<\/strong> Thanks to its massive size, you can take everything you need with you during a walk, shopping, or travel.<\/li>\n<li><strong>Style and quality:<\/strong> Unique design that fits perfectly into the everyday life of modern moms.<\/li>\n<\/ul>","protected":false},"excerpt":{"rendered":"<ul>\n<li>A massive, all-absorbing carry-all bag.<\/li>\n<li>Small pocket for little things.<\/li>\n<li>100% Oeko-Tex certified corduroy material.<\/li>\n<li>Hungarian product.<\/li>\n<\/ul>","protected":false},"featured_media":9642,"template":"","meta":[],"product_brand":[],"product_cat":[343,316],"product_tag":[],"class_list":{"0":"post-9626","1":"product","2":"type-product","3":"status-publish","4":"has-post-thumbnail","6":"product_cat-forest","7":"product_cat-kordbarsony-nagy-taska","9":"first","10":"instock","11":"taxable","12":"shipping-taxable","13":"purchasable","14":"product-type-variable"},"yoast_head":"<!-- This site is optimized with the Yoast SEO plugin v27.5 - https:\/\/yoast.com\/product\/yoast-seo-wordpress\/ -->\n<title>Forest mombag nagy t\u00e1ska - ema design<\/title>\n<meta name=\"description\" content=\"Nagy t\u00e1ska, mely mindent elnyel. Igazi &quot;mombag&quot;, hiszen mindent magaddal tudsz vinni, amire egy kisbab\u00e1val val\u00f3 s\u00e9ta alkalm\u00e1val sz\u00fcks\u00e9ged lehet.\" \/>\n<meta name=\"robots\" content=\"index, follow, max-snippet:-1, max-image-preview:large, max-video-preview:-1\" \/>\n<link rel=\"canonical\" href=\"https:\/\/emababy.com\/en\/product\/forest-mombag\/\" \/>\n<meta property=\"og:locale\" content=\"en_US\" \/>\n<meta property=\"og:type\" content=\"article\" \/>\n<meta property=\"og:title\" content=\"Forest mombag nagy t\u00e1ska - ema design\" \/>\n<meta property=\"og:description\" content=\"Nagy t\u00e1ska, mely mindent elnyel. Igazi &quot;mombag&quot;, hiszen mindent magaddal tudsz vinni, amire egy kisbab\u00e1val val\u00f3 s\u00e9ta alkalm\u00e1val sz\u00fcks\u00e9ged lehet.\" \/>\n<meta property=\"og:url\" content=\"https:\/\/emababy.com\/en\/product\/forest-mombag\/\" \/>\n<meta property=\"og:site_name\" content=\"ema design\" \/>\n<meta property=\"article:publisher\" content=\"https:\/\/www.facebook.com\/emadesignbabycarriers\/\" \/>\n<meta property=\"article:modified_time\" content=\"2026-04-20T12:18:52+00:00\" \/>\n<meta property=\"og:image\" content=\"https:\/\/emababy.com\/wp-content\/uploads\/2024\/11\/photo-output-2-scaled.jpeg\" \/>\n\t<meta property=\"og:image:width\" content=\"2046\" \/>\n\t<meta property=\"og:image:height\" content=\"2560\" \/>\n\t<meta property=\"og:image:type\" content=\"image\/jpeg\" \/>\n<meta name=\"twitter:card\" content=\"summary_large_image\" \/>\n<meta name=\"twitter:label1\" content=\"Est. reading time\" \/>\n\t<meta name=\"twitter:data1\" content=\"1 minute\" \/>\n<script type=\"application\/ld+json\" class=\"yoast-schema-graph\">{\"@context\":\"https:\\\/\\\/schema.org\",\"@graph\":[{\"@type\":\"WebPage\",\"@id\":\"https:\\\/\\\/emababy.com\\\/product\\\/forest-mombag\\\/\",\"url\":\"https:\\\/\\\/emababy.com\\\/product\\\/forest-mombag\\\/\",\"name\":\"Forest mombag nagy t\u00e1ska - ema design\",\"isPartOf\":{\"@id\":\"https:\\\/\\\/emababy.com\\\/#website\"},\"primaryImageOfPage\":{\"@id\":\"https:\\\/\\\/emababy.com\\\/product\\\/forest-mombag\\\/#primaryimage\"},\"image\":{\"@id\":\"https:\\\/\\\/emababy.com\\\/product\\\/forest-mombag\\\/#primaryimage\"},\"thumbnailUrl\":\"https:\\\/\\\/emababy.com\\\/wp-content\\\/uploads\\\/2024\\\/11\\\/photo-output-2-scaled.jpeg\",\"datePublished\":\"2024-11-26T21:06:37+00:00\",\"dateModified\":\"2026-04-20T12:18:52+00:00\",\"description\":\"Nagy t\u00e1ska, mely mindent elnyel. Igazi \\\"mombag\\\", hiszen mindent magaddal tudsz vinni, amire egy kisbab\u00e1val val\u00f3 s\u00e9ta alkalm\u00e1val sz\u00fcks\u00e9ged lehet.\",\"breadcrumb\":{\"@id\":\"https:\\\/\\\/emababy.com\\\/product\\\/forest-mombag\\\/#breadcrumb\"},\"inLanguage\":\"en-US\",\"potentialAction\":[{\"@type\":\"ReadAction\",\"target\":[\"https:\\\/\\\/emababy.com\\\/product\\\/forest-mombag\\\/\"]}]},{\"@type\":\"ImageObject\",\"inLanguage\":\"en-US\",\"@id\":\"https:\\\/\\\/emababy.com\\\/product\\\/forest-mombag\\\/#primaryimage\",\"url\":\"https:\\\/\\\/emababy.com\\\/wp-content\\\/uploads\\\/2024\\\/11\\\/photo-output-2-scaled.jpeg\",\"contentUrl\":\"https:\\\/\\\/emababy.com\\\/wp-content\\\/uploads\\\/2024\\\/11\\\/photo-output-2-scaled.jpeg\",\"width\":2046,\"height\":2560},{\"@type\":\"BreadcrumbList\",\"@id\":\"https:\\\/\\\/emababy.com\\\/product\\\/forest-mombag\\\/#breadcrumb\",\"itemListElement\":[{\"@type\":\"ListItem\",\"position\":1,\"name\":\"Home\",\"item\":\"https:\\\/\\\/emababy.com\\\/\"},{\"@type\":\"ListItem\",\"position\":2,\"name\":\"Bolt\",\"item\":\"https:\\\/\\\/emababy.com\\\/ema-design-babahordozo\\\/\"},{\"@type\":\"ListItem\",\"position\":3,\"name\":\"Forest mombag nagy t\u00e1ska\"}]},{\"@type\":\"WebSite\",\"@id\":\"https:\\\/\\\/emababy.com\\\/#website\",\"url\":\"https:\\\/\\\/emababy.com\\\/\",\"name\":\"ema design\",\"description\":\"Babahordoz\u00e1s st\u00edlusosan!\",\"publisher\":{\"@id\":\"https:\\\/\\\/emababy.com\\\/#organization\"},\"alternateName\":\"emababy\",\"potentialAction\":[{\"@type\":\"SearchAction\",\"target\":{\"@type\":\"EntryPoint\",\"urlTemplate\":\"https:\\\/\\\/emababy.com\\\/?s={search_term_string}\"},\"query-input\":{\"@type\":\"PropertyValueSpecification\",\"valueRequired\":true,\"valueName\":\"search_term_string\"}}],\"inLanguage\":\"en-US\"},{\"@type\":\"Organization\",\"@id\":\"https:\\\/\\\/emababy.com\\\/#organization\",\"name\":\"EmaDesign Bt.\",\"url\":\"https:\\\/\\\/emababy.com\\\/\",\"logo\":{\"@type\":\"ImageObject\",\"inLanguage\":\"en-US\",\"@id\":\"https:\\\/\\\/emababy.com\\\/#\\\/schema\\\/logo\\\/image\\\/\",\"url\":\"https:\\\/\\\/emababy.com\\\/wp-content\\\/uploads\\\/2023\\\/03\\\/cropped-logo_light_small.png\",\"contentUrl\":\"https:\\\/\\\/emababy.com\\\/wp-content\\\/uploads\\\/2023\\\/03\\\/cropped-logo_light_small.png\",\"width\":607,\"height\":80,\"caption\":\"EmaDesign Bt.\"},\"image\":{\"@id\":\"https:\\\/\\\/emababy.com\\\/#\\\/schema\\\/logo\\\/image\\\/\"},\"sameAs\":[\"https:\\\/\\\/www.facebook.com\\\/emadesignbabycarriers\\\/\",\"https:\\\/\\\/www.instagram.com\\\/emadesignbabycarriers\\\/\",\"https:\\\/\\\/www.youtube.com\\\/@ema_design\"]}]}<\/script>\n<!-- \/ Yoast SEO plugin. -->","yoast_head_json":{"title":"Forest mombag nagy t\u00e1ska - ema design","description":"Nagy t\u00e1ska, mely mindent elnyel. Igazi \"mombag\", hiszen mindent magaddal tudsz vinni, amire egy kisbab\u00e1val val\u00f3 s\u00e9ta alkalm\u00e1val sz\u00fcks\u00e9ged lehet.","robots":{"index":"index","follow":"follow","max-snippet":"max-snippet:-1","max-image-preview":"max-image-preview:large","max-video-preview":"max-video-preview:-1"},"canonical":"https:\/\/emababy.com\/en\/product\/forest-mombag\/","og_locale":"en_US","og_type":"article","og_title":"Forest mombag nagy t\u00e1ska - ema design","og_description":"Nagy t\u00e1ska, mely mindent elnyel. Igazi \"mombag\", hiszen mindent magaddal tudsz vinni, amire egy kisbab\u00e1val val\u00f3 s\u00e9ta alkalm\u00e1val sz\u00fcks\u00e9ged lehet.","og_url":"https:\/\/emababy.com\/en\/product\/forest-mombag\/","og_site_name":"ema design","article_publisher":"https:\/\/www.facebook.com\/emadesignbabycarriers\/","article_modified_time":"2026-04-20T12:18:52+00:00","og_image":[{"width":2046,"height":2560,"url":"https:\/\/emababy.com\/wp-content\/uploads\/2024\/11\/photo-output-2-scaled.jpeg","type":"image\/jpeg"}],"twitter_card":"summary_large_image","twitter_misc":{"Est. reading time":"1 minute"},"schema":{"@context":"https:\/\/schema.org","@graph":[{"@type":"WebPage","@id":"https:\/\/emababy.com\/product\/forest-mombag\/","url":"https:\/\/emababy.com\/product\/forest-mombag\/","name":"Forest mombag nagy t\u00e1ska - ema design","isPartOf":{"@id":"https:\/\/emababy.com\/#website"},"primaryImageOfPage":{"@id":"https:\/\/emababy.com\/product\/forest-mombag\/#primaryimage"},"image":{"@id":"https:\/\/emababy.com\/product\/forest-mombag\/#primaryimage"},"thumbnailUrl":"https:\/\/emababy.com\/wp-content\/uploads\/2024\/11\/photo-output-2-scaled.jpeg","datePublished":"2024-11-26T21:06:37+00:00","dateModified":"2026-04-20T12:18:52+00:00","description":"Nagy t\u00e1ska, mely mindent elnyel. Igazi \"mombag\", hiszen mindent magaddal tudsz vinni, amire egy kisbab\u00e1val val\u00f3 s\u00e9ta alkalm\u00e1val sz\u00fcks\u00e9ged lehet.","breadcrumb":{"@id":"https:\/\/emababy.com\/product\/forest-mombag\/#breadcrumb"},"inLanguage":"en-US","potentialAction":[{"@type":"ReadAction","target":["https:\/\/emababy.com\/product\/forest-mombag\/"]}]},{"@type":"ImageObject","inLanguage":"en-US","@id":"https:\/\/emababy.com\/product\/forest-mombag\/#primaryimage","url":"https:\/\/emababy.com\/wp-content\/uploads\/2024\/11\/photo-output-2-scaled.jpeg","contentUrl":"https:\/\/emababy.com\/wp-content\/uploads\/2024\/11\/photo-output-2-scaled.jpeg","width":2046,"height":2560},{"@type":"BreadcrumbList","@id":"https:\/\/emababy.com\/product\/forest-mombag\/#breadcrumb","itemListElement":[{"@type":"ListItem","position":1,"name":"Home","item":"https:\/\/emababy.com\/"},{"@type":"ListItem","position":2,"name":"Bolt","item":"https:\/\/emababy.com\/ema-design-babahordozo\/"},{"@type":"ListItem","position":3,"name":"Forest mombag nagy t\u00e1ska"}]},{"@type":"WebSite","@id":"https:\/\/emababy.com\/#website","url":"https:\/\/emababy.com\/","name":"ema design","description":"Babahordoz\u00e1s st\u00edlusosan!","publisher":{"@id":"https:\/\/emababy.com\/#organization"},"alternateName":"emababy","potentialAction":[{"@type":"SearchAction","target":{"@type":"EntryPoint","urlTemplate":"https:\/\/emababy.com\/?s={search_term_string}"},"query-input":{"@type":"PropertyValueSpecification","valueRequired":true,"valueName":"search_term_string"}}],"inLanguage":"en-US"},{"@type":"Organization","@id":"https:\/\/emababy.com\/#organization","name":"EmaDesign Bt.","url":"https:\/\/emababy.com\/","logo":{"@type":"ImageObject","inLanguage":"en-US","@id":"https:\/\/emababy.com\/#\/schema\/logo\/image\/","url":"https:\/\/emababy.com\/wp-content\/uploads\/2023\/03\/cropped-logo_light_small.png","contentUrl":"https:\/\/emababy.com\/wp-content\/uploads\/2023\/03\/cropped-logo_light_small.png","width":607,"height":80,"caption":"EmaDesign Bt."},"image":{"@id":"https:\/\/emababy.com\/#\/schema\/logo\/image\/"},"sameAs":["https:\/\/www.facebook.com\/emadesignbabycarriers\/","https:\/\/www.instagram.com\/emadesignbabycarriers\/","https:\/\/www.youtube.com\/@ema_design"]}]}},"_links":{"self":[{"href":"https:\/\/emababy.com\/en\/wp-json\/wp\/v2\/product\/9626","targetHints":{"allow":["GET"]}}],"collection":[{"href":"https:\/\/emababy.com\/en\/wp-json\/wp\/v2\/product"}],"about":[{"href":"https:\/\/emababy.com\/en\/wp-json\/wp\/v2\/types\/product"}],"wp:featuredmedia":[{"embeddable":true,"href":"https:\/\/emababy.com\/en\/wp-json\/wp\/v2\/media\/9642"}],"wp:attachment":[{"href":"https:\/\/emababy.com\/en\/wp-json\/wp\/v2\/media?parent=9626"}],"wp:term":[{"taxonomy":"product_brand","embeddable":true,"href":"https:\/\/emababy.com\/en\/wp-json\/wp\/v2\/product_brand?post=9626"},{"taxonomy":"product_cat","embeddable":true,"href":"https:\/\/emababy.com\/en\/wp-json\/wp\/v2\/product_cat?post=9626"},{"taxonomy":"product_tag","embeddable":true,"href":"https:\/\/emababy.com\/en\/wp-json\/wp\/v2\/product_tag?post=9626"}],"curies":[{"name":"wp","href":"https:\/\/api.w.org\/{rel}","templated":true}]}}