{"id":9742,"date":"2025-01-20T12:37:43","date_gmt":"2025-01-20T11:37:43","guid":{"rendered":"https:\/\/emababy.com\/?post_type=product&#038;p=9742"},"modified":"2025-06-18T13:10:48","modified_gmt":"2025-06-18T11:10:48","slug":"ema-design-x-maman-mombag-nagy-taska","status":"publish","type":"product","link":"https:\/\/emababy.com\/en\/product\/ema-design-x-maman-mombag-nagy-taska\/","title":{"rendered":"ema design x maman mombag nagy t\u00e1ska"},"content":{"rendered":"<p>ema design \u00e9s a maman babanapl\u00f3k egy\u00fcttm\u0171k\u00f6d\u00e9s\u00e9vel k\u00e9sz\u00fclt nagy t\u00e1ska. A hatalmas, mindent elnyel\u0151 &#8222;mombag&#8221; t\u00e1sk\u00e1k 100% oeko-tex min\u0151s\u00edt\u00e9s\u0171 pamutv\u00e1szonb\u00f3l k\u00e9sz\u00fclnek.<\/p>\n<p>An essential item, as you can bring everything with you on a walk: whether it's a change of clothes, food and drinks, diapering supplies, or once the toddler years arrive, even your baby carriers fit in easily!<\/p>","protected":false},"excerpt":{"rendered":"<ul>\n<li>A huge, spacious bag.<\/li>\n<li>100% oeko-tex min\u0151s\u00edt\u00e9s\u0171 pamutv\u00e1szon.<\/li>\n<li>Hungarian product.<\/li>\n<\/ul>","protected":false},"featured_media":9744,"template":"","meta":[],"product_brand":[],"product_cat":[286],"product_tag":[],"class_list":{"0":"post-9742","1":"product","2":"type-product","3":"status-publish","4":"has-post-thumbnail","6":"product_cat-categ-akcio","8":"first","9":"instock","10":"sale","11":"taxable","12":"shipping-taxable","13":"purchasable","14":"product-type-variable"},"yoast_head":"<!-- This site is optimized with the Yoast SEO plugin v27.5 - https:\/\/yoast.com\/product\/yoast-seo-wordpress\/ -->\n<title>ema design x maman mombag nagy t\u00e1ska - ema design<\/title>\n<meta name=\"description\" content=\"Nagy t\u00e1ska, mely mindent elnyel. Igazi &quot;mombag&quot;, hiszen mindent magaddal tudsz vinni, amire egy kisbab\u00e1val val\u00f3 s\u00e9ta alkalm\u00e1val sz\u00fcks\u00e9ged lehet.\" \/>\n<meta name=\"robots\" content=\"index, follow, max-snippet:-1, max-image-preview:large, max-video-preview:-1\" \/>\n<link rel=\"canonical\" href=\"https:\/\/emababy.com\/en\/product\/ema-design-x-maman-mombag-nagy-taska\/\" \/>\n<meta property=\"og:locale\" content=\"en_US\" \/>\n<meta property=\"og:type\" content=\"article\" \/>\n<meta property=\"og:title\" content=\"ema design x maman mombag nagy t\u00e1ska - ema design\" \/>\n<meta property=\"og:description\" content=\"Nagy t\u00e1ska, mely mindent elnyel. Igazi &quot;mombag&quot;, hiszen mindent magaddal tudsz vinni, amire egy kisbab\u00e1val val\u00f3 s\u00e9ta alkalm\u00e1val sz\u00fcks\u00e9ged lehet.\" \/>\n<meta property=\"og:url\" content=\"https:\/\/emababy.com\/en\/product\/ema-design-x-maman-mombag-nagy-taska\/\" \/>\n<meta property=\"og:site_name\" content=\"ema design\" \/>\n<meta property=\"article:publisher\" content=\"https:\/\/www.facebook.com\/emadesignbabycarriers\/\" \/>\n<meta property=\"article:modified_time\" content=\"2025-06-18T11:10:48+00:00\" \/>\n<meta property=\"og:image\" content=\"https:\/\/emababy.com\/wp-content\/uploads\/2025\/01\/photo-output-scaled.jpeg\" \/>\n\t<meta property=\"og:image:width\" content=\"2048\" \/>\n\t<meta property=\"og:image:height\" content=\"2560\" \/>\n\t<meta property=\"og:image:type\" content=\"image\/jpeg\" \/>\n<meta name=\"twitter:card\" content=\"summary_large_image\" \/>\n<meta name=\"twitter:label1\" content=\"Est. reading time\" \/>\n\t<meta name=\"twitter:data1\" content=\"1 minute\" \/>\n<script type=\"application\/ld+json\" class=\"yoast-schema-graph\">{\"@context\":\"https:\\\/\\\/schema.org\",\"@graph\":[{\"@type\":\"WebPage\",\"@id\":\"https:\\\/\\\/emababy.com\\\/product\\\/ema-design-x-maman-mombag-nagy-taska\\\/\",\"url\":\"https:\\\/\\\/emababy.com\\\/product\\\/ema-design-x-maman-mombag-nagy-taska\\\/\",\"name\":\"ema design x maman mombag nagy t\u00e1ska - ema design\",\"isPartOf\":{\"@id\":\"https:\\\/\\\/emababy.com\\\/#website\"},\"primaryImageOfPage\":{\"@id\":\"https:\\\/\\\/emababy.com\\\/product\\\/ema-design-x-maman-mombag-nagy-taska\\\/#primaryimage\"},\"image\":{\"@id\":\"https:\\\/\\\/emababy.com\\\/product\\\/ema-design-x-maman-mombag-nagy-taska\\\/#primaryimage\"},\"thumbnailUrl\":\"https:\\\/\\\/emababy.com\\\/wp-content\\\/uploads\\\/2025\\\/01\\\/photo-output-scaled.jpeg\",\"datePublished\":\"2025-01-20T11:37:43+00:00\",\"dateModified\":\"2025-06-18T11:10:48+00:00\",\"description\":\"Nagy t\u00e1ska, mely mindent elnyel. Igazi \\\"mombag\\\", hiszen mindent magaddal tudsz vinni, amire egy kisbab\u00e1val val\u00f3 s\u00e9ta alkalm\u00e1val sz\u00fcks\u00e9ged lehet.\",\"breadcrumb\":{\"@id\":\"https:\\\/\\\/emababy.com\\\/product\\\/ema-design-x-maman-mombag-nagy-taska\\\/#breadcrumb\"},\"inLanguage\":\"en-US\",\"potentialAction\":[{\"@type\":\"ReadAction\",\"target\":[\"https:\\\/\\\/emababy.com\\\/product\\\/ema-design-x-maman-mombag-nagy-taska\\\/\"]}]},{\"@type\":\"ImageObject\",\"inLanguage\":\"en-US\",\"@id\":\"https:\\\/\\\/emababy.com\\\/product\\\/ema-design-x-maman-mombag-nagy-taska\\\/#primaryimage\",\"url\":\"https:\\\/\\\/emababy.com\\\/wp-content\\\/uploads\\\/2025\\\/01\\\/photo-output-scaled.jpeg\",\"contentUrl\":\"https:\\\/\\\/emababy.com\\\/wp-content\\\/uploads\\\/2025\\\/01\\\/photo-output-scaled.jpeg\",\"width\":2048,\"height\":2560,\"caption\":\"ema x maman nagy t\u00e1ska\"},{\"@type\":\"BreadcrumbList\",\"@id\":\"https:\\\/\\\/emababy.com\\\/product\\\/ema-design-x-maman-mombag-nagy-taska\\\/#breadcrumb\",\"itemListElement\":[{\"@type\":\"ListItem\",\"position\":1,\"name\":\"Home\",\"item\":\"https:\\\/\\\/emababy.com\\\/\"},{\"@type\":\"ListItem\",\"position\":2,\"name\":\"Bolt\",\"item\":\"https:\\\/\\\/emababy.com\\\/ema-design-babahordozo\\\/\"},{\"@type\":\"ListItem\",\"position\":3,\"name\":\"ema design x maman mombag nagy t\u00e1ska\"}]},{\"@type\":\"WebSite\",\"@id\":\"https:\\\/\\\/emababy.com\\\/#website\",\"url\":\"https:\\\/\\\/emababy.com\\\/\",\"name\":\"ema design\",\"description\":\"Babahordoz\u00e1s st\u00edlusosan!\",\"publisher\":{\"@id\":\"https:\\\/\\\/emababy.com\\\/#organization\"},\"alternateName\":\"emababy\",\"potentialAction\":[{\"@type\":\"SearchAction\",\"target\":{\"@type\":\"EntryPoint\",\"urlTemplate\":\"https:\\\/\\\/emababy.com\\\/?s={search_term_string}\"},\"query-input\":{\"@type\":\"PropertyValueSpecification\",\"valueRequired\":true,\"valueName\":\"search_term_string\"}}],\"inLanguage\":\"en-US\"},{\"@type\":\"Organization\",\"@id\":\"https:\\\/\\\/emababy.com\\\/#organization\",\"name\":\"EmaDesign Bt.\",\"url\":\"https:\\\/\\\/emababy.com\\\/\",\"logo\":{\"@type\":\"ImageObject\",\"inLanguage\":\"en-US\",\"@id\":\"https:\\\/\\\/emababy.com\\\/#\\\/schema\\\/logo\\\/image\\\/\",\"url\":\"https:\\\/\\\/emababy.com\\\/wp-content\\\/uploads\\\/2023\\\/03\\\/cropped-logo_light_small.png\",\"contentUrl\":\"https:\\\/\\\/emababy.com\\\/wp-content\\\/uploads\\\/2023\\\/03\\\/cropped-logo_light_small.png\",\"width\":607,\"height\":80,\"caption\":\"EmaDesign Bt.\"},\"image\":{\"@id\":\"https:\\\/\\\/emababy.com\\\/#\\\/schema\\\/logo\\\/image\\\/\"},\"sameAs\":[\"https:\\\/\\\/www.facebook.com\\\/emadesignbabycarriers\\\/\",\"https:\\\/\\\/www.instagram.com\\\/emadesignbabycarriers\\\/\",\"https:\\\/\\\/www.youtube.com\\\/@ema_design\"]}]}<\/script>\n<!-- \/ Yoast SEO plugin. -->","yoast_head_json":{"title":"ema design x maman mombag nagy t\u00e1ska - ema design","description":"Nagy t\u00e1ska, mely mindent elnyel. Igazi \"mombag\", hiszen mindent magaddal tudsz vinni, amire egy kisbab\u00e1val val\u00f3 s\u00e9ta alkalm\u00e1val sz\u00fcks\u00e9ged lehet.","robots":{"index":"index","follow":"follow","max-snippet":"max-snippet:-1","max-image-preview":"max-image-preview:large","max-video-preview":"max-video-preview:-1"},"canonical":"https:\/\/emababy.com\/en\/product\/ema-design-x-maman-mombag-nagy-taska\/","og_locale":"en_US","og_type":"article","og_title":"ema design x maman mombag nagy t\u00e1ska - ema design","og_description":"Nagy t\u00e1ska, mely mindent elnyel. Igazi \"mombag\", hiszen mindent magaddal tudsz vinni, amire egy kisbab\u00e1val val\u00f3 s\u00e9ta alkalm\u00e1val sz\u00fcks\u00e9ged lehet.","og_url":"https:\/\/emababy.com\/en\/product\/ema-design-x-maman-mombag-nagy-taska\/","og_site_name":"ema design","article_publisher":"https:\/\/www.facebook.com\/emadesignbabycarriers\/","article_modified_time":"2025-06-18T11:10:48+00:00","og_image":[{"width":2048,"height":2560,"url":"https:\/\/emababy.com\/wp-content\/uploads\/2025\/01\/photo-output-scaled.jpeg","type":"image\/jpeg"}],"twitter_card":"summary_large_image","twitter_misc":{"Est. reading time":"1 minute"},"schema":{"@context":"https:\/\/schema.org","@graph":[{"@type":"WebPage","@id":"https:\/\/emababy.com\/product\/ema-design-x-maman-mombag-nagy-taska\/","url":"https:\/\/emababy.com\/product\/ema-design-x-maman-mombag-nagy-taska\/","name":"ema design x maman mombag nagy t\u00e1ska - ema design","isPartOf":{"@id":"https:\/\/emababy.com\/#website"},"primaryImageOfPage":{"@id":"https:\/\/emababy.com\/product\/ema-design-x-maman-mombag-nagy-taska\/#primaryimage"},"image":{"@id":"https:\/\/emababy.com\/product\/ema-design-x-maman-mombag-nagy-taska\/#primaryimage"},"thumbnailUrl":"https:\/\/emababy.com\/wp-content\/uploads\/2025\/01\/photo-output-scaled.jpeg","datePublished":"2025-01-20T11:37:43+00:00","dateModified":"2025-06-18T11:10:48+00:00","description":"Nagy t\u00e1ska, mely mindent elnyel. Igazi \"mombag\", hiszen mindent magaddal tudsz vinni, amire egy kisbab\u00e1val val\u00f3 s\u00e9ta alkalm\u00e1val sz\u00fcks\u00e9ged lehet.","breadcrumb":{"@id":"https:\/\/emababy.com\/product\/ema-design-x-maman-mombag-nagy-taska\/#breadcrumb"},"inLanguage":"en-US","potentialAction":[{"@type":"ReadAction","target":["https:\/\/emababy.com\/product\/ema-design-x-maman-mombag-nagy-taska\/"]}]},{"@type":"ImageObject","inLanguage":"en-US","@id":"https:\/\/emababy.com\/product\/ema-design-x-maman-mombag-nagy-taska\/#primaryimage","url":"https:\/\/emababy.com\/wp-content\/uploads\/2025\/01\/photo-output-scaled.jpeg","contentUrl":"https:\/\/emababy.com\/wp-content\/uploads\/2025\/01\/photo-output-scaled.jpeg","width":2048,"height":2560,"caption":"ema x maman nagy t\u00e1ska"},{"@type":"BreadcrumbList","@id":"https:\/\/emababy.com\/product\/ema-design-x-maman-mombag-nagy-taska\/#breadcrumb","itemListElement":[{"@type":"ListItem","position":1,"name":"Home","item":"https:\/\/emababy.com\/"},{"@type":"ListItem","position":2,"name":"Bolt","item":"https:\/\/emababy.com\/ema-design-babahordozo\/"},{"@type":"ListItem","position":3,"name":"ema design x maman mombag nagy t\u00e1ska"}]},{"@type":"WebSite","@id":"https:\/\/emababy.com\/#website","url":"https:\/\/emababy.com\/","name":"ema design","description":"Babahordoz\u00e1s st\u00edlusosan!","publisher":{"@id":"https:\/\/emababy.com\/#organization"},"alternateName":"emababy","potentialAction":[{"@type":"SearchAction","target":{"@type":"EntryPoint","urlTemplate":"https:\/\/emababy.com\/?s={search_term_string}"},"query-input":{"@type":"PropertyValueSpecification","valueRequired":true,"valueName":"search_term_string"}}],"inLanguage":"en-US"},{"@type":"Organization","@id":"https:\/\/emababy.com\/#organization","name":"EmaDesign Bt.","url":"https:\/\/emababy.com\/","logo":{"@type":"ImageObject","inLanguage":"en-US","@id":"https:\/\/emababy.com\/#\/schema\/logo\/image\/","url":"https:\/\/emababy.com\/wp-content\/uploads\/2023\/03\/cropped-logo_light_small.png","contentUrl":"https:\/\/emababy.com\/wp-content\/uploads\/2023\/03\/cropped-logo_light_small.png","width":607,"height":80,"caption":"EmaDesign Bt."},"image":{"@id":"https:\/\/emababy.com\/#\/schema\/logo\/image\/"},"sameAs":["https:\/\/www.facebook.com\/emadesignbabycarriers\/","https:\/\/www.instagram.com\/emadesignbabycarriers\/","https:\/\/www.youtube.com\/@ema_design"]}]}},"_links":{"self":[{"href":"https:\/\/emababy.com\/en\/wp-json\/wp\/v2\/product\/9742","targetHints":{"allow":["GET"]}}],"collection":[{"href":"https:\/\/emababy.com\/en\/wp-json\/wp\/v2\/product"}],"about":[{"href":"https:\/\/emababy.com\/en\/wp-json\/wp\/v2\/types\/product"}],"wp:featuredmedia":[{"embeddable":true,"href":"https:\/\/emababy.com\/en\/wp-json\/wp\/v2\/media\/9744"}],"wp:attachment":[{"href":"https:\/\/emababy.com\/en\/wp-json\/wp\/v2\/media?parent=9742"}],"wp:term":[{"taxonomy":"product_brand","embeddable":true,"href":"https:\/\/emababy.com\/en\/wp-json\/wp\/v2\/product_brand?post=9742"},{"taxonomy":"product_cat","embeddable":true,"href":"https:\/\/emababy.com\/en\/wp-json\/wp\/v2\/product_cat?post=9742"},{"taxonomy":"product_tag","embeddable":true,"href":"https:\/\/emababy.com\/en\/wp-json\/wp\/v2\/product_tag?post=9742"}],"curies":[{"name":"wp","href":"https:\/\/api.w.org\/{rel}","templated":true}]}}