{"id":9967,"date":"2025-05-13T21:41:40","date_gmt":"2025-05-13T19:41:40","guid":{"rendered":"https:\/\/emababy.com\/?post_type=product&#038;p=9967"},"modified":"2026-04-20T08:38:45","modified_gmt":"2026-04-20T06:38:45","slug":"splash-vizi-rugalmas-kendo","status":"publish","type":"product","link":"https:\/\/emababy.com\/en\/product\/splash-vizi-rugalmas-kendo\/","title":{"rendered":"SPLASH water stretchy wrap"},"content":{"rendered":"<p>A <em>Splash<\/em> The water stretchy wrap is the baby carrier for moments by the water, summer adventures, and carefree snuggles.<\/p>\n<p>This stretchy wrap, made of 100% polyester, is specifically designed for water: it is lightweight, dries quickly, and is the ideal companion for the beach, the sea, the pool, walks by Lake Balaton, or even a quick summer shower.<\/p>\n<p>Splash allows your baby to be with you even when you want to cool off a bit, or when the older sibling is playing on the shore. This wrap does not become heavy or uncomfortable even when wet, as it does not absorb moisture like wraps made from natural materials \u2014 and it dries in a snap in the sun.<\/p>\n<p>Discover the experience of babywearing by the water \u2014 anywhere, anytime.<\/p>","protected":false},"excerpt":{"rendered":"<ul>\n<li>This wrap is primarily designed for short-term use near water, such as at the beach, pool, splashing around, or water play.<\/li>\n<li>The water stretchy wrap can be used from 3.5 kg up to a body weight of 12 kg.<\/li>\n<li><span style=\"font-weight: 400;\"><span style=\"font-weight: 400;\">The material of the Splash collection is 100% polyester<\/span><\/span><\/li>\n<li>Easily adjustable to babies of different sizes and to the wearer.<\/li>\n<li>ema design baby carriers come with a tying guide, but our YouTube and Instagram pages will also offer additional tutorials to help you master the carries.<\/li>\n<li><span style=\"font-weight: 400;\">Its main use is front carrying, but we also recommend it for hip carrying.<\/span><\/li>\n<li>Hungarian product.<\/li>\n<\/ul>\n<p>Not recommended for long, all-day carrying!<\/p>","protected":false},"featured_media":10004,"template":"","meta":[],"product_brand":[],"product_cat":[346,330],"product_tag":[],"class_list":{"0":"post-9967","1":"product","2":"type-product","3":"status-publish","4":"has-post-thumbnail","6":"product_cat-splash","7":"product_cat-categ-vizi-rugalmas-kendo","9":"first","10":"instock","11":"taxable","12":"shipping-taxable","13":"purchasable","14":"product-type-variable"},"yoast_head":"<!-- This site is optimized with the Yoast SEO plugin v27.5 - https:\/\/yoast.com\/product\/yoast-seo-wordpress\/ -->\n<title>SPLASH v\u00edzi rugalmas kend\u0151 - ema design<\/title>\n<meta name=\"description\" content=\"Az ema design babahordoz\u00f3: a mei tai 5-6 kil\u00f3s testm\u00e9rett\u0151l ak\u00e1r h\u00e1rom\u00e9ves korig is haszn\u00e1lhat\u00f3. Minimalista, st\u00edlusos babahordoz\u00f3k.\" \/>\n<meta name=\"robots\" content=\"index, follow, max-snippet:-1, max-image-preview:large, max-video-preview:-1\" \/>\n<link rel=\"canonical\" href=\"https:\/\/emababy.com\/en\/product\/splash-vizi-rugalmas-kendo\/\" \/>\n<meta property=\"og:locale\" content=\"en_US\" \/>\n<meta property=\"og:type\" content=\"article\" \/>\n<meta property=\"og:title\" content=\"SPLASH v\u00edzi rugalmas kend\u0151 - ema design\" \/>\n<meta property=\"og:description\" content=\"Az ema design babahordoz\u00f3: a mei tai 5-6 kil\u00f3s testm\u00e9rett\u0151l ak\u00e1r h\u00e1rom\u00e9ves korig is haszn\u00e1lhat\u00f3. Minimalista, st\u00edlusos babahordoz\u00f3k.\" \/>\n<meta property=\"og:url\" content=\"https:\/\/emababy.com\/en\/product\/splash-vizi-rugalmas-kendo\/\" \/>\n<meta property=\"og:site_name\" content=\"ema design\" \/>\n<meta property=\"article:publisher\" content=\"https:\/\/www.facebook.com\/emadesignbabycarriers\/\" \/>\n<meta property=\"article:modified_time\" content=\"2026-04-20T06:38:45+00:00\" \/>\n<meta property=\"og:image\" content=\"https:\/\/emababy.com\/wp-content\/uploads\/2025\/06\/photo-output_3-scaled.png\" \/>\n\t<meta property=\"og:image:width\" content=\"821\" \/>\n\t<meta property=\"og:image:height\" content=\"1024\" \/>\n\t<meta property=\"og:image:type\" content=\"image\/png\" \/>\n<meta name=\"twitter:card\" content=\"summary_large_image\" \/>\n<meta name=\"twitter:label1\" content=\"Est. reading time\" \/>\n\t<meta name=\"twitter:data1\" content=\"1 minute\" \/>\n<script type=\"application\/ld+json\" class=\"yoast-schema-graph\">{\"@context\":\"https:\\\/\\\/schema.org\",\"@graph\":[{\"@type\":\"WebPage\",\"@id\":\"https:\\\/\\\/emababy.com\\\/product\\\/splash-vizi-rugalmas-kendo\\\/\",\"url\":\"https:\\\/\\\/emababy.com\\\/product\\\/splash-vizi-rugalmas-kendo\\\/\",\"name\":\"SPLASH v\u00edzi rugalmas kend\u0151 - ema design\",\"isPartOf\":{\"@id\":\"https:\\\/\\\/emababy.com\\\/#website\"},\"primaryImageOfPage\":{\"@id\":\"https:\\\/\\\/emababy.com\\\/product\\\/splash-vizi-rugalmas-kendo\\\/#primaryimage\"},\"image\":{\"@id\":\"https:\\\/\\\/emababy.com\\\/product\\\/splash-vizi-rugalmas-kendo\\\/#primaryimage\"},\"thumbnailUrl\":\"https:\\\/\\\/emababy.com\\\/wp-content\\\/uploads\\\/2025\\\/06\\\/photo-output_3-scaled.png\",\"datePublished\":\"2025-05-13T19:41:40+00:00\",\"dateModified\":\"2026-04-20T06:38:45+00:00\",\"description\":\"Az ema design babahordoz\u00f3: a mei tai 5-6 kil\u00f3s testm\u00e9rett\u0151l ak\u00e1r h\u00e1rom\u00e9ves korig is haszn\u00e1lhat\u00f3. Minimalista, st\u00edlusos babahordoz\u00f3k.\",\"breadcrumb\":{\"@id\":\"https:\\\/\\\/emababy.com\\\/product\\\/splash-vizi-rugalmas-kendo\\\/#breadcrumb\"},\"inLanguage\":\"en-US\",\"potentialAction\":[{\"@type\":\"ReadAction\",\"target\":[\"https:\\\/\\\/emababy.com\\\/product\\\/splash-vizi-rugalmas-kendo\\\/\"]}]},{\"@type\":\"ImageObject\",\"inLanguage\":\"en-US\",\"@id\":\"https:\\\/\\\/emababy.com\\\/product\\\/splash-vizi-rugalmas-kendo\\\/#primaryimage\",\"url\":\"https:\\\/\\\/emababy.com\\\/wp-content\\\/uploads\\\/2025\\\/06\\\/photo-output_3-scaled.png\",\"contentUrl\":\"https:\\\/\\\/emababy.com\\\/wp-content\\\/uploads\\\/2025\\\/06\\\/photo-output_3-scaled.png\",\"width\":2052,\"height\":2560,\"caption\":\"splash v\u00edzi babahordoz\u00f3 kend\u0151\"},{\"@type\":\"BreadcrumbList\",\"@id\":\"https:\\\/\\\/emababy.com\\\/product\\\/splash-vizi-rugalmas-kendo\\\/#breadcrumb\",\"itemListElement\":[{\"@type\":\"ListItem\",\"position\":1,\"name\":\"Home\",\"item\":\"https:\\\/\\\/emababy.com\\\/\"},{\"@type\":\"ListItem\",\"position\":2,\"name\":\"Bolt\",\"item\":\"https:\\\/\\\/emababy.com\\\/ema-design-babahordozo\\\/\"},{\"@type\":\"ListItem\",\"position\":3,\"name\":\"SPLASH v\u00edzi rugalmas kend\u0151\"}]},{\"@type\":\"WebSite\",\"@id\":\"https:\\\/\\\/emababy.com\\\/#website\",\"url\":\"https:\\\/\\\/emababy.com\\\/\",\"name\":\"ema design\",\"description\":\"Babahordoz\u00e1s st\u00edlusosan!\",\"publisher\":{\"@id\":\"https:\\\/\\\/emababy.com\\\/#organization\"},\"alternateName\":\"emababy\",\"potentialAction\":[{\"@type\":\"SearchAction\",\"target\":{\"@type\":\"EntryPoint\",\"urlTemplate\":\"https:\\\/\\\/emababy.com\\\/?s={search_term_string}\"},\"query-input\":{\"@type\":\"PropertyValueSpecification\",\"valueRequired\":true,\"valueName\":\"search_term_string\"}}],\"inLanguage\":\"en-US\"},{\"@type\":\"Organization\",\"@id\":\"https:\\\/\\\/emababy.com\\\/#organization\",\"name\":\"EmaDesign Bt.\",\"url\":\"https:\\\/\\\/emababy.com\\\/\",\"logo\":{\"@type\":\"ImageObject\",\"inLanguage\":\"en-US\",\"@id\":\"https:\\\/\\\/emababy.com\\\/#\\\/schema\\\/logo\\\/image\\\/\",\"url\":\"https:\\\/\\\/emababy.com\\\/wp-content\\\/uploads\\\/2023\\\/03\\\/cropped-logo_light_small.png\",\"contentUrl\":\"https:\\\/\\\/emababy.com\\\/wp-content\\\/uploads\\\/2023\\\/03\\\/cropped-logo_light_small.png\",\"width\":607,\"height\":80,\"caption\":\"EmaDesign Bt.\"},\"image\":{\"@id\":\"https:\\\/\\\/emababy.com\\\/#\\\/schema\\\/logo\\\/image\\\/\"},\"sameAs\":[\"https:\\\/\\\/www.facebook.com\\\/emadesignbabycarriers\\\/\",\"https:\\\/\\\/www.instagram.com\\\/emadesignbabycarriers\\\/\",\"https:\\\/\\\/www.youtube.com\\\/@ema_design\"]}]}<\/script>\n<!-- \/ Yoast SEO plugin. -->","yoast_head_json":{"title":"SPLASH v\u00edzi rugalmas kend\u0151 - ema design","description":"Az ema design babahordoz\u00f3: a mei tai 5-6 kil\u00f3s testm\u00e9rett\u0151l ak\u00e1r h\u00e1rom\u00e9ves korig is haszn\u00e1lhat\u00f3. Minimalista, st\u00edlusos babahordoz\u00f3k.","robots":{"index":"index","follow":"follow","max-snippet":"max-snippet:-1","max-image-preview":"max-image-preview:large","max-video-preview":"max-video-preview:-1"},"canonical":"https:\/\/emababy.com\/en\/product\/splash-vizi-rugalmas-kendo\/","og_locale":"en_US","og_type":"article","og_title":"SPLASH v\u00edzi rugalmas kend\u0151 - ema design","og_description":"Az ema design babahordoz\u00f3: a mei tai 5-6 kil\u00f3s testm\u00e9rett\u0151l ak\u00e1r h\u00e1rom\u00e9ves korig is haszn\u00e1lhat\u00f3. Minimalista, st\u00edlusos babahordoz\u00f3k.","og_url":"https:\/\/emababy.com\/en\/product\/splash-vizi-rugalmas-kendo\/","og_site_name":"ema design","article_publisher":"https:\/\/www.facebook.com\/emadesignbabycarriers\/","article_modified_time":"2026-04-20T06:38:45+00:00","og_image":[{"url":"https:\/\/emababy.com\/wp-content\/uploads\/2025\/06\/photo-output_3-scaled.png","width":821,"height":1024,"type":"image\/png"}],"twitter_card":"summary_large_image","twitter_misc":{"Est. reading time":"1 minute"},"schema":{"@context":"https:\/\/schema.org","@graph":[{"@type":"WebPage","@id":"https:\/\/emababy.com\/product\/splash-vizi-rugalmas-kendo\/","url":"https:\/\/emababy.com\/product\/splash-vizi-rugalmas-kendo\/","name":"SPLASH v\u00edzi rugalmas kend\u0151 - ema design","isPartOf":{"@id":"https:\/\/emababy.com\/#website"},"primaryImageOfPage":{"@id":"https:\/\/emababy.com\/product\/splash-vizi-rugalmas-kendo\/#primaryimage"},"image":{"@id":"https:\/\/emababy.com\/product\/splash-vizi-rugalmas-kendo\/#primaryimage"},"thumbnailUrl":"https:\/\/emababy.com\/wp-content\/uploads\/2025\/06\/photo-output_3-scaled.png","datePublished":"2025-05-13T19:41:40+00:00","dateModified":"2026-04-20T06:38:45+00:00","description":"Az ema design babahordoz\u00f3: a mei tai 5-6 kil\u00f3s testm\u00e9rett\u0151l ak\u00e1r h\u00e1rom\u00e9ves korig is haszn\u00e1lhat\u00f3. Minimalista, st\u00edlusos babahordoz\u00f3k.","breadcrumb":{"@id":"https:\/\/emababy.com\/product\/splash-vizi-rugalmas-kendo\/#breadcrumb"},"inLanguage":"en-US","potentialAction":[{"@type":"ReadAction","target":["https:\/\/emababy.com\/product\/splash-vizi-rugalmas-kendo\/"]}]},{"@type":"ImageObject","inLanguage":"en-US","@id":"https:\/\/emababy.com\/product\/splash-vizi-rugalmas-kendo\/#primaryimage","url":"https:\/\/emababy.com\/wp-content\/uploads\/2025\/06\/photo-output_3-scaled.png","contentUrl":"https:\/\/emababy.com\/wp-content\/uploads\/2025\/06\/photo-output_3-scaled.png","width":2052,"height":2560,"caption":"splash v\u00edzi babahordoz\u00f3 kend\u0151"},{"@type":"BreadcrumbList","@id":"https:\/\/emababy.com\/product\/splash-vizi-rugalmas-kendo\/#breadcrumb","itemListElement":[{"@type":"ListItem","position":1,"name":"Home","item":"https:\/\/emababy.com\/"},{"@type":"ListItem","position":2,"name":"Bolt","item":"https:\/\/emababy.com\/ema-design-babahordozo\/"},{"@type":"ListItem","position":3,"name":"SPLASH v\u00edzi rugalmas kend\u0151"}]},{"@type":"WebSite","@id":"https:\/\/emababy.com\/#website","url":"https:\/\/emababy.com\/","name":"ema design","description":"Babahordoz\u00e1s st\u00edlusosan!","publisher":{"@id":"https:\/\/emababy.com\/#organization"},"alternateName":"emababy","potentialAction":[{"@type":"SearchAction","target":{"@type":"EntryPoint","urlTemplate":"https:\/\/emababy.com\/?s={search_term_string}"},"query-input":{"@type":"PropertyValueSpecification","valueRequired":true,"valueName":"search_term_string"}}],"inLanguage":"en-US"},{"@type":"Organization","@id":"https:\/\/emababy.com\/#organization","name":"EmaDesign Bt.","url":"https:\/\/emababy.com\/","logo":{"@type":"ImageObject","inLanguage":"en-US","@id":"https:\/\/emababy.com\/#\/schema\/logo\/image\/","url":"https:\/\/emababy.com\/wp-content\/uploads\/2023\/03\/cropped-logo_light_small.png","contentUrl":"https:\/\/emababy.com\/wp-content\/uploads\/2023\/03\/cropped-logo_light_small.png","width":607,"height":80,"caption":"EmaDesign Bt."},"image":{"@id":"https:\/\/emababy.com\/#\/schema\/logo\/image\/"},"sameAs":["https:\/\/www.facebook.com\/emadesignbabycarriers\/","https:\/\/www.instagram.com\/emadesignbabycarriers\/","https:\/\/www.youtube.com\/@ema_design"]}]}},"_links":{"self":[{"href":"https:\/\/emababy.com\/en\/wp-json\/wp\/v2\/product\/9967","targetHints":{"allow":["GET"]}}],"collection":[{"href":"https:\/\/emababy.com\/en\/wp-json\/wp\/v2\/product"}],"about":[{"href":"https:\/\/emababy.com\/en\/wp-json\/wp\/v2\/types\/product"}],"wp:featuredmedia":[{"embeddable":true,"href":"https:\/\/emababy.com\/en\/wp-json\/wp\/v2\/media\/10004"}],"wp:attachment":[{"href":"https:\/\/emababy.com\/en\/wp-json\/wp\/v2\/media?parent=9967"}],"wp:term":[{"taxonomy":"product_brand","embeddable":true,"href":"https:\/\/emababy.com\/en\/wp-json\/wp\/v2\/product_brand?post=9967"},{"taxonomy":"product_cat","embeddable":true,"href":"https:\/\/emababy.com\/en\/wp-json\/wp\/v2\/product_cat?post=9967"},{"taxonomy":"product_tag","embeddable":true,"href":"https:\/\/emababy.com\/en\/wp-json\/wp\/v2\/product_tag?post=9967"}],"curies":[{"name":"wp","href":"https:\/\/api.w.org\/{rel}","templated":true}]}}